{"id":1101,"date":"2022-04-14T14:51:52","date_gmt":"2022-04-14T14:51:52","guid":{"rendered":"https:\/\/cnree.ro\/?page_id=1101"},"modified":"2023-09-28T11:44:40","modified_gmt":"2023-09-28T11:44:40","slug":"initiativa-maiputinarisipa","status":"publish","type":"page","link":"https:\/\/cnree.ro\/en\/initiativa-maiputinarisipa\/","title":{"rendered":"Ini\u021biativa #MaiPu\u021bin\u0103Risip\u0103"},"content":{"rendered":"<div style=\"height:15px\" aria-hidden=\"true\" class=\"wp-block-spacer\"><\/div>\n\n\n\n<div style=\"height:45px\" aria-hidden=\"true\" class=\"wp-block-spacer\"><\/div>\n\n\n\n<figure class=\"wp-block-image aligncenter size-large\"><img fetchpriority=\"high\" decoding=\"async\" width=\"1024\" height=\"682\" src=\"https:\/\/cnree.ro\/wp-content\/uploads\/2022\/04\/pexels-gustavo-fring-3985071-1-1024x682.jpg\" alt=\"\" class=\"wp-image-1112\" srcset=\"https:\/\/cnree.ro\/wp-content\/uploads\/2022\/04\/pexels-gustavo-fring-3985071-1-1024x682.jpg 1024w, https:\/\/cnree.ro\/wp-content\/uploads\/2022\/04\/pexels-gustavo-fring-3985071-1-300x200.jpg 300w, https:\/\/cnree.ro\/wp-content\/uploads\/2022\/04\/pexels-gustavo-fring-3985071-1-768x512.jpg 768w, https:\/\/cnree.ro\/wp-content\/uploads\/2022\/04\/pexels-gustavo-fring-3985071-1-18x12.jpg 18w, https:\/\/cnree.ro\/wp-content\/uploads\/2022\/04\/pexels-gustavo-fring-3985071-1.jpg 1280w\" sizes=\"(max-width: 1024px) 100vw, 1024px\" \/><figcaption class=\"wp-element-caption\">Photo by <a href=\"https:\/\/www.pexels.com\/photo\/family-doing-grocery-shopping-3985062\/\">Gustavo Fring<\/a><\/figcaption><\/figure>\n\n\n\n<div style=\"height:45px\" aria-hidden=\"true\" class=\"wp-block-spacer\"><\/div>\n\n\n\n<h2 class=\"wp-block-heading has-text-align-center\"><strong>Ini\u021biativa #MaiPu\u021bin\u0103Risip\u0103<\/strong><\/h2>\n\n\n\n<div style=\"height:45px\" aria-hidden=\"true\" class=\"wp-block-spacer\"><\/div>\n\n\n\n<p class=\"has-text-align-center\">\u0218tia\u021bi c\u0103\u2026 <strong>#Alimentele<\/strong> sunt cauza a <strong>30% din toate emisiile de carbon<\/strong>?<\/p>\n\n\n\n<p class=\"has-text-align-center\">\u0218tim c\u0103 nu este mereu u\u0219or s\u0103 g\u0103se\u0219ti timp \u0219i energie s\u0103 prepari \u0219i s\u0103 consumi toate alimentele \u00eenainte s\u0103 se strice.<\/p>\n\n\n\n<p class=\"has-text-align-center\">Luna aceasta te provoc\u0103m <strong>s\u0103 limitezi risipa alimentar\u0103<\/strong>.<\/p>\n\n\n\n<div style=\"height:15px\" aria-hidden=\"true\" class=\"wp-block-spacer\"><\/div>\n\n\n\n<figure class=\"wp-block-image aligncenter size-large\"><img decoding=\"async\" width=\"1024\" height=\"576\" src=\"https:\/\/cnree.ro\/wp-content\/uploads\/2022\/04\/initiativa-mai-putina-risipa-1024x576.jpg\" alt=\"\" class=\"wp-image-1103\" srcset=\"https:\/\/cnree.ro\/wp-content\/uploads\/2022\/04\/initiativa-mai-putina-risipa-1024x576.jpg 1024w, https:\/\/cnree.ro\/wp-content\/uploads\/2022\/04\/initiativa-mai-putina-risipa-300x169.jpg 300w, https:\/\/cnree.ro\/wp-content\/uploads\/2022\/04\/initiativa-mai-putina-risipa-768x432.jpg 768w, https:\/\/cnree.ro\/wp-content\/uploads\/2022\/04\/initiativa-mai-putina-risipa-18x10.jpg 18w, https:\/\/cnree.ro\/wp-content\/uploads\/2022\/04\/initiativa-mai-putina-risipa.jpg 1280w\" sizes=\"(max-width: 1024px) 100vw, 1024px\" \/><\/figure>\n\n\n\n<div style=\"height:66px\" aria-hidden=\"true\" class=\"wp-block-spacer\"><\/div>\n\n\n\n<p class=\"has-text-align-center\">D\u0103 click mai jos \u0219i vei primi Ghidul #MaiPu\u021bin\u0103Risip\u0103, un ghid extensiv, \u00een care vei g\u0103si sfaturi, nout\u0103\u021bi \u0219i idei care te vor ajuta s\u0103 duci o via\u021b\u0103 sustenabil\u0103.<\/p>\n\n\n\n<div style=\"height:66px\" aria-hidden=\"true\" class=\"wp-block-spacer\"><\/div>\n\n\n\n<div class=\"wp-block-buttons has-custom-font-size is-content-justification-center is-layout-flex wp-container-core-buttons-is-layout-84cf7f1f wp-block-buttons-is-layout-flex\" style=\"margin-top:0;margin-bottom:0;font-size:20px;line-height:1.9\">\n<div class=\"wp-block-button\"><a class=\"wp-block-button__link wp-element-button\" href=\"https:\/\/cnree.ro\/wp-content\/uploads\/2023\/09\/presentare-risipa-alimente_organized-compressed-compressed-1.pdf\">Descarc\u0103 ghidul<\/a><\/div>\n<\/div>\n\n\n\n<div style=\"height:78px\" aria-hidden=\"true\" class=\"wp-block-spacer\"><\/div>\n\n\n\n<h2 class=\"wp-block-heading has-text-align-center\">Pentru cine este acest ghid?&nbsp;<\/h2>\n\n\n\n<p class=\"has-text-align-center\">\u2022Pentru consumatori <\/p>\n\n\n\n<p class=\"has-text-align-center\">\u2022Pentru produc\u0103tori <\/p>\n\n\n\n<p class=\"has-text-align-center\">\u2022Pentru industria de catering <\/p>\n\n\n\n<p class=\"has-text-align-center\">\u2022Pentru industria hospitalit\u0103\u021bii <\/p>\n\n\n\n<p class=\"has-text-align-center\">\u2022Pentru fiecare dintre noi<\/p>\n\n\n\n<div class=\"wp-block-columns is-layout-flex wp-container-core-columns-is-layout-28f84493 wp-block-columns-is-layout-flex\">\n<div class=\"wp-block-column is-layout-flow wp-block-column-is-layout-flow\">\n<div style=\"height:58px\" aria-hidden=\"true\" class=\"wp-block-spacer\"><\/div>\n<\/div>\n<\/div>\n\n\n\n<div class=\"wp-block-columns is-layout-flex wp-container-core-columns-is-layout-28f84493 wp-block-columns-is-layout-flex\">\n<div class=\"wp-block-column is-layout-flow wp-block-column-is-layout-flow\" style=\"flex-basis:33.33%\">\n<figure class=\"wp-block-image aligncenter size-full\"><img decoding=\"async\" width=\"150\" height=\"150\" src=\"https:\/\/cnree.ro\/wp-content\/uploads\/2021\/08\/sdg-ro-12.png\" alt=\"\" class=\"wp-image-1035\" srcset=\"https:\/\/cnree.ro\/wp-content\/uploads\/2021\/08\/sdg-ro-12.png 150w, https:\/\/cnree.ro\/wp-content\/uploads\/2021\/08\/sdg-ro-12-12x12.png 12w\" sizes=\"(max-width: 150px) 100vw, 150px\" \/><\/figure>\n<\/div>\n\n\n\n<div class=\"wp-block-column is-layout-flow wp-block-column-is-layout-flow\" style=\"flex-basis:66.66%\">\n<p>Ini\u021biativa #MaiPu\u021bin\u0103Risip\u0103 \u0219i scopul nostru de a reduce risipa alimentar\u0103 fac parte din Obiectivul European de Dezvoltare Durabil\u0103 12. Acest scop include at\u00e2t con\u0219tientizarea resurselor finite c\u00e2t \u0219i aplicarea m\u0103surilor sustenabile.<\/p>\n\n\n\n<p>Afl\u0103 mai multe despre <a href=\"https:\/\/cnree.ro\/en\/obiectivele-de-dezvoltare-durabila\/\">Obiectivele de Dezvoltare Durabil\u0103 aici.<\/a><\/p>\n<\/div>\n<\/div>\n\n\n\n<div style=\"height:40px\" aria-hidden=\"true\" class=\"wp-block-spacer\"><\/div>\n\n\n\n<figure class=\"wp-block-image aligncenter size-large\"><img loading=\"lazy\" decoding=\"async\" width=\"1024\" height=\"683\" src=\"https:\/\/cnree.ro\/wp-content\/uploads\/2023\/03\/anna-pelzer-IGfIGP5ONV0-unsplash-1024x683.jpg\" alt=\"\" class=\"wp-image-1427\" srcset=\"https:\/\/cnree.ro\/wp-content\/uploads\/2023\/03\/anna-pelzer-IGfIGP5ONV0-unsplash-1024x683.jpg 1024w, https:\/\/cnree.ro\/wp-content\/uploads\/2023\/03\/anna-pelzer-IGfIGP5ONV0-unsplash-300x200.jpg 300w, https:\/\/cnree.ro\/wp-content\/uploads\/2023\/03\/anna-pelzer-IGfIGP5ONV0-unsplash-768x512.jpg 768w, https:\/\/cnree.ro\/wp-content\/uploads\/2023\/03\/anna-pelzer-IGfIGP5ONV0-unsplash-1536x1024.jpg 1536w, https:\/\/cnree.ro\/wp-content\/uploads\/2023\/03\/anna-pelzer-IGfIGP5ONV0-unsplash-18x12.jpg 18w, https:\/\/cnree.ro\/wp-content\/uploads\/2023\/03\/anna-pelzer-IGfIGP5ONV0-unsplash.jpg 1920w\" sizes=\"(max-width: 1024px) 100vw, 1024px\" \/><figcaption class=\"wp-element-caption\">Photo by <a href=\"https:\/\/unsplash.com\/es\/@annapelzer?utm_source=unsplash&amp;utm_medium=referral&amp;utm_content=creditCopyText\">Anna Pelzer<\/a> on <a href=\"https:\/\/unsplash.com\/photos\/IGfIGP5ONV0?utm_source=unsplash&amp;utm_medium=referral&amp;utm_content=creditCopyText\">Unsplash<\/a><\/figcaption><\/figure>","protected":false},"excerpt":{"rendered":"<p>Ini\u021biativa #MaiPu\u021bin\u0103Risip\u0103 \u0218tia\u021bi c\u0103\u2026 #Alimentele sunt cauza a 30% din toate emisiile de carbon? \u0218tim c\u0103 nu este mereu u\u0219or s\u0103 g\u0103se\u0219ti timp \u0219i energie s\u0103 prepari \u0219i s\u0103 consumi toate alimentele \u00eenainte s\u0103 se strice. Luna aceasta te provoc\u0103m s\u0103 limitezi risipa alimentar\u0103. D\u0103 click mai jos \u0219i vei primi Ghidul #MaiPu\u021bin\u0103Risip\u0103, un ghid [&hellip;]<\/p>","protected":false},"author":1,"featured_media":0,"parent":0,"menu_order":0,"comment_status":"closed","ping_status":"closed","template":"","meta":{"_uag_custom_page_level_css":"","site-sidebar-layout":"no-sidebar","site-content-layout":"plain-container","ast-site-content-layout":"normal-width-container","site-content-style":"unboxed","site-sidebar-style":"unboxed","ast-global-header-display":"","ast-banner-title-visibility":"","ast-main-header-display":"","ast-hfb-above-header-display":"","ast-hfb-below-header-display":"","ast-hfb-mobile-header-display":"","site-post-title":"disabled","ast-breadcrumbs-content":"","ast-featured-img":"","footer-sml-layout":"","theme-transparent-header-meta":"default","adv-header-id-meta":"","stick-header-meta":"","header-above-stick-meta":"","header-main-stick-meta":"","header-below-stick-meta":"","astra-migrate-meta-layouts":"set","ast-page-background-enabled":"default","ast-page-background-meta":{"desktop":{"background-color":"","background-image":"","background-repeat":"repeat","background-position":"center center","background-size":"auto","background-attachment":"scroll","background-type":"","background-media":"","overlay-type":"","overlay-color":"","overlay-opacity":"","overlay-gradient":""},"tablet":{"background-color":"","background-image":"","background-repeat":"repeat","background-position":"center center","background-size":"auto","background-attachment":"scroll","background-type":"","background-media":"","overlay-type":"","overlay-color":"","overlay-opacity":"","overlay-gradient":""},"mobile":{"background-color":"","background-image":"","background-repeat":"repeat","background-position":"center center","background-size":"auto","background-attachment":"scroll","background-type":"","background-media":"","overlay-type":"","overlay-color":"","overlay-opacity":"","overlay-gradient":""}},"ast-content-background-meta":{"desktop":{"background-color":"var(--ast-global-color-5)","background-image":"","background-repeat":"repeat","background-position":"center center","background-size":"auto","background-attachment":"scroll","background-type":"","background-media":"","overlay-type":"","overlay-color":"","overlay-opacity":"","overlay-gradient":""},"tablet":{"background-color":"var(--ast-global-color-5)","background-image":"","background-repeat":"repeat","background-position":"center center","background-size":"auto","background-attachment":"scroll","background-type":"","background-media":"","overlay-type":"","overlay-color":"","overlay-opacity":"","overlay-gradient":""},"mobile":{"background-color":"var(--ast-global-color-5)","background-image":"","background-repeat":"repeat","background-position":"center center","background-size":"auto","background-attachment":"scroll","background-type":"","background-media":"","overlay-type":"","overlay-color":"","overlay-opacity":"","overlay-gradient":""}},"footnotes":""},"class_list":["post-1101","page","type-page","status-publish","hentry"],"uagb_featured_image_src":{"full":false,"thumbnail":false,"medium":false,"medium_large":false,"large":false,"1536x1536":false,"2048x2048":false,"trp-custom-language-flag":false},"uagb_author_info":{"display_name":"admin","author_link":"https:\/\/cnree.ro\/en\/author\/admin\/"},"uagb_comment_info":0,"uagb_excerpt":"Ini\u021biativa #MaiPu\u021bin\u0103Risip\u0103 \u0218tia\u021bi c\u0103\u2026 #Alimentele sunt cauza a 30% din toate emisiile de carbon? \u0218tim c\u0103 nu este mereu u\u0219or s\u0103 g\u0103se\u0219ti timp \u0219i energie s\u0103 prepari \u0219i s\u0103 consumi toate alimentele \u00eenainte s\u0103 se strice. Luna aceasta te provoc\u0103m s\u0103 limitezi risipa alimentar\u0103. D\u0103 click mai jos \u0219i vei primi Ghidul #MaiPu\u021bin\u0103Risip\u0103, un ghid&hellip;","_links":{"self":[{"href":"https:\/\/cnree.ro\/en\/wp-json\/wp\/v2\/pages\/1101","targetHints":{"allow":["GET"]}}],"collection":[{"href":"https:\/\/cnree.ro\/en\/wp-json\/wp\/v2\/pages"}],"about":[{"href":"https:\/\/cnree.ro\/en\/wp-json\/wp\/v2\/types\/page"}],"author":[{"embeddable":true,"href":"https:\/\/cnree.ro\/en\/wp-json\/wp\/v2\/users\/1"}],"replies":[{"embeddable":true,"href":"https:\/\/cnree.ro\/en\/wp-json\/wp\/v2\/comments?post=1101"}],"version-history":[{"count":16,"href":"https:\/\/cnree.ro\/en\/wp-json\/wp\/v2\/pages\/1101\/revisions"}],"predecessor-version":[{"id":1563,"href":"https:\/\/cnree.ro\/en\/wp-json\/wp\/v2\/pages\/1101\/revisions\/1563"}],"wp:attachment":[{"href":"https:\/\/cnree.ro\/en\/wp-json\/wp\/v2\/media?parent=1101"}],"curies":[{"name":"wp","href":"https:\/\/api.w.org\/{rel}","templated":true}]}}