{"id":1184,"date":"2022-07-04T10:54:59","date_gmt":"2022-07-04T10:54:59","guid":{"rendered":"https:\/\/cnree.ro\/?page_id=1184"},"modified":"2025-12-18T21:23:55","modified_gmt":"2025-12-18T21:23:55","slug":"solicita-recipient-colectare-deee","status":"publish","type":"page","link":"https:\/\/cnree.ro\/en\/solicita-recipient-colectare-deee\/","title":{"rendered":"Request for WEEE collection containers"},"content":{"rendered":"<div style=\"height:100px\" aria-hidden=\"true\" class=\"wp-block-spacer\"><\/div>\n\n\n\n<h2 class=\"wp-block-heading has-text-align-center\">Request for WEEE collection containers<\/h2>\n\n\n\n<p>\u00ce\u021bi punem la dispozi\u021bie recipiente de colectare DEEE, in 4 m\u0103rimi diferite, \u00een func\u021bie de nevoile tale! Te invit\u0103m s\u0103 comanzi un recipient complet\u00e2nd formularul de mai jos. \u00cempreun\u0103 ne lu\u0103m responsabilitatea de a crea o societate responsabil\u0103!<\/p>\n\n\n\n<p>Recipientul de colectare veralit este personalizabil pentru comenzile mai mari de 5 buc\u0103\u021bi.<\/p>\n\n\n\n<div class=\"wp-block-columns has-border-color has-ast-global-color-4-border-color has-background is-layout-flex wp-container-core-columns-is-layout-aaaa4fb5 wp-block-columns-is-layout-flex\" style=\"border-style:solid;border-width:10px;background:linear-gradient(135deg,rgb(255,245,203) 0%,rgb(182,227,212) 50%,rgb(28,189,136) 100%);padding-top:10px;padding-right:10px;padding-bottom:10px;padding-left:10px\">\n<div class=\"wp-block-column is-layout-flow wp-block-column-is-layout-flow\">\n<figure class=\"wp-block-gallery has-nested-images columns-default is-cropped wp-block-gallery-1 is-layout-flex wp-block-gallery-is-layout-flex\">\n<figure class=\"wp-block-image size-large is-style-rounded\"><img fetchpriority=\"high\" decoding=\"async\" width=\"1024\" height=\"1024\" data-id=\"1523\" src=\"https:\/\/cnree.ro\/wp-content\/uploads\/2023\/09\/container-1-1024x1024.jpg\" alt=\"\" class=\"wp-image-1523\" srcset=\"https:\/\/cnree.ro\/wp-content\/uploads\/2023\/09\/container-1-1024x1024.jpg 1024w, https:\/\/cnree.ro\/wp-content\/uploads\/2023\/09\/container-1-300x300.jpg 300w, https:\/\/cnree.ro\/wp-content\/uploads\/2023\/09\/container-1-150x150.jpg 150w, https:\/\/cnree.ro\/wp-content\/uploads\/2023\/09\/container-1-768x768.jpg 768w, https:\/\/cnree.ro\/wp-content\/uploads\/2023\/09\/container-1.jpg 1200w\" sizes=\"(max-width: 1024px) 100vw, 1024px\" \/><figcaption class=\"wp-element-caption\"><strong>Recipient colectare veralit<br>(90&#215;25 cm)<\/strong><\/figcaption><\/figure>\n<\/figure>\n<\/div>\n\n\n\n<div class=\"wp-block-column is-layout-flow wp-block-column-is-layout-flow\">\n<figure class=\"wp-block-gallery has-nested-images columns-default is-cropped wp-block-gallery-2 is-layout-flex wp-block-gallery-is-layout-flex\">\n<figure class=\"wp-block-image size-large is-style-rounded\"><img decoding=\"async\" width=\"1024\" height=\"1024\" data-id=\"1232\" src=\"https:\/\/cnree.ro\/wp-content\/uploads\/2022\/08\/container-2-1024x1024.jpg\" alt=\"\" class=\"wp-image-1232\" srcset=\"https:\/\/cnree.ro\/wp-content\/uploads\/2022\/08\/container-2-1024x1024.jpg 1024w, https:\/\/cnree.ro\/wp-content\/uploads\/2022\/08\/container-2-300x300.jpg 300w, https:\/\/cnree.ro\/wp-content\/uploads\/2022\/08\/container-2-150x150.jpg 150w, https:\/\/cnree.ro\/wp-content\/uploads\/2022\/08\/container-2-768x768.jpg 768w, https:\/\/cnree.ro\/wp-content\/uploads\/2022\/08\/container-2-12x12.jpg 12w, https:\/\/cnree.ro\/wp-content\/uploads\/2022\/08\/container-2.jpg 1200w\" sizes=\"(max-width: 1024px) 100vw, 1024px\" \/><figcaption class=\"wp-element-caption\"><strong>HDPE collection container<br>(101x50x55 cm\/ 120l volum)<\/strong><\/figcaption><\/figure>\n<\/figure>\n<\/div>\n<\/div>\n\n\n\n<div class=\"wp-block-columns has-border-color has-ast-global-color-4-border-color has-background is-layout-flex wp-container-core-columns-is-layout-aaaa4fb5 wp-block-columns-is-layout-flex\" style=\"border-style:solid;border-width:10px;background:linear-gradient(135deg,rgb(255,245,203) 0%,rgb(182,227,212) 50%,rgb(28,189,136) 100%);padding-top:10px;padding-right:10px;padding-bottom:10px;padding-left:10px\">\n<div class=\"wp-block-column is-layout-flow wp-block-column-is-layout-flow\">\n<figure class=\"wp-block-gallery has-nested-images columns-default is-cropped wp-block-gallery-3 is-layout-flex wp-block-gallery-is-layout-flex\">\n<figure class=\"wp-block-image size-large is-style-rounded\"><img decoding=\"async\" width=\"1024\" height=\"1024\" data-id=\"1640\" src=\"https:\/\/cnree.ro\/wp-content\/uploads\/2024\/04\/container-mare-metalic-verde-1024x1024.jpg\" alt=\"\" class=\"wp-image-1640\" srcset=\"https:\/\/cnree.ro\/wp-content\/uploads\/2024\/04\/container-mare-metalic-verde-1024x1024.jpg 1024w, https:\/\/cnree.ro\/wp-content\/uploads\/2024\/04\/container-mare-metalic-verde-300x300.jpg 300w, https:\/\/cnree.ro\/wp-content\/uploads\/2024\/04\/container-mare-metalic-verde-150x150.jpg 150w, https:\/\/cnree.ro\/wp-content\/uploads\/2024\/04\/container-mare-metalic-verde-768x768.jpg 768w, https:\/\/cnree.ro\/wp-content\/uploads\/2024\/04\/container-mare-metalic-verde-1536x1536.jpg 1536w, https:\/\/cnree.ro\/wp-content\/uploads\/2024\/04\/container-mare-metalic-verde-12x12.jpg 12w, https:\/\/cnree.ro\/wp-content\/uploads\/2024\/04\/container-mare-metalic-verde.jpg 2048w\" sizes=\"(max-width: 1024px) 100vw, 1024px\" \/><figcaption class=\"wp-element-caption\"><strong>Recipient colectare metalic verde<br><\/strong><\/figcaption><\/figure>\n<\/figure>\n<\/div>\n\n\n\n<div class=\"wp-block-column is-layout-flow wp-block-column-is-layout-flow\">\n<figure class=\"wp-block-gallery has-nested-images columns-default is-cropped wp-block-gallery-4 is-layout-flex wp-block-gallery-is-layout-flex\">\n<figure class=\"wp-block-image size-full is-style-rounded\"><img loading=\"lazy\" decoding=\"async\" width=\"800\" height=\"800\" data-id=\"1243\" src=\"https:\/\/cnree.ro\/wp-content\/uploads\/2022\/08\/container-mare-metalic.jpg\" alt=\"\" class=\"wp-image-1243\" srcset=\"https:\/\/cnree.ro\/wp-content\/uploads\/2022\/08\/container-mare-metalic.jpg 800w, https:\/\/cnree.ro\/wp-content\/uploads\/2022\/08\/container-mare-metalic-300x300.jpg 300w, https:\/\/cnree.ro\/wp-content\/uploads\/2022\/08\/container-mare-metalic-150x150.jpg 150w, https:\/\/cnree.ro\/wp-content\/uploads\/2022\/08\/container-mare-metalic-768x768.jpg 768w, https:\/\/cnree.ro\/wp-content\/uploads\/2022\/08\/container-mare-metalic-12x12.jpg 12w\" sizes=\"(max-width: 800px) 100vw, 800px\" \/><figcaption class=\"wp-element-caption\"><strong>Metal collection container<br>(110x112x110 cm\/ 1350kg capacitate)<\/strong><\/figcaption><\/figure>\n<\/figure>\n<\/div>\n<\/div>\n\n\n\n<h2 class=\"wp-block-heading has-text-align-center has-black-color has-text-color\">Order containers for WEEE collection<\/h2>\n\n\n<div class='fluentform ff-default fluentform_wrapper_6 ffs_default_wrap'><form data-form_id=\"6\" id=\"fluentform_6\" class=\"frm-fluent-form fluent_form_6 ff-el-form-top ff_form_instance_6_1 ff-form-loading ffs_default\" data-form_instance=\"ff_form_instance_6_1\" method=\"POST\" action=\"\" ><fieldset  style=\"border: none!important;margin: 0!important;padding: 0!important;background-color: transparent!important;box-shadow: none!important;outline: none!important; min-inline-size: 100%;\">\n                    <legend class=\"ff_screen_reader_title\" style=\"display: block; margin: 0!important;padding: 0!important;height: 0!important;text-indent: -999999px;width: 0!important;overflow:hidden;\">Solicitare recipiente colectare DEEE<\/legend><input type='hidden' name='__fluent_form_embded_post_id' value='1184' \/><input type=\"hidden\" id=\"_fluentform_6_fluentformnonce\" name=\"_fluentform_6_fluentformnonce\" value=\"760c962f9c\" \/><input type=\"hidden\" name=\"_wp_http_referer\" value=\"\/en\/wp-json\/wp\/v2\/pages\/1184\" \/><div class='ff-el-group'><div class=\"ff-el-input--label ff-el-is-required asterisk-right\"><label for='ff_6_text_2' id='label_ff_6_text_2' aria-label=\"Company\">Company<\/label><\/div><div class='ff-el-input--content'><input type=\"text\" name=\"text_2\" class=\"ff-el-form-control\" id=\"ff_6_text_2\" data-name=\"text_2\"  aria-invalid=\"false\" aria-required=\"true\"><\/div><\/div><div class='ff-el-group'><div class=\"ff-el-input--label asterisk-right\"><label for='ff_6_text_1' id='label_ff_6_text_1' aria-label=\"Adress\">Adress<\/label><\/div><div class='ff-el-input--content'><input type=\"text\" name=\"text_1\" class=\"ff-el-form-control\" id=\"ff_6_text_1\" data-name=\"text_1\"  aria-invalid=\"false\" aria-required=\"false\"><\/div><\/div><div class='ff-el-group'><div class=\"ff-el-input--label asterisk-right\"><label for='ff_6_text_3' id='label_ff_6_text_3' aria-label=\"City\">City<\/label><\/div><div class='ff-el-input--content'><input type=\"text\" name=\"text_3\" class=\"ff-el-form-control\" id=\"ff_6_text_3\" data-name=\"text_3\"  aria-invalid=\"false\" aria-required=\"false\"><\/div><\/div><div class='ff-el-group'><div class=\"ff-el-input--label asterisk-right\"><label for='ff_6_text_4' id='label_ff_6_text_4' aria-label=\"Phone\">Phone<\/label><\/div><div class='ff-el-input--content'><input type=\"text\" name=\"text_4\" class=\"ff-el-form-control\" id=\"ff_6_text_4\" data-name=\"text_4\"  aria-invalid=\"false\" aria-required=\"false\"><\/div><\/div><div class='ff-el-group'><div class=\"ff-el-input--label ff-el-is-required asterisk-right\"><label for='ff_6_text_5' id='label_ff_6_text_5' aria-label=\"Email\">Email<\/label><\/div><div class='ff-el-input--content'><input type=\"text\" name=\"text_5\" class=\"ff-el-form-control\" id=\"ff_6_text_5\" data-name=\"text_5\"  aria-invalid=\"false\" aria-required=\"true\"><\/div><\/div><div class='ff-el-group'><div class=\"ff-el-input--label asterisk-right\"><label for='' id='label_' aria-label=\"Choose the container\">Choose the container<\/label><\/div><div class='ff-el-input--content'><div class='ff-el-form-check'><label class='ff-el-form-check-label' for='checkbox_7_50bc87920f3d950b631484cacfbbd8e4'><input  name=\"checkbox_7[]\" class=\"ff-el-form-check-input ff-el-form-check-checkbox\" type=\"checkbox\" data-name=\"checkbox_7\" value=\"Recipient metalic mare verde\"  id='checkbox_7_50bc87920f3d950b631484cacfbbd8e4' aria-label='Recipient metalic mare verde' aria-invalid='false' aria-required=\"false\"> <span>Recipient metalic mare verde<\/span><\/label><\/div><div class='ff-el-form-check'><label class='ff-el-form-check-label' for='checkbox_7_a6519304c1f7a0b2be95ba631bfac48c'><input  name=\"checkbox_7[]\" class=\"ff-el-form-check-input ff-el-form-check-checkbox\" type=\"checkbox\" data-name=\"checkbox_7\" value=\"Recipient metalic mare\"  id='checkbox_7_a6519304c1f7a0b2be95ba631bfac48c' aria-label='Large metal container' aria-invalid='false' aria-required=\"false\"> <span>Large metal container<\/span><\/label><\/div><div class='ff-el-form-check'><label class='ff-el-form-check-label' for='checkbox_7_93102fea542a0a67af31d5ca2cf71555'><input  name=\"checkbox_7[]\" class=\"ff-el-form-check-input ff-el-form-check-checkbox\" type=\"checkbox\" data-name=\"checkbox_7\" value=\"Recipient veralit\"  id='checkbox_7_93102fea542a0a67af31d5ca2cf71555' aria-label='Recipient veralit' aria-invalid='false' aria-required=\"false\"> <span>Recipient veralit<\/span><\/label><\/div><div class='ff-el-form-check'><label class='ff-el-form-check-label' for='checkbox_7_c23248fd9496dd7d3f7267ef20bdcf53'><input  name=\"checkbox_7[]\" class=\"ff-el-form-check-input ff-el-form-check-checkbox\" type=\"checkbox\" data-name=\"checkbox_7\" value=\"Recipient HDPE\"  id='checkbox_7_c23248fd9496dd7d3f7267ef20bdcf53' aria-label='HDPE container' aria-invalid='false' aria-required=\"false\"> <span>HDPE container<\/span><\/label><\/div><\/div><\/div><div class='ff-el-group'><div class=\"ff-el-input--label ff-el-is-required asterisk-right\"><label for='ff_6_textarea_6' id='label_ff_6_textarea_6' aria-label=\"Message\">Message<\/label><\/div><div class='ff-el-input--content'><textarea aria-required=\"true\" aria-labelledby=\"label_ff_6_textarea_6\" name=\"textarea_6\" class=\"ff-el-form-control\" id=\"ff_6_textarea_6\" cols=\"2\" data-name=\"textarea_6\" ><\/textarea><\/div><\/div><div class='ff-el-group' ><div class='ff-el-input--content'><div data-fluent_id='6' name='g-recaptcha-response'><div\n\t\tdata-sitekey='6LcaYUosAAAAAM5wM7xu22hjjoBghL5P5Y_TZZdh'\n\t\tid='fluentform-recaptcha-6-1'\n\t\tclass='ff-el-recaptcha g-recaptcha'\n\t\tdata-callback='fluentFormrecaptchaSuccessCallback'><\/div><\/div><\/div><\/div><div class='ff-el-group ff-text-left ff_submit_btn_wrapper'><button type=\"submit\" class=\"ff-btn ff-btn-submit ff-btn-md ff_btn_style\"  aria-label=\"Requests WEEE collection containers\">Requests WEEE collection containers<\/button><\/div><\/fieldset><input type=\"hidden\" name=\"trp-form-language\" value=\"en\"\/><\/form><div id='fluentform_6_errors' class='ff-errors-in-stack ff_form_instance_6_1 ff-form-loading_errors ff_form_instance_6_1_errors'><\/div><\/div>            <script type=\"text\/javascript\">\n                window.fluent_form_ff_form_instance_6_1 = {\"id\":\"6\",\"settings\":{\"layout\":{\"labelPlacement\":\"top\",\"asteriskPlacement\":\"asterisk-right\",\"helpMessagePlacement\":\"with_label\",\"errorMessagePlacement\":\"inline\",\"cssClassName\":\"\"},\"restrictions\":{\"denyEmptySubmission\":{\"enabled\":false}}},\"form_instance\":\"ff_form_instance_6_1\",\"form_id_selector\":\"fluentform_6\",\"rules\":{\"text_2\":{\"required\":{\"value\":true,\"message\":\"This field is required\",\"global\":false,\"global_message\":\"This field is required\"}},\"text_1\":{\"required\":{\"value\":false,\"message\":\"This field is required\",\"global\":false,\"global_message\":\"This field is required\"}},\"text_3\":{\"required\":{\"value\":false,\"message\":\"This field is required\",\"global\":false,\"global_message\":\"This field is required\"}},\"text_4\":{\"required\":{\"value\":false,\"message\":\"This field is required\",\"global\":false,\"global_message\":\"This field is required\"}},\"text_5\":{\"required\":{\"value\":true,\"message\":\"This field is required\",\"global\":false,\"global_message\":\"This field is required\"}},\"checkbox_7\":{\"required\":{\"value\":false,\"message\":\"This field is required\",\"global\":false,\"global_message\":\"This field is required\"}},\"textarea_6\":{\"required\":{\"value\":true,\"message\":\"This field is required\",\"global\":false,\"global_message\":\"This field is required\"}},\"g-recaptcha-response\":[]},\"debounce_time\":300};\n                            <\/script>\n            \n\n\n\n<div style=\"height:100px\" aria-hidden=\"true\" class=\"wp-block-spacer\"><\/div>\n\n\n\n<p><\/p>","protected":false},"excerpt":{"rendered":"<p>Solicitare recipiente de colectare DEEE \u00ce\u021bi punem la dispozi\u021bie recipiente de colectare DEEE, in 4 m\u0103rimi diferite, \u00een func\u021bie de nevoile tale! Te invit\u0103m s\u0103 comanzi un recipient complet\u00e2nd formularul de mai jos. \u00cempreun\u0103 ne lu\u0103m responsabilitatea de a crea o societate responsabil\u0103! Recipientul de colectare veralit este personalizabil pentru comenzile mai mari de 5 [&hellip;]<\/p>","protected":false},"author":1,"featured_media":0,"parent":0,"menu_order":0,"comment_status":"closed","ping_status":"closed","template":"","meta":{"_uag_custom_page_level_css":"","site-sidebar-layout":"no-sidebar","site-content-layout":"plain-container","ast-site-content-layout":"normal-width-container","site-content-style":"unboxed","site-sidebar-style":"unboxed","ast-global-header-display":"","ast-banner-title-visibility":"","ast-main-header-display":"","ast-hfb-above-header-display":"","ast-hfb-below-header-display":"","ast-hfb-mobile-header-display":"","site-post-title":"disabled","ast-breadcrumbs-content":"","ast-featured-img":"","footer-sml-layout":"","theme-transparent-header-meta":"default","adv-header-id-meta":"","stick-header-meta":"","header-above-stick-meta":"","header-main-stick-meta":"","header-below-stick-meta":"","astra-migrate-meta-layouts":"set","ast-page-background-enabled":"default","ast-page-background-meta":{"desktop":{"background-color":"","background-image":"","background-repeat":"repeat","background-position":"center center","background-size":"auto","background-attachment":"scroll","background-type":"","background-media":"","overlay-type":"","overlay-color":"","overlay-opacity":"","overlay-gradient":""},"tablet":{"background-color":"","background-image":"","background-repeat":"repeat","background-position":"center center","background-size":"auto","background-attachment":"scroll","background-type":"","background-media":"","overlay-type":"","overlay-color":"","overlay-opacity":"","overlay-gradient":""},"mobile":{"background-color":"","background-image":"","background-repeat":"repeat","background-position":"center center","background-size":"auto","background-attachment":"scroll","background-type":"","background-media":"","overlay-type":"","overlay-color":"","overlay-opacity":"","overlay-gradient":""}},"ast-content-background-meta":{"desktop":{"background-color":"var(--ast-global-color-5)","background-image":"","background-repeat":"repeat","background-position":"center center","background-size":"auto","background-attachment":"scroll","background-type":"","background-media":"","overlay-type":"","overlay-color":"","overlay-opacity":"","overlay-gradient":""},"tablet":{"background-color":"var(--ast-global-color-5)","background-image":"","background-repeat":"repeat","background-position":"center center","background-size":"auto","background-attachment":"scroll","background-type":"","background-media":"","overlay-type":"","overlay-color":"","overlay-opacity":"","overlay-gradient":""},"mobile":{"background-color":"var(--ast-global-color-5)","background-image":"","background-repeat":"repeat","background-position":"center center","background-size":"auto","background-attachment":"scroll","background-type":"","background-media":"","overlay-type":"","overlay-color":"","overlay-opacity":"","overlay-gradient":""}},"footnotes":""},"class_list":["post-1184","page","type-page","status-publish","hentry"],"uagb_featured_image_src":{"full":false,"thumbnail":false,"medium":false,"medium_large":false,"large":false,"1536x1536":false,"2048x2048":false,"trp-custom-language-flag":false},"uagb_author_info":{"display_name":"admin","author_link":"https:\/\/cnree.ro\/en\/author\/admin\/"},"uagb_comment_info":0,"uagb_excerpt":"Solicitare recipiente de colectare DEEE \u00ce\u021bi punem la dispozi\u021bie recipiente de colectare DEEE, in 4 m\u0103rimi diferite, \u00een func\u021bie de nevoile tale! Te invit\u0103m s\u0103 comanzi un recipient complet\u00e2nd formularul de mai jos. \u00cempreun\u0103 ne lu\u0103m responsabilitatea de a crea o societate responsabil\u0103! Recipientul de colectare veralit este personalizabil pentru comenzile mai mari de 5&hellip;","_links":{"self":[{"href":"https:\/\/cnree.ro\/en\/wp-json\/wp\/v2\/pages\/1184","targetHints":{"allow":["GET"]}}],"collection":[{"href":"https:\/\/cnree.ro\/en\/wp-json\/wp\/v2\/pages"}],"about":[{"href":"https:\/\/cnree.ro\/en\/wp-json\/wp\/v2\/types\/page"}],"author":[{"embeddable":true,"href":"https:\/\/cnree.ro\/en\/wp-json\/wp\/v2\/users\/1"}],"replies":[{"embeddable":true,"href":"https:\/\/cnree.ro\/en\/wp-json\/wp\/v2\/comments?post=1184"}],"version-history":[{"count":16,"href":"https:\/\/cnree.ro\/en\/wp-json\/wp\/v2\/pages\/1184\/revisions"}],"predecessor-version":[{"id":2017,"href":"https:\/\/cnree.ro\/en\/wp-json\/wp\/v2\/pages\/1184\/revisions\/2017"}],"wp:attachment":[{"href":"https:\/\/cnree.ro\/en\/wp-json\/wp\/v2\/media?parent=1184"}],"curies":[{"name":"wp","href":"https:\/\/api.w.org\/{rel}","templated":true}]}}