{"id":1486,"date":"2023-08-10T11:57:31","date_gmt":"2023-08-10T11:57:31","guid":{"rendered":"https:\/\/cnree.ro\/?page_id=1486"},"modified":"2023-08-10T11:57:32","modified_gmt":"2023-08-10T11:57:32","slug":"recicladim-viitorul","status":"publish","type":"page","link":"https:\/\/cnree.ro\/en\/recicladim-viitorul\/","title":{"rendered":"Recicl\u0103dim Viitorul"},"content":{"rendered":"<h1 class=\"wp-block-heading has-text-align-center\">Recicl\u0103dim Viitorul<\/h1>\n\n\n\n<h2 class=\"wp-block-heading\"><strong>RECIcl\u0103dim viitorul &#8211; Educa\u021bie ecologic\u0103 \u00een \u0219coli cu Nicolae al Rom\u00e2niei<\/strong>\u00a0<\/h2>\n\n\n\n<p>Centrul Na\u021bional de Reciclare Electrice \u0219i Electronice, \u00eempreun\u0103 cu Asocia\u021bia Principele Nicolae au dat ast\u0103zi startul la liceul Nicolae Iorga din Bucure\u0219ti campaniei na\u021bionale de educa\u021bie ecologic\u0103 \u00een \u0219coli, \u201c<strong>RECIcl\u0103dim viitorul<\/strong>\u201d.&nbsp;<\/p>\n\n\n\n<p>Proiectul, care va avea loc pe durata unui an, vizeaz\u0103 desf\u0103\u0219urarea de lec\u021bii deschise, educative, cu tematica recicl\u0103rii, reutiliz\u0103rii \u0219i protej\u0103rii mediului \u00eenconjur\u0103tor, cu accent pe implicarea \u0219i participarea elevilor prin exemplul propriu. Beneficiind de implicarea Principelui Nicolae, reprezentan\u021bii Asocia\u021biei Centrul Na\u021bional de Reciclare Electrice \u0219i Electronice, vor organiza prezent\u0103ri, concursuri, sesiuni de dialog cu elevii, prin care vor sprijini dezvoltarea unei abord\u0103ri eco-responsabile \u00een \u0219coli \u0219i promovarea unei mentalit\u0103\u021bi ecologice \u00een r\u00e2ndul elevilor \u0219i cadrelor didactice. Ace\u0219tia vor fi informa\u021bi despre modalit\u0103\u021bi corecte prin care pot recicla, modalit\u0103\u021bile de reutilizare \u0219i reparare a produselor electrice \u0219i electronice uzate, tehnicile prin care pot diminua poluarea sau cum pot lua parte la ac\u021biuni de \u00eemp\u0103durire.&nbsp;&nbsp;<\/p>\n\n\n\n<p>The aim of the project is to emphasize the role of the school in environmental education, because children and young people spend a large part of their time here and because it is the place where knowledge is transmitted that aims to develop the positive attitude of students towards environmental subjects surrounding.&nbsp;<\/p>\n\n\n\n<p>Organizatorii sunt dornici ca tot mai mul\u021bi elevi \u0219i tineri s\u0103 beneficieze de proiectul \u201c<strong>RECIcl\u0103dim viitorul<\/strong>\u201d, iar \u0219colile interesate de \u00eenscrierea \u00een campania na\u021bional\u0103 sunt invitate s\u0103 se \u00eenscrie pe platforma <a href=\"https:\/\/cnree.ro\/en\/\" target=\"_blank\" rel=\"noreferrer noopener\">www.cnree.ro<\/a>, sec\u021biunea <a href=\"https:\/\/cnree.ro\/en\/contact\/\">Contact<\/a>.\u00a0\u00a0<\/p>\n\n\n\n<p><\/p>\n\n\n\n<figure class=\"wp-block-gallery has-nested-images columns-default is-cropped wp-block-gallery-1 is-layout-flex wp-block-gallery-is-layout-flex\">\n<figure class=\"wp-block-image size-large\"><img fetchpriority=\"high\" decoding=\"async\" width=\"1024\" height=\"768\" data-id=\"1287\" src=\"https:\/\/cnree.ro\/wp-content\/uploads\/2022\/11\/comunicat-de-presa-cnree-1024x768.jpg\" alt=\"\" class=\"wp-image-1287\" srcset=\"https:\/\/cnree.ro\/wp-content\/uploads\/2022\/11\/comunicat-de-presa-cnree-1024x768.jpg 1024w, https:\/\/cnree.ro\/wp-content\/uploads\/2022\/11\/comunicat-de-presa-cnree-300x225.jpg 300w, https:\/\/cnree.ro\/wp-content\/uploads\/2022\/11\/comunicat-de-presa-cnree-768x576.jpg 768w, https:\/\/cnree.ro\/wp-content\/uploads\/2022\/11\/comunicat-de-presa-cnree-1536x1152.jpg 1536w, https:\/\/cnree.ro\/wp-content\/uploads\/2022\/11\/comunicat-de-presa-cnree-16x12.jpg 16w, https:\/\/cnree.ro\/wp-content\/uploads\/2022\/11\/comunicat-de-presa-cnree.jpg 1600w\" sizes=\"(max-width: 1024px) 100vw, 1024px\" \/><\/figure>\n<\/figure>\n\n\n\n<h2 class=\"wp-block-heading\"><strong>RECIcl\u0103dim viitorul &#8211; Educa\u021bie ecologic\u0103 \u00een \u0219coli<\/strong><\/h2>\n\n\n\n<p>\u00cen luna martie s-a al\u0103turat campaniei de educa\u021bie ecologic\u0103 \u201cRECIcl\u0103dim viitorul\u201d echipa de la Asocia\u021bia InfinitEDU, o asocia\u021bie care promoveaz\u0103 educa\u021bia de calitate \u0219i dragul de a merge la \u0219coal\u0103.<br><br>Elevii din \u00eenv\u0103\u021b\u0103m\u00e2ntul pre\u015fcolar, primar, gimnazial si liceal au participat la activit\u0103\u021bi pe teme ecologice, organizate de CNREE \u015fi de mentorii InfinitEdu. Ei au aflat informa\u021bii interesante despre reciclarea \u0219i reutilizarea produselor electrice \u0219i electronice uzate, ca \u015fi modalit\u0103\u021bile prin care pot diminua poluarea, indiferent de cauza acesteia.<br><br>S-au desf\u0103\u0219ura activit\u0103\u021bi cu ocazia programului \u201cS\u0103pt\u0103m\u00e2na Verde\u201d \u00een mai multe institu\u021bii educa\u021bionale, pentru aproape 100 de clase din ciclurile pre\u0219colar, primar, gimnazial \u0219i liceal.<\/p>\n\n\n\n<figure class=\"wp-block-gallery has-nested-images columns-default is-cropped wp-block-gallery-2 is-layout-flex wp-block-gallery-is-layout-flex\">\n<figure class=\"wp-block-image size-large\"><img decoding=\"async\" width=\"1024\" height=\"724\" data-id=\"1493\" src=\"https:\/\/cnree.ro\/wp-content\/uploads\/2023\/08\/imagine-postare-FB-1024x724.jpg\" alt=\"\" class=\"wp-image-1493\" srcset=\"https:\/\/cnree.ro\/wp-content\/uploads\/2023\/08\/imagine-postare-FB-1024x724.jpg 1024w, https:\/\/cnree.ro\/wp-content\/uploads\/2023\/08\/imagine-postare-FB-300x212.jpg 300w, https:\/\/cnree.ro\/wp-content\/uploads\/2023\/08\/imagine-postare-FB-768x543.jpg 768w, https:\/\/cnree.ro\/wp-content\/uploads\/2023\/08\/imagine-postare-FB-1536x1086.jpg 1536w, https:\/\/cnree.ro\/wp-content\/uploads\/2023\/08\/imagine-postare-FB-18x12.jpg 18w, https:\/\/cnree.ro\/wp-content\/uploads\/2023\/08\/imagine-postare-FB.jpg 2000w\" sizes=\"(max-width: 1024px) 100vw, 1024px\" \/><\/figure>\n<\/figure>","protected":false},"excerpt":{"rendered":"<p>Recicl\u0103dim Viitorul RECIcl\u0103dim viitorul &#8211; Educa\u021bie ecologic\u0103 \u00een \u0219coli cu Nicolae al Rom\u00e2niei\u00a0 Centrul Na\u021bional de Reciclare Electrice \u0219i Electronice, \u00eempreun\u0103 cu Asocia\u021bia Principele Nicolae au dat ast\u0103zi startul la liceul Nicolae Iorga din Bucure\u0219ti campaniei na\u021bionale de educa\u021bie ecologic\u0103 \u00een \u0219coli, \u201cRECIcl\u0103dim viitorul\u201d.&nbsp; Proiectul, care va avea loc pe durata unui an, vizeaz\u0103 desf\u0103\u0219urarea [&hellip;]<\/p>","protected":false},"author":1,"featured_media":0,"parent":0,"menu_order":0,"comment_status":"closed","ping_status":"closed","template":"","meta":{"_uag_custom_page_level_css":"","site-sidebar-layout":"default","site-content-layout":"","ast-site-content-layout":"default","site-content-style":"default","site-sidebar-style":"default","ast-global-header-display":"","ast-banner-title-visibility":"","ast-main-header-display":"","ast-hfb-above-header-display":"","ast-hfb-below-header-display":"","ast-hfb-mobile-header-display":"","site-post-title":"disabled","ast-breadcrumbs-content":"","ast-featured-img":"","footer-sml-layout":"","theme-transparent-header-meta":"","adv-header-id-meta":"","stick-header-meta":"","header-above-stick-meta":"","header-main-stick-meta":"","header-below-stick-meta":"","astra-migrate-meta-layouts":"default","ast-page-background-enabled":"default","ast-page-background-meta":{"desktop":{"background-color":"","background-image":"","background-repeat":"repeat","background-position":"center center","background-size":"auto","background-attachment":"scroll","background-type":"","background-media":"","overlay-type":"","overlay-color":"","overlay-opacity":"","overlay-gradient":""},"tablet":{"background-color":"","background-image":"","background-repeat":"repeat","background-position":"center center","background-size":"auto","background-attachment":"scroll","background-type":"","background-media":"","overlay-type":"","overlay-color":"","overlay-opacity":"","overlay-gradient":""},"mobile":{"background-color":"","background-image":"","background-repeat":"repeat","background-position":"center center","background-size":"auto","background-attachment":"scroll","background-type":"","background-media":"","overlay-type":"","overlay-color":"","overlay-opacity":"","overlay-gradient":""}},"ast-content-background-meta":{"desktop":{"background-color":"var(--ast-global-color-5)","background-image":"","background-repeat":"repeat","background-position":"center center","background-size":"auto","background-attachment":"scroll","background-type":"","background-media":"","overlay-type":"","overlay-color":"","overlay-opacity":"","overlay-gradient":""},"tablet":{"background-color":"var(--ast-global-color-5)","background-image":"","background-repeat":"repeat","background-position":"center center","background-size":"auto","background-attachment":"scroll","background-type":"","background-media":"","overlay-type":"","overlay-color":"","overlay-opacity":"","overlay-gradient":""},"mobile":{"background-color":"var(--ast-global-color-5)","background-image":"","background-repeat":"repeat","background-position":"center center","background-size":"auto","background-attachment":"scroll","background-type":"","background-media":"","overlay-type":"","overlay-color":"","overlay-opacity":"","overlay-gradient":""}},"footnotes":""},"class_list":["post-1486","page","type-page","status-publish","hentry"],"uagb_featured_image_src":{"full":false,"thumbnail":false,"medium":false,"medium_large":false,"large":false,"1536x1536":false,"2048x2048":false,"trp-custom-language-flag":false},"uagb_author_info":{"display_name":"admin","author_link":"https:\/\/cnree.ro\/en\/author\/admin\/"},"uagb_comment_info":0,"uagb_excerpt":"Recicl\u0103dim Viitorul RECIcl\u0103dim viitorul &#8211; Educa\u021bie ecologic\u0103 \u00een \u0219coli cu Nicolae al Rom\u00e2niei\u00a0 Centrul Na\u021bional de Reciclare Electrice \u0219i Electronice, \u00eempreun\u0103 cu Asocia\u021bia Principele Nicolae au dat ast\u0103zi startul la liceul Nicolae Iorga din Bucure\u0219ti campaniei na\u021bionale de educa\u021bie ecologic\u0103 \u00een \u0219coli, \u201cRECIcl\u0103dim viitorul\u201d.&nbsp; Proiectul, care va avea loc pe durata unui an, vizeaz\u0103 desf\u0103\u0219urarea&hellip;","_links":{"self":[{"href":"https:\/\/cnree.ro\/en\/wp-json\/wp\/v2\/pages\/1486","targetHints":{"allow":["GET"]}}],"collection":[{"href":"https:\/\/cnree.ro\/en\/wp-json\/wp\/v2\/pages"}],"about":[{"href":"https:\/\/cnree.ro\/en\/wp-json\/wp\/v2\/types\/page"}],"author":[{"embeddable":true,"href":"https:\/\/cnree.ro\/en\/wp-json\/wp\/v2\/users\/1"}],"replies":[{"embeddable":true,"href":"https:\/\/cnree.ro\/en\/wp-json\/wp\/v2\/comments?post=1486"}],"version-history":[{"count":2,"href":"https:\/\/cnree.ro\/en\/wp-json\/wp\/v2\/pages\/1486\/revisions"}],"predecessor-version":[{"id":1525,"href":"https:\/\/cnree.ro\/en\/wp-json\/wp\/v2\/pages\/1486\/revisions\/1525"}],"wp:attachment":[{"href":"https:\/\/cnree.ro\/en\/wp-json\/wp\/v2\/media?parent=1486"}],"curies":[{"name":"wp","href":"https:\/\/api.w.org\/{rel}","templated":true}]}}