{"id":1564,"date":"2023-09-29T08:07:20","date_gmt":"2023-09-29T08:07:20","guid":{"rendered":"https:\/\/cnree.ro\/?page_id=1564"},"modified":"2023-10-27T09:02:57","modified_gmt":"2023-10-27T09:02:57","slug":"regulamentul-concursului-gaseste-caravana-weareco-ro","status":"publish","type":"page","link":"https:\/\/cnree.ro\/en\/regulamentul-concursului-gaseste-caravana-weareco-ro\/","title":{"rendered":"Regulamentul concursului &#8222;G\u0103se\u0219te Caravana WeArEco.ro&#8221;"},"content":{"rendered":"<div style=\"height:100px\" aria-hidden=\"true\" class=\"wp-block-spacer\"><\/div>\n\n\n\n<h1 class=\"wp-block-heading has-text-align-center\"><strong>Regulamentul concursului &#8222;G\u0103se\u0219te Caravana WeArEco.ro&#8221;<\/strong><\/h1>\n\n\n\n<h2 class=\"wp-block-heading has-text-align-center\">edi\u021bia a 2-a<\/h2>\n\n\n\n<p>Publicat pe 29.09.2023, editat pe 23.10.2023<\/p>\n\n\n\n<div style=\"height:100px\" aria-hidden=\"true\" class=\"wp-block-spacer\"><\/div>\n\n\n\n<p>Tot ce trebuie s\u0103 faci este s\u0103 intri pe pagina de Facebook <a href=\"https:\/\/www.facebook.com\/cnree.ro\">Centrul National de Reciclare Electrice si Electronice<\/a>, iar la postarea de concurs s\u0103 identifici locul \u00een care este parcat\u0103 Caravana Weareco.ro. Vor fi desemna\u021bi c\u00e2\u0219tig\u0103tori primii 5 care ne ofer\u0103 r\u0103spunsul complet \u0219i corect la provocarea de mai sus!<\/p>\n\n\n\n<p><strong>Condi\u021bii de participare:<\/strong><\/p>\n\n\n\n<ul class=\"wp-block-list\">\n<li>Las\u0103 \u00een perioada concursului, \u00een sec\u021biunea de comentarii, r\u0103spunsul corect la provocarea propus\u0103 \u00een descrierea post\u0103rii.<\/li>\n<\/ul>\n\n\n\n<p>&#x23f3; Concursul se \u00eencheie pe data de&nbsp;<strong>27 octombrie<\/strong>.<br>&#x1f3c6; Vor fi desemna\u021bi c\u00e2\u0219tig\u0103tori primii cinci participan\u021bi care dau r\u0103spunsul corect \u00een sec\u021biunea de comentarii.<\/p>\n\n\n\n<p>Mult succes!<\/p>\n\n\n\n<div class=\"wp-block-buttons is-content-justification-center is-layout-flex wp-container-core-buttons-is-layout-a89b3969 wp-block-buttons-is-layout-flex\">\n<div class=\"wp-block-button\"><a class=\"wp-block-button__link wp-element-button\" href=\"https:\/\/cnree.ro\/wp-content\/uploads\/2023\/10\/Regulament-complet-Concurs-Gaseste-Caravana-editiaa2a.pdf\">Regulamentul concursului<\/a><\/div>\n<\/div>\n\n\n\n<div style=\"height:100px\" aria-hidden=\"true\" class=\"wp-block-spacer\"><\/div>","protected":false},"excerpt":{"rendered":"<p>Regulamentul concursului &#8222;G\u0103se\u0219te Caravana WeArEco.ro&#8221; edi\u021bia a 2-a Publicat pe 29.09.2023, editat pe 23.10.2023 Tot ce trebuie s\u0103 faci este s\u0103 intri pe pagina de Facebook Centrul National de Reciclare Electrice si Electronice, iar la postarea de concurs s\u0103 identifici locul \u00een care este parcat\u0103 Caravana Weareco.ro. Vor fi desemna\u021bi c\u00e2\u0219tig\u0103tori primii 5 care ne [&hellip;]<\/p>","protected":false},"author":2,"featured_media":0,"parent":0,"menu_order":0,"comment_status":"closed","ping_status":"closed","template":"","meta":{"_uag_custom_page_level_css":"","site-sidebar-layout":"default","site-content-layout":"","ast-site-content-layout":"default","site-content-style":"default","site-sidebar-style":"default","ast-global-header-display":"","ast-banner-title-visibility":"","ast-main-header-display":"","ast-hfb-above-header-display":"","ast-hfb-below-header-display":"","ast-hfb-mobile-header-display":"","site-post-title":"disabled","ast-breadcrumbs-content":"","ast-featured-img":"","footer-sml-layout":"","theme-transparent-header-meta":"","adv-header-id-meta":"","stick-header-meta":"","header-above-stick-meta":"","header-main-stick-meta":"","header-below-stick-meta":"","astra-migrate-meta-layouts":"set","ast-page-background-enabled":"default","ast-page-background-meta":{"desktop":{"background-color":"","background-image":"","background-repeat":"repeat","background-position":"center center","background-size":"auto","background-attachment":"scroll","background-type":"","background-media":"","overlay-type":"","overlay-color":"","overlay-opacity":"","overlay-gradient":""},"tablet":{"background-color":"","background-image":"","background-repeat":"repeat","background-position":"center center","background-size":"auto","background-attachment":"scroll","background-type":"","background-media":"","overlay-type":"","overlay-color":"","overlay-opacity":"","overlay-gradient":""},"mobile":{"background-color":"","background-image":"","background-repeat":"repeat","background-position":"center center","background-size":"auto","background-attachment":"scroll","background-type":"","background-media":"","overlay-type":"","overlay-color":"","overlay-opacity":"","overlay-gradient":""}},"ast-content-background-meta":{"desktop":{"background-color":"var(--ast-global-color-5)","background-image":"","background-repeat":"repeat","background-position":"center center","background-size":"auto","background-attachment":"scroll","background-type":"","background-media":"","overlay-type":"","overlay-color":"","overlay-opacity":"","overlay-gradient":""},"tablet":{"background-color":"var(--ast-global-color-5)","background-image":"","background-repeat":"repeat","background-position":"center center","background-size":"auto","background-attachment":"scroll","background-type":"","background-media":"","overlay-type":"","overlay-color":"","overlay-opacity":"","overlay-gradient":""},"mobile":{"background-color":"var(--ast-global-color-5)","background-image":"","background-repeat":"repeat","background-position":"center center","background-size":"auto","background-attachment":"scroll","background-type":"","background-media":"","overlay-type":"","overlay-color":"","overlay-opacity":"","overlay-gradient":""}},"footnotes":""},"class_list":["post-1564","page","type-page","status-publish","hentry"],"uagb_featured_image_src":{"full":false,"thumbnail":false,"medium":false,"medium_large":false,"large":false,"1536x1536":false,"2048x2048":false,"trp-custom-language-flag":false},"uagb_author_info":{"display_name":"cnree.ro","author_link":"https:\/\/cnree.ro\/en\/author\/cnree-ro\/"},"uagb_comment_info":0,"uagb_excerpt":"Regulamentul concursului &#8222;G\u0103se\u0219te Caravana WeArEco.ro&#8221; edi\u021bia a 2-a Publicat pe 29.09.2023, editat pe 23.10.2023 Tot ce trebuie s\u0103 faci este s\u0103 intri pe pagina de Facebook Centrul National de Reciclare Electrice si Electronice, iar la postarea de concurs s\u0103 identifici locul \u00een care este parcat\u0103 Caravana Weareco.ro. Vor fi desemna\u021bi c\u00e2\u0219tig\u0103tori primii 5 care ne&hellip;","_links":{"self":[{"href":"https:\/\/cnree.ro\/en\/wp-json\/wp\/v2\/pages\/1564","targetHints":{"allow":["GET"]}}],"collection":[{"href":"https:\/\/cnree.ro\/en\/wp-json\/wp\/v2\/pages"}],"about":[{"href":"https:\/\/cnree.ro\/en\/wp-json\/wp\/v2\/types\/page"}],"author":[{"embeddable":true,"href":"https:\/\/cnree.ro\/en\/wp-json\/wp\/v2\/users\/2"}],"replies":[{"embeddable":true,"href":"https:\/\/cnree.ro\/en\/wp-json\/wp\/v2\/comments?post=1564"}],"version-history":[{"count":7,"href":"https:\/\/cnree.ro\/en\/wp-json\/wp\/v2\/pages\/1564\/revisions"}],"predecessor-version":[{"id":1595,"href":"https:\/\/cnree.ro\/en\/wp-json\/wp\/v2\/pages\/1564\/revisions\/1595"}],"wp:attachment":[{"href":"https:\/\/cnree.ro\/en\/wp-json\/wp\/v2\/media?parent=1564"}],"curies":[{"name":"wp","href":"https:\/\/api.w.org\/{rel}","templated":true}]}}