{"id":1691,"date":"2024-07-26T09:14:21","date_gmt":"2024-07-26T09:14:21","guid":{"rendered":"https:\/\/cnree.ro\/?page_id=1691"},"modified":"2024-10-10T08:44:31","modified_gmt":"2024-10-10T08:44:31","slug":"weee-are-deee-champions","status":"publish","type":"page","link":"https:\/\/cnree.ro\/en\/weee-are-deee-champions\/","title":{"rendered":"WEEE ARE DEEE CHAMPIONS"},"content":{"rendered":"<figure class=\"wp-block-image alignfull size-large\"><a href=\"https:\/\/weareco.ro\/campanie\/\"><img fetchpriority=\"high\" decoding=\"async\" width=\"1024\" height=\"424\" src=\"https:\/\/cnree.ro\/wp-content\/uploads\/2024\/10\/Screenshot-2024-10-10-104306-1024x424.png\" alt=\"\" class=\"wp-image-1743\" srcset=\"https:\/\/cnree.ro\/wp-content\/uploads\/2024\/10\/Screenshot-2024-10-10-104306-1024x424.png 1024w, https:\/\/cnree.ro\/wp-content\/uploads\/2024\/10\/Screenshot-2024-10-10-104306-300x124.png 300w, https:\/\/cnree.ro\/wp-content\/uploads\/2024\/10\/Screenshot-2024-10-10-104306-768x318.png 768w, https:\/\/cnree.ro\/wp-content\/uploads\/2024\/10\/Screenshot-2024-10-10-104306-1536x636.png 1536w, https:\/\/cnree.ro\/wp-content\/uploads\/2024\/10\/Screenshot-2024-10-10-104306-18x7.png 18w, https:\/\/cnree.ro\/wp-content\/uploads\/2024\/10\/Screenshot-2024-10-10-104306.png 1870w\" sizes=\"(max-width: 1024px) 100vw, 1024px\" \/><\/a><\/figure>\n\n\n\n<div style=\"height:100px\" aria-hidden=\"true\" class=\"wp-block-spacer\"><\/div>\n\n\n\n<div class=\"wp-block-uagb-container uagb-block-i3dbszm8 alignfull uagb-is-root-container\"><div class=\"uagb-container-inner-blocks-wrap\">\n<div class=\"wp-block-uagb-info-box uagb-block-2phmmvqr uagb-infobox__content-wrap  uagb-infobox-icon-above-title uagb-infobox-image-valign-top\"><div class=\"uagb-ifb-content\"><div class=\"uagb-ifb-title-wrap\"><h1 class=\"uagb-ifb-title\"><strong>WEEE ARE DEEE CHAMPIONS: Recicleaz\u0103 \u0219i Devino Campion al Mediului! &#x1f30d;&#x1f3c6;<\/strong><\/h1><\/div><p class=\"uagb-ifb-desc\">O campanie de educa\u021bie ecologic\u0103 \u0219i informare a CNREE<\/p><\/div><\/div>\n<\/div><\/div>\n\n\n\n<div class=\"wp-block-uagb-container uagb-block-wlqhop4g alignfull uagb-is-root-container\"><div class=\"uagb-container-inner-blocks-wrap\">\n<div class=\"wp-block-uagb-info-box uagb-block-kjdwre0o uagb-infobox__content-wrap  uagb-infobox-icon-above-title uagb-infobox-image-valign-top\"><div class=\"uagb-ifb-content\"><div class=\"uagb-ifb-title-wrap\"><h2 class=\"uagb-ifb-title\"><strong>VICTORIE PENTRU TO\u021aI<\/strong><br><br><\/h2><\/div><\/div><\/div>\n\n\n\n<div class=\"wp-block-uagb-container uagb-block-te701xi7\">\n<div class=\"wp-block-uagb-info-box uagb-block-lroyspnd uagb-infobox__content-wrap  uagb-infobox-icon-left-title uagb-infobox-left uagb-infobox-image-valign-top\"><div class=\"uagb-ifb-content\"><div class=\"uagb-ifb-left-title-image\"><div class=\"uagb-ifb-title-wrap\"><\/div><\/div><p class=\"uagb-ifb-desc\">La fel ca fotbalul, reciclarea este un joc de echip\u0103. Fiecare pas\u0103 conteaz\u0103, fiecare juc\u0103tor are un rol esen\u021bial, \u0219i fiecare ac\u021biune contribuie la victorie. Campania \u201eWEEE ARE DEEE CHAMPIONS\u201d ne une\u0219te pentru a proteja planeta.<\/p><div class=\"uagb-ifb-separator\"><\/div><\/div><\/div>\n\n\n\n<div class=\"wp-block-uagb-info-box uagb-block-a5jckssi uagb-infobox__content-wrap  uagb-infobox-icon-left-title uagb-infobox-left uagb-infobox-image-valign-top\"><div class=\"uagb-ifb-content\"><div class=\"uagb-ifb-left-title-image\"><div class=\"uagb-ifb-title-wrap\"><\/div><\/div><p class=\"uagb-ifb-desc\">La fel cum fiecare meci este important pentru un sezon de succes, fiecare ac\u021biune de reciclare conteaz\u0103 pentru s\u0103n\u0103tatea planetei noastre. Al\u0103tur\u0103-te echipei \u201eWEEE ARE DEEE CHAMPIONS\u201d \u0219i ajut\u0103-ne s\u0103 c\u00e2\u0219tig\u0103m acest campionat pentru un viitor mai verde \u0219i mai curat.<\/p><div class=\"uagb-ifb-separator\"><\/div><\/div><\/div>\n<\/div>\n<\/div><\/div>\n\n\n\n<div class=\"wp-block-uagb-container uagb-block-9ftrdoov alignfull uagb-is-root-container\"><div class=\"uagb-container-inner-blocks-wrap\">\n<div class=\"wp-block-uagb-info-box uagb-block-t2cws7h4 uagb-infobox__content-wrap  uagb-infobox-icon-above-title uagb-infobox-image-valign-top\"><div class=\"uagb-ifb-content\"><div class=\"uagb-ifb-title-wrap\"><p class=\"uagb-ifb-title-prefix\">RECICLAREA \u00ceNCEPE CU TINE. Together, WEEE ARE DEEE CHAMPIONS!<\/p><h2 class=\"uagb-ifb-title\"><strong>Fii Campionul Recicl\u0103rii!<\/strong><\/h2><\/div><p class=\"uagb-ifb-desc\">&nbsp;\u00censcrie-te la newsletter-ul nostru pentru a fi la curent cu cele mai noi ini\u0163iative, evenimente \u015fi sfaturi de reciclare. Fii parte din schimbare!&nbsp;<br><\/p><\/div><\/div>\n\n\n\n<div id=\"mc_embed_shell\">\n      <link href=\"\/\/cdn-images.mailchimp.com\/embedcode\/classic-061523.css\" rel=\"stylesheet\" type=\"text\/css\">\n  <style type=\"text\/css\">\n        #mc_embed_signup{background:#fff; false;clear:left; font:14px Helvetica,Arial,sans-serif; width: 600px;}\n        \/* Add your own Mailchimp form style overrides in your site stylesheet or in this style block.\n           We recommend moving this block and the preceding CSS link to the HEAD of your HTML file. *\/\n<\/style>\n<div id=\"mc_embed_signup\">\n    <form action=\"https:\/\/cnree.us14.list-manage.com\/subscribe\/post?u=091ff0c0ce294dbf449cd013b&amp;id=ae7a2d3bc6&amp;f_id=0089b7e5f0\" method=\"post\" id=\"mc-embedded-subscribe-form\" name=\"mc-embedded-subscribe-form\" class=\"validate\" target=\"_blank\">\n        <div id=\"mc_embed_signup_scroll\"><h2>Inscriere newsletter<\/h2>\n            <div class=\"indicates-required\"><span class=\"asterisk\">*<\/span> c\u00e2mp obligatoriu<\/div>\n            <div class=\"mc-field-group\"><label for=\"mce-EMAIL\"> Adres\u0103 e-mail <span class=\"asterisk\">*<\/span><\/label><input type=\"email\" name=\"EMAIL\" class=\"required email\" id=\"mce-EMAIL\" required=\"\" value=\"\"><span id=\"mce-EMAIL-HELPERTEXT\" class=\"helper_text\">Adres\u0103 e-mail<\/span><\/div>\n        <div id=\"mce-responses\" class=\"clear foot\">\n            <div class=\"response\" id=\"mce-error-response\" style=\"display: none;\"><\/div>\n            <div class=\"response\" id=\"mce-success-response\" style=\"display: none;\"><\/div>\n        <\/div>\n    <div style=\"position: absolute; left: -5000px;\" aria-hidden=\"true\">\n        \/* real people should not fill this in and expect good things &#8211; do not remove this or risk form bot signups *\/\n        <input type=\"text\" name=\"b_091ff0c0ce294dbf449cd013b_ae7a2d3bc6\" tabindex=\"-1\" value=\"\">\n    <\/div>\n        <div class=\"optionalParent\">\n            <div class=\"clear foot\">\n                <input type=\"submit\" name=\"subscribe\" id=\"mc-embedded-subscribe\" class=\"button\" value=\"Aboneaz\u0103-te\">\n                <p style=\"margin: 0px auto;\"><a href=\"http:\/\/eepurl.com\/iU9oAc\" title=\"Mailchimp - email marketing made easy and fun\"><span style=\"display: inline-block; background-color: transparent; border-radius: 4px;\"><img decoding=\"async\" class=\"refferal_badge\" src=\"https:\/\/digitalasset.intuit.com\/render\/content\/dam\/intuit\/mc-fe\/en_us\/images\/intuit-mc-rewards-text-dark.svg\" alt=\"Intuit Mailchimp\" style=\"width: 220px; height: 40px; display: flex; padding: 2px 0px; justify-content: center; align-items: center;\"><\/span><\/a><\/p>\n            <\/div>\n        <\/div>\n    <\/div>\n<\/form>\n<\/div>\n<script type=\"text\/javascript\" src=\"\/\/s3.amazonaws.com\/downloads.mailchimp.com\/js\/mc-validate.js\"><\/script><script type=\"text\/javascript\">(function($) {window.fnames = new Array(); window.ftypes = new Array();fnames[0]='EMAIL';ftypes[0]='email';fnames[1]='FNAME';ftypes[1]='text';fnames[2]='LNAME';ftypes[2]='text';fnames[3]='ADDRESS';ftypes[3]='address';fnames[4]='PHONE';ftypes[4]='phone';fnames[5]='BIRTHDAY';ftypes[5]='birthday';}(jQuery));var $mcj = jQuery.noConflict(true);<\/script><\/div>\n<\/div><\/div>\n\n\n\n<div class=\"wp-block-uagb-container uagb-block-8b8938b0 alignfull uagb-is-root-container\"><div class=\"uagb-container-inner-blocks-wrap\">\n<div class=\"wp-block-uagb-container uagb-block-eed4bd16\">\n<div class=\"wp-block-uagb-container uagb-block-010e805e\">\n<div class=\"wp-block-uagb-info-box uagb-block-d8c9f23e uagb-infobox__content-wrap  uagb-infobox-icon-above-title uagb-infobox-image-valign-top\"><div class=\"uagb-ifb-content\"><div class=\"uagb-ifb-title-wrap\"><p class=\"uagb-ifb-title-prefix\">WRDC<\/p><h3 class=\"uagb-ifb-title\"><strong>Ce este \u201eWEEE ARE DEEE CHAMPIONS\u201d?<\/strong><\/h3><\/div><p class=\"uagb-ifb-desc\">Campania \u201eWEEE ARE DEEE CHAMPIONS\u201d este ini\u021biativa Asocia\u021biei CNREE pentru a \u00eencuraja reciclarea echipamentelor electrice \u0219i electronice (DEEE). Scopul nostru este de a educa publicul despre importan\u021ba recicl\u0103rii \u0219i de a reduce impactul negativ asupra mediului.<br>Al\u0103tur\u0103-te campaniei noastre \u0219i fii campion \u00een reciclarea DEEE!<\/p><\/div><\/div>\n<\/div>\n\n\n\n<div class=\"wp-block-uagb-container uagb-block-5ea6a368\">\n<div class=\"wp-block-uagb-image alignleft uagb-block-70b1f111 wp-block-uagb-image--layout-default wp-block-uagb-image--effect-static wp-block-uagb-image--align-left\"><figure class=\"wp-block-uagb-image__figure\"><img loading=\"lazy\" decoding=\"async\" srcset=\"https:\/\/cnree.ro\/wp-content\/uploads\/2024\/07\/ANT6914-700x311-copy.jpg ,https:\/\/cnree.ro\/wp-content\/uploads\/2024\/07\/ANT6914-700x311-copy.jpg 780w, https:\/\/cnree.ro\/wp-content\/uploads\/2024\/07\/ANT6914-700x311-copy.jpg 360w\" sizes=\"auto, (max-width: 480px) 150px\" src=\"https:\/\/cnree.ro\/wp-content\/uploads\/2024\/07\/ANT6914-700x311-copy.jpg\" alt=\"\" class=\"uag-image-1660\" width=\"388\" height=\"450\" title=\"ANT6914-700x311-copy\" role=\"img\"\/><\/figure><\/div>\n<\/div>\n<\/div>\n<\/div><\/div>\n\n\n\n<div class=\"wp-block-uagb-container uagb-block-juwpksab alignfull uagb-is-root-container\"><div class=\"uagb-container-inner-blocks-wrap\">\n<div class=\"wp-block-uagb-container uagb-block-e8tvqh3s\">\n<div class=\"wp-block-uagb-container uagb-block-0eqw08rj\">\n<div class=\"wp-block-uagb-image alignleft uagb-block-dqnb8hbl wp-block-uagb-image--layout-default wp-block-uagb-image--effect-static wp-block-uagb-image--align-left\"><figure class=\"wp-block-uagb-image__figure\"><img loading=\"lazy\" decoding=\"async\" srcset=\"https:\/\/cnree.ro\/wp-content\/uploads\/2024\/07\/ANT7023-copy-600x350-copy.jpg ,https:\/\/cnree.ro\/wp-content\/uploads\/2024\/07\/ANT7023-copy-600x350-copy.jpg 780w, https:\/\/cnree.ro\/wp-content\/uploads\/2024\/07\/ANT7023-copy-600x350-copy.jpg 360w\" sizes=\"auto, (max-width: 480px) 150px\" src=\"https:\/\/cnree.ro\/wp-content\/uploads\/2024\/07\/ANT7023-copy-600x350-copy.jpg\" alt=\"\" class=\"uag-image-1659\" width=\"430\" height=\"450\" title=\"ANT7023-copy-600x350-copy\" role=\"img\"\/><\/figure><\/div>\n<\/div>\n\n\n\n<div class=\"wp-block-uagb-container uagb-block-q3jf2fnh\">\n<div class=\"wp-block-uagb-info-box uagb-block-dciqqfnu uagb-infobox__content-wrap  uagb-infobox-icon-above-title uagb-infobox-image-valign-top\"><div class=\"uagb-ifb-content\"><div class=\"uagb-ifb-title-wrap\"><p class=\"uagb-ifb-title-prefix\">DE CE ESTE IMPORTANT\u0102 RECICLAREA DEEE?<\/p><h3 class=\"uagb-ifb-title\"><strong>De ce s\u0103 participi?<\/strong><\/h3><\/div><p class=\"uagb-ifb-desc\">Reciclarea de\u0219eurilor electrice \u0219i electronice (DEEE) este esen\u021bial\u0103 pentru reducerea polu\u0103rii \u0219i conservarea resurselor naturale. Echipamentele vechi con\u021bin substan\u021be toxice, precum mercur \u0219i plumb, care pot contamina solul \u0219i apa dac\u0103 nu sunt gestionate corespunz\u0103tor. Particip\u00e2nd la reciclare, contribui la un mediu mai curat \u0219i mai sigur pentru noi to\u021bi.<br>Fiecare ac\u021biune conteaz\u0103. Prin reciclarea DEEE, devii parte dintr-o mi\u0219care global\u0103 care \u00ee\u0219i propune s\u0103 reduc\u0103 impactul negativ asupra planetei. Este o oportunitate de a-\u021bi aduce contribu\u021bia la o cauz\u0103 important\u0103 \u0219i de a inspira \u0219i alte persoane s\u0103 fac\u0103 la fel.<\/p><\/div><\/div>\n<\/div>\n<\/div>\n<\/div><\/div>\n\n\n\n<div class=\"wp-block-uagb-container uagb-block-aa5c5f25 alignfull uagb-is-root-container\"><div class=\"uagb-container-inner-blocks-wrap\">\n<div class=\"wp-block-uagb-container uagb-block-cc6762fc\">\n<div class=\"wp-block-uagb-container uagb-block-f377b8ae\">\n<div class=\"wp-block-uagb-image alignleft uagb-block-f00d9631 wp-block-uagb-image--layout-default wp-block-uagb-image--effect-static wp-block-uagb-image--align-left\"><figure class=\"wp-block-uagb-image__figure\"><img loading=\"lazy\" decoding=\"async\" srcset=\"https:\/\/cnree.ro\/wp-content\/uploads\/2024\/07\/ANT7070-copy-600x350-copy.jpg ,https:\/\/cnree.ro\/wp-content\/uploads\/2024\/07\/ANT7070-copy-600x350-copy.jpg 780w, https:\/\/cnree.ro\/wp-content\/uploads\/2024\/07\/ANT7070-copy-600x350-copy.jpg 360w\" sizes=\"auto, (max-width: 480px) 150px\" src=\"https:\/\/cnree.ro\/wp-content\/uploads\/2024\/07\/ANT7070-copy-600x350-copy.jpg\" alt=\"\" class=\"uag-image-1705\" width=\"390\" height=\"450\" title=\"_ANT7070 copy 600x350 copy\" role=\"img\"\/><\/figure><\/div>\n<\/div>\n\n\n\n<div class=\"wp-block-uagb-container uagb-block-d4bd01be\">\n<div class=\"wp-block-uagb-info-box uagb-block-a996b1da uagb-infobox__content-wrap  uagb-infobox-icon-above-title uagb-infobox-image-valign-top\"><div class=\"uagb-ifb-content\"><div class=\"uagb-ifb-title-wrap\"><p class=\"uagb-ifb-title-prefix\">No more e-waste!<\/p><h3 class=\"uagb-ifb-title\"><strong>\u0218tia\u021bi c\u0103?<\/strong><\/h3><\/div><p class=\"uagb-ifb-desc\">Reziduurile electronice sunt unele dintre cele mai rapide categorii de de\u0219euri \u00een cre\u0219tere. Prin reciclare corect\u0103, putem reduce aceast\u0103 cantitate, prevenind astfel contaminarea mediului cu substan\u021be toxice \u0219i recuper\u00e2nd materiale valoroase. Al\u0103tur\u0103-te campaniei \u201eWEEE ARE DEEE CHAMPIONS\u201d \u0219i ajut\u0103-ne s\u0103 facem diferen\u021ba!<\/p><\/div><\/div>\n<\/div>\n<\/div>\n<\/div><\/div>","protected":false},"excerpt":{"rendered":"<p>Inscriere newsletter * c\u00e2mp obligatoriu Adres\u0103 e-mail *Adres\u0103 e-mail \/* real people should not fill this in and expect good things &#8211; do not remove this or risk form bot signups *\/<\/p>","protected":false},"author":2,"featured_media":0,"parent":0,"menu_order":0,"comment_status":"closed","ping_status":"closed","template":"","meta":{"_uag_custom_page_level_css":"","site-sidebar-layout":"default","site-content-layout":"","ast-site-content-layout":"default","site-content-style":"default","site-sidebar-style":"default","ast-global-header-display":"","ast-banner-title-visibility":"","ast-main-header-display":"","ast-hfb-above-header-display":"","ast-hfb-below-header-display":"","ast-hfb-mobile-header-display":"","site-post-title":"disabled","ast-breadcrumbs-content":"","ast-featured-img":"","footer-sml-layout":"","theme-transparent-header-meta":"","adv-header-id-meta":"","stick-header-meta":"","header-above-stick-meta":"","header-main-stick-meta":"","header-below-stick-meta":"","astra-migrate-meta-layouts":"set","ast-page-background-enabled":"default","ast-page-background-meta":{"desktop":{"background-color":"","background-image":"","background-repeat":"repeat","background-position":"center center","background-size":"auto","background-attachment":"scroll","background-type":"","background-media":"","overlay-type":"","overlay-color":"","overlay-opacity":"","overlay-gradient":""},"tablet":{"background-color":"","background-image":"","background-repeat":"repeat","background-position":"center center","background-size":"auto","background-attachment":"scroll","background-type":"","background-media":"","overlay-type":"","overlay-color":"","overlay-opacity":"","overlay-gradient":""},"mobile":{"background-color":"","background-image":"","background-repeat":"repeat","background-position":"center center","background-size":"auto","background-attachment":"scroll","background-type":"","background-media":"","overlay-type":"","overlay-color":"","overlay-opacity":"","overlay-gradient":""}},"ast-content-background-meta":{"desktop":{"background-color":"var(--ast-global-color-5)","background-image":"","background-repeat":"repeat","background-position":"center center","background-size":"auto","background-attachment":"scroll","background-type":"","background-media":"","overlay-type":"","overlay-color":"","overlay-opacity":"","overlay-gradient":""},"tablet":{"background-color":"var(--ast-global-color-5)","background-image":"","background-repeat":"repeat","background-position":"center center","background-size":"auto","background-attachment":"scroll","background-type":"","background-media":"","overlay-type":"","overlay-color":"","overlay-opacity":"","overlay-gradient":""},"mobile":{"background-color":"var(--ast-global-color-5)","background-image":"","background-repeat":"repeat","background-position":"center center","background-size":"auto","background-attachment":"scroll","background-type":"","background-media":"","overlay-type":"","overlay-color":"","overlay-opacity":"","overlay-gradient":""}},"footnotes":""},"class_list":["post-1691","page","type-page","status-publish","hentry"],"uagb_featured_image_src":{"full":false,"thumbnail":false,"medium":false,"medium_large":false,"large":false,"1536x1536":false,"2048x2048":false,"trp-custom-language-flag":false},"uagb_author_info":{"display_name":"cnree.ro","author_link":"https:\/\/cnree.ro\/en\/author\/cnree-ro\/"},"uagb_comment_info":0,"uagb_excerpt":"Inscriere newsletter * c\u00e2mp obligatoriu Adres\u0103 e-mail *Adres\u0103 e-mail \/* real people should not fill this in and expect good things &#8211; do not remove this or risk form bot signups *\/","_links":{"self":[{"href":"https:\/\/cnree.ro\/en\/wp-json\/wp\/v2\/pages\/1691","targetHints":{"allow":["GET"]}}],"collection":[{"href":"https:\/\/cnree.ro\/en\/wp-json\/wp\/v2\/pages"}],"about":[{"href":"https:\/\/cnree.ro\/en\/wp-json\/wp\/v2\/types\/page"}],"author":[{"embeddable":true,"href":"https:\/\/cnree.ro\/en\/wp-json\/wp\/v2\/users\/2"}],"replies":[{"embeddable":true,"href":"https:\/\/cnree.ro\/en\/wp-json\/wp\/v2\/comments?post=1691"}],"version-history":[{"count":17,"href":"https:\/\/cnree.ro\/en\/wp-json\/wp\/v2\/pages\/1691\/revisions"}],"predecessor-version":[{"id":1745,"href":"https:\/\/cnree.ro\/en\/wp-json\/wp\/v2\/pages\/1691\/revisions\/1745"}],"wp:attachment":[{"href":"https:\/\/cnree.ro\/en\/wp-json\/wp\/v2\/media?parent=1691"}],"curies":[{"name":"wp","href":"https:\/\/api.w.org\/{rel}","templated":true}]}}