{"id":1870,"date":"2025-08-19T13:19:59","date_gmt":"2025-08-19T13:19:59","guid":{"rendered":"https:\/\/cnree.ro\/?page_id=1870"},"modified":"2026-04-14T20:18:03","modified_gmt":"2026-04-14T20:18:03","slug":"membri","status":"publish","type":"page","link":"https:\/\/cnree.ro\/en\/membri\/","title":{"rendered":"Membri"},"content":{"rendered":"<div style=\"height:36px\" aria-hidden=\"true\" class=\"wp-block-spacer\"><\/div>\n\n\n\n<div class=\"wp-block-columns is-layout-flex wp-container-core-columns-is-layout-28f84493 wp-block-columns-is-layout-flex\">\n<div class=\"wp-block-column is-layout-flow wp-block-column-is-layout-flow\">\n<div style=\"height:100px\" aria-hidden=\"true\" class=\"wp-block-spacer\"><\/div>\n\n\n\n<h2 class=\"wp-block-heading\">Parteneriate solide pentru un viitor sustenabil<\/h2>\n<\/div>\n\n\n\n<div class=\"wp-block-column is-layout-flow wp-block-column-is-layout-flow\">\n<figure class=\"wp-block-image size-full\"><img fetchpriority=\"high\" decoding=\"async\" width=\"1000\" height=\"714\" src=\"https:\/\/cnree.ro\/wp-content\/uploads\/2021\/06\/shutterstock_407197876.jpg\" alt=\"\" class=\"wp-image-703\" srcset=\"https:\/\/cnree.ro\/wp-content\/uploads\/2021\/06\/shutterstock_407197876.jpg 1000w, https:\/\/cnree.ro\/wp-content\/uploads\/2021\/06\/shutterstock_407197876-300x214.jpg 300w, https:\/\/cnree.ro\/wp-content\/uploads\/2021\/06\/shutterstock_407197876-768x548.jpg 768w, https:\/\/cnree.ro\/wp-content\/uploads\/2021\/06\/shutterstock_407197876-16x12.jpg 16w\" sizes=\"(max-width: 1000px) 100vw, 1000px\" \/><\/figure>\n<\/div>\n<\/div>\n\n\n\n<div style=\"height:27px\" aria-hidden=\"true\" class=\"wp-block-spacer\"><\/div>\n\n\n\n<h2 class=\"wp-block-heading\">Membrii CNREE<\/h2>\n\n\n\n<p>Asocia\u021bia Centrul Na\u021bional de Reciclare Electrice \u0219i Electronice (CNREE) \u00ee\u0219i desf\u0103\u0219oar\u0103 activitatea \u00eempreun\u0103 cu membrii s\u0103i, respectiv produc\u0103tori \u0219i importatori de echipamente electrice \u0219i electronice (DEEE), care sunt totodat\u0103 partenerii no\u0219tri \u00een asumarea \u0219i \u00eendeplinirea responsabilit\u0103\u021bilor legale privind gestionarea DEEE.<\/p>\n\n\n\n<p>Calitatea de membru reflect\u0103 \u00eencrederea pe care companiile o acord\u0103 CNREE \u0219i angajamentul comun pentru un sistem transparent \u0219i eficient de colectare, reciclare \u0219i valorificare a DEEE, conform cerin\u021belor legislative na\u021bionale \u0219i europene.<\/p>\n\n\n\n<p>Prin apartenen\u021ba la CNREE, membrii beneficiaz\u0103 de:<\/p>\n\n\n\n<ul class=\"wp-block-list\">\n<li>preluarea \u0219i gestionarea integral\u0103 a obliga\u021biilor de mediu;<\/li>\n\n\n\n<li>asigurarea trasabilit\u0103\u021bii \u0219i raportarea c\u0103tre autorit\u0103\u021bi;<\/li>\n\n\n\n<li>atingerea \u021bintelor legale de colectare \u0219i reciclare;<\/li>\n\n\n\n<li>participarea activ\u0103 la consolidarea unei economii circulare durabile.<\/li>\n<\/ul>\n\n\n\n<p>Ne m\u00e2ndrim cu membrii no\u0219tri<\/p>\n\n\n\n<p>Succesul CNREE este construit \u00eempreun\u0103 cu companiile care au ales s\u0103 ne fie al\u0103turi. Ne m\u00e2ndrim cu fiecare membru \u0219i partener care contribuie zi de zi la protec\u021bia mediului \u0219i la dezvoltarea unui viitor sustenabil.<\/p>\n\n\n\n<p>Lista de mai jos cuprinde membrii CNREE:<\/p>\n\n\n\n<embed src=\"https:\/\/cnree.ro\/wp-content\/uploads\/2026\/04\/Parteneri-15.04.2026.pdf\" type=\"application\/pdf\" width=\"100%\" height=\"1000\" title=\"Embedded PDF Viewer\" \/>\n\n\n\n<div class=\"wp-block-group is-content-justification-center is-layout-constrained wp-block-group-is-layout-constrained\"><div class=\"wp-block-group__inner-container\"><\/div><\/div>\n\n\n\n<div style=\"height:26px\" aria-hidden=\"true\" class=\"wp-block-spacer\"><\/div>\n\n\n\n<p>We aim to expand and permanently improve the services offered. If you are interested in concluding a partnership on the provision of services for the collection \/ transport \/ recycling of waste electrical and electronic equipment (WEEE) you can contact us by e-mail <a href=\"mailto:office@cnree.ro\">office@cnree.ro<\/a>, or by filling out the form below.<\/p>\n\n\n\n<div style=\"height:100px\" aria-hidden=\"true\" class=\"wp-block-spacer\"><\/div>\n\n\n\n<h2 class=\"wp-block-heading has-text-align-center\">Devino Membru<\/h2>\n\n\n<div class='fluentform ff-default fluentform_wrapper_11 ffs_default_wrap'><form data-form_id=\"11\" id=\"fluentform_11\" class=\"frm-fluent-form fluent_form_11 ff-el-form-top ff_form_instance_11_1 ff-form-loading ffs_default\" data-form_instance=\"ff_form_instance_11_1\" method=\"POST\" action=\"\" ><fieldset  style=\"border: none!important;margin: 0!important;padding: 0!important;background-color: transparent!important;box-shadow: none!important;outline: none!important; min-inline-size: 100%;\">\n                    <legend class=\"ff_screen_reader_title\" style=\"display: block; margin: 0!important;padding: 0!important;height: 0!important;text-indent: -999999px;width: 0!important;overflow:hidden;\">Devino Partener<\/legend><input type='hidden' name='__fluent_form_embded_post_id' value='1870' \/><input type=\"hidden\" id=\"_fluentform_11_fluentformnonce\" name=\"_fluentform_11_fluentformnonce\" value=\"c9d8b3aae7\" \/><input type=\"hidden\" name=\"_wp_http_referer\" value=\"\/en\/wp-json\/wp\/v2\/pages\/1870\" \/><div class='ff-el-group'><div class=\"ff-el-input--label ff-el-is-required asterisk-right\"><label for='ff_11_text_2' id='label_ff_11_text_2' aria-label=\"Company\">Company<\/label><\/div><div class='ff-el-input--content'><input type=\"text\" name=\"text_2\" class=\"ff-el-form-control\" id=\"ff_11_text_2\" data-name=\"text_2\"  aria-invalid=\"false\" aria-required=\"true\"><\/div><\/div><div class='ff-el-group'><div class=\"ff-el-input--label asterisk-right\"><label for='ff_11_text_1' id='label_ff_11_text_1' aria-label=\"Adress\">Adress<\/label><\/div><div class='ff-el-input--content'><input type=\"text\" name=\"text_1\" class=\"ff-el-form-control\" id=\"ff_11_text_1\" data-name=\"text_1\"  aria-invalid=\"false\" aria-required=\"false\"><\/div><\/div><div class='ff-el-group'><div class=\"ff-el-input--label asterisk-right\"><label for='ff_11_text_3' id='label_ff_11_text_3' aria-label=\"City\">City<\/label><\/div><div class='ff-el-input--content'><input type=\"text\" name=\"text_3\" class=\"ff-el-form-control\" id=\"ff_11_text_3\" data-name=\"text_3\"  aria-invalid=\"false\" aria-required=\"false\"><\/div><\/div><div class='ff-el-group'><div class=\"ff-el-input--label asterisk-right\"><label for='ff_11_text_4' id='label_ff_11_text_4' aria-label=\"Phone\">Phone<\/label><\/div><div class='ff-el-input--content'><input type=\"text\" name=\"text_4\" class=\"ff-el-form-control\" id=\"ff_11_text_4\" data-name=\"text_4\"  aria-invalid=\"false\" aria-required=\"false\"><\/div><\/div><div class='ff-el-group'><div class=\"ff-el-input--label ff-el-is-required asterisk-right\"><label for='ff_11_text_5' id='label_ff_11_text_5' aria-label=\"Email\">Email<\/label><\/div><div class='ff-el-input--content'><input type=\"text\" name=\"text_5\" class=\"ff-el-form-control\" id=\"ff_11_text_5\" data-name=\"text_5\"  aria-invalid=\"false\" aria-required=\"true\"><\/div><\/div><div class='ff-el-group'><div class=\"ff-el-input--label ff-el-is-required asterisk-right\"><label for='ff_11_textarea_6' id='label_ff_11_textarea_6' aria-label=\"Message\">Message<\/label><\/div><div class='ff-el-input--content'><textarea aria-required=\"true\" aria-labelledby=\"label_ff_11_textarea_6\" name=\"textarea_6\" class=\"ff-el-form-control\" id=\"ff_11_textarea_6\" cols=\"2\" data-name=\"textarea_6\" ><\/textarea><\/div><\/div><div class='ff-el-group' ><div class='ff-el-input--content'><div data-fluent_id='11' name='g-recaptcha-response'><div\n\t\tdata-sitekey='6LcaYUosAAAAAM5wM7xu22hjjoBghL5P5Y_TZZdh'\n\t\tid='fluentform-recaptcha-11-1'\n\t\tclass='ff-el-recaptcha g-recaptcha'\n\t\tdata-callback='fluentFormrecaptchaSuccessCallback'><\/div><\/div><\/div><\/div><div class='ff-el-group ff-text-left ff_submit_btn_wrapper'><button type=\"submit\" class=\"ff-btn ff-btn-submit ff-btn-md ff_btn_style\"  aria-label=\"Send\">Send<\/button><\/div><\/fieldset><input type=\"hidden\" name=\"trp-form-language\" value=\"en\"\/><\/form><div id='fluentform_11_errors' class='ff-errors-in-stack ff_form_instance_11_1 ff-form-loading_errors ff_form_instance_11_1_errors'><\/div><\/div>            <script type=\"text\/javascript\">\n                window.fluent_form_ff_form_instance_11_1 = {\"id\":\"11\",\"settings\":{\"layout\":{\"labelPlacement\":\"top\",\"asteriskPlacement\":\"asterisk-right\",\"helpMessagePlacement\":\"with_label\",\"errorMessagePlacement\":\"inline\",\"cssClassName\":\"\"},\"restrictions\":{\"denyEmptySubmission\":{\"enabled\":false}}},\"form_instance\":\"ff_form_instance_11_1\",\"form_id_selector\":\"fluentform_11\",\"rules\":{\"text_2\":{\"required\":{\"value\":true,\"message\":\"This field is required\",\"global\":false,\"global_message\":\"This field is required\"}},\"text_1\":{\"required\":{\"value\":false,\"message\":\"This field is required\",\"global\":false,\"global_message\":\"This field is required\"}},\"text_3\":{\"required\":{\"value\":false,\"message\":\"This field is required\",\"global\":false,\"global_message\":\"This field is required\"}},\"text_4\":{\"required\":{\"value\":false,\"message\":\"This field is required\",\"global\":false,\"global_message\":\"This field is required\"}},\"text_5\":{\"required\":{\"value\":true,\"message\":\"This field is required\",\"global\":false,\"global_message\":\"This field is required\"}},\"textarea_6\":{\"required\":{\"value\":true,\"message\":\"This field is required\",\"global\":false,\"global_message\":\"This field is required\"}},\"g-recaptcha-response\":[]},\"debounce_time\":300};\n                            <\/script>","protected":false},"excerpt":{"rendered":"<p>Parteneriate solide pentru un viitor sustenabil Membrii CNREE Asocia\u021bia Centrul Na\u021bional de Reciclare Electrice \u0219i Electronice (CNREE) \u00ee\u0219i desf\u0103\u0219oar\u0103 activitatea \u00eempreun\u0103 cu membrii s\u0103i, respectiv produc\u0103tori \u0219i importatori de echipamente electrice \u0219i electronice (DEEE), care sunt totodat\u0103 partenerii no\u0219tri \u00een asumarea \u0219i \u00eendeplinirea responsabilit\u0103\u021bilor legale privind gestionarea DEEE. Calitatea de membru reflect\u0103 \u00eencrederea pe care [&hellip;]<\/p>","protected":false},"author":2,"featured_media":0,"parent":0,"menu_order":0,"comment_status":"closed","ping_status":"closed","template":"","meta":{"_uag_custom_page_level_css":"","site-sidebar-layout":"no-sidebar","site-content-layout":"plain-container","ast-site-content-layout":"normal-width-container","site-content-style":"unboxed","site-sidebar-style":"unboxed","ast-global-header-display":"","ast-banner-title-visibility":"","ast-main-header-display":"","ast-hfb-above-header-display":"","ast-hfb-below-header-display":"","ast-hfb-mobile-header-display":"","site-post-title":"disabled","ast-breadcrumbs-content":"","ast-featured-img":"","footer-sml-layout":"","theme-transparent-header-meta":"default","adv-header-id-meta":"","stick-header-meta":"","header-above-stick-meta":"","header-main-stick-meta":"","header-below-stick-meta":"","astra-migrate-meta-layouts":"set","ast-page-background-enabled":"default","ast-page-background-meta":{"desktop":{"background-color":"","background-image":"","background-repeat":"repeat","background-position":"center center","background-size":"auto","background-attachment":"scroll","background-type":"","background-media":"","overlay-type":"","overlay-color":"","overlay-opacity":"","overlay-gradient":""},"tablet":{"background-color":"","background-image":"","background-repeat":"repeat","background-position":"center center","background-size":"auto","background-attachment":"scroll","background-type":"","background-media":"","overlay-type":"","overlay-color":"","overlay-opacity":"","overlay-gradient":""},"mobile":{"background-color":"","background-image":"","background-repeat":"repeat","background-position":"center center","background-size":"auto","background-attachment":"scroll","background-type":"","background-media":"","overlay-type":"","overlay-color":"","overlay-opacity":"","overlay-gradient":""}},"ast-content-background-meta":{"desktop":{"background-color":"var(--ast-global-color-5)","background-image":"","background-repeat":"repeat","background-position":"center center","background-size":"auto","background-attachment":"scroll","background-type":"","background-media":"","overlay-type":"","overlay-color":"","overlay-opacity":"","overlay-gradient":""},"tablet":{"background-color":"var(--ast-global-color-5)","background-image":"","background-repeat":"repeat","background-position":"center center","background-size":"auto","background-attachment":"scroll","background-type":"","background-media":"","overlay-type":"","overlay-color":"","overlay-opacity":"","overlay-gradient":""},"mobile":{"background-color":"var(--ast-global-color-5)","background-image":"","background-repeat":"repeat","background-position":"center center","background-size":"auto","background-attachment":"scroll","background-type":"","background-media":"","overlay-type":"","overlay-color":"","overlay-opacity":"","overlay-gradient":""}},"footnotes":""},"class_list":["post-1870","page","type-page","status-publish","hentry"],"uagb_featured_image_src":{"full":false,"thumbnail":false,"medium":false,"medium_large":false,"large":false,"1536x1536":false,"2048x2048":false,"trp-custom-language-flag":false},"uagb_author_info":{"display_name":"cnree.ro","author_link":"https:\/\/cnree.ro\/en\/author\/cnree-ro\/"},"uagb_comment_info":0,"uagb_excerpt":"Parteneriate solide pentru un viitor sustenabil Membrii CNREE Asocia\u021bia Centrul Na\u021bional de Reciclare Electrice \u0219i Electronice (CNREE) \u00ee\u0219i desf\u0103\u0219oar\u0103 activitatea \u00eempreun\u0103 cu membrii s\u0103i, respectiv produc\u0103tori \u0219i importatori de echipamente electrice \u0219i electronice (DEEE), care sunt totodat\u0103 partenerii no\u0219tri \u00een asumarea \u0219i \u00eendeplinirea responsabilit\u0103\u021bilor legale privind gestionarea DEEE. Calitatea de membru reflect\u0103 \u00eencrederea pe care&hellip;","_links":{"self":[{"href":"https:\/\/cnree.ro\/en\/wp-json\/wp\/v2\/pages\/1870","targetHints":{"allow":["GET"]}}],"collection":[{"href":"https:\/\/cnree.ro\/en\/wp-json\/wp\/v2\/pages"}],"about":[{"href":"https:\/\/cnree.ro\/en\/wp-json\/wp\/v2\/types\/page"}],"author":[{"embeddable":true,"href":"https:\/\/cnree.ro\/en\/wp-json\/wp\/v2\/users\/2"}],"replies":[{"embeddable":true,"href":"https:\/\/cnree.ro\/en\/wp-json\/wp\/v2\/comments?post=1870"}],"version-history":[{"count":16,"href":"https:\/\/cnree.ro\/en\/wp-json\/wp\/v2\/pages\/1870\/revisions"}],"predecessor-version":[{"id":2052,"href":"https:\/\/cnree.ro\/en\/wp-json\/wp\/v2\/pages\/1870\/revisions\/2052"}],"wp:attachment":[{"href":"https:\/\/cnree.ro\/en\/wp-json\/wp\/v2\/media?parent=1870"}],"curies":[{"name":"wp","href":"https:\/\/api.w.org\/{rel}","templated":true}]}}