{"id":1888,"date":"2025-09-09T03:00:00","date_gmt":"2025-09-09T03:00:00","guid":{"rendered":"https:\/\/cnree.ro\/?page_id=1888"},"modified":"2025-09-09T06:02:11","modified_gmt":"2025-09-09T06:02:11","slug":"haideee-sa-reciclam-09-25","status":"publish","type":"page","link":"https:\/\/cnree.ro\/en\/haideee-sa-reciclam-09-25\/","title":{"rendered":"HAIDEEE s\u0103 recicl\u0103m! 09\/25"},"content":{"rendered":"<figure class=\"wp-block-image aligncenter size-large\"><img fetchpriority=\"high\" decoding=\"async\" width=\"1024\" height=\"692\" src=\"https:\/\/cnree.ro\/wp-content\/uploads\/2025\/09\/Social-Media_HaiDEEE-1450x980-1-1024x692.png\" alt=\"\" class=\"wp-image-1889\" srcset=\"https:\/\/cnree.ro\/wp-content\/uploads\/2025\/09\/Social-Media_HaiDEEE-1450x980-1-1024x692.png 1024w, https:\/\/cnree.ro\/wp-content\/uploads\/2025\/09\/Social-Media_HaiDEEE-1450x980-1-300x203.png 300w, https:\/\/cnree.ro\/wp-content\/uploads\/2025\/09\/Social-Media_HaiDEEE-1450x980-1-768x519.png 768w, https:\/\/cnree.ro\/wp-content\/uploads\/2025\/09\/Social-Media_HaiDEEE-1450x980-1-1536x1038.png 1536w, https:\/\/cnree.ro\/wp-content\/uploads\/2025\/09\/Social-Media_HaiDEEE-1450x980-1-2048x1384.png 2048w, https:\/\/cnree.ro\/wp-content\/uploads\/2025\/09\/Social-Media_HaiDEEE-1450x980-1-18x12.png 18w\" sizes=\"(max-width: 1024px) 100vw, 1024px\" \/><\/figure>\n\n\n\n<div style=\"height:100px\" aria-hidden=\"true\" class=\"wp-block-spacer\"><\/div>\n\n\n\n<p class=\"has-text-align-center has-medium-font-size\">REGULAMENT CAMPANIA NA\u021aIONAL\u0102 <strong>HAIDEEE s\u0103 recicl\u0103m!<\/strong><\/p>\n\n\n\n<p><strong>Perioada \u0219i aria de derulare<\/strong><strong><\/strong><\/p>\n\n\n\n<p>Campania Na\u021bional\u0103 de colectare a echipamentelor uzate \u201cHAIDEEE s\u0103 recicl\u0103m\u201d are loc \u00een perioada 10.09.2025 \u2013 10.10.2025 \u0219i se va derula \u00een localit\u0103\u021bile participante la nivel na\u021bional, \u00een conformitate cu prevederile prezentului Regulament. Regulamentul este \u00eentocmit \u0219i este publicat pe web site-ul www.cnree.ro, conform legisla\u021biei aplicabile \u00een Rom\u00e2nia.<\/p>\n\n\n\n<p>Ne dorim s\u0103 implic\u0103m c\u00e2t mai multe localit\u0103\u021bi \u00een ac\u021biunile de colectare, a\u0219a c\u0103 lista localit\u0103\u021bilor participante este \u00een continuare deschis\u0103, prim\u0103riile put\u00e2nd s\u0103 \u00ee\u0219i exprime interesul de a&nbsp;se \u00eenscrie \u00een campanie \u0219i de a organiza ac\u021biuni de colectare pe toat\u0103 durata campaniei.<\/p>\n\n\n\n<p>\u00cen fiecare localitate selectat\u0103 vor avea loc ac\u021biuni de colectare, conform prezentului regulament.<\/p>\n\n\n\n<p><strong>Scopul \u0219i obiectivele campaniei<\/strong><strong><\/strong><\/p>\n\n\n\n<p>Organizatorul campaniei na\u021bionale de informare \u0219i con\u0219tientizare a popula\u021biei cu privire la importan\u021ba colect\u0103rii DEEE (denumit\u0103 pe scurt \u201eCampania\u201d) este: Asocia\u021bia Centrul Na\u021bional de Reciclare Electrice \u0219i Electronice, cu sediul \u00een Bucure\u0219ti, str. \u0218irbei Vod\u0103, nr. 119, Sector 1, \u00eenmatriculat\u0103 \u00een Registrul Asocia\u021biilor \u0219i Funda\u021biilor sub nr. 48\/17.08.20, CUI RO 42953223, autorizat\u0103 s\u0103 colecteze DEEE conform autoriza\u021biei de mediu nr. <a href=\"https:\/\/mmediu.ro\/app\/webroot\/uploads\/files\/CNREE%202024%281%29.pdf\" target=\"_blank\" rel=\"noreferrer noopener\">13\/19.01.2024<\/a>; denumit \u00een continuare \u201eOrganizator\u201d.<\/p>\n\n\n\n<p>Campania de colectare \u201dHAIDEEE s\u0103 recicl\u0103m\u201d are drept obiective cre\u0219terea nivelului de informare \u0219i con\u0219tientizare a popula\u021biei cu privire la importan\u021ba colect\u0103rii selective a de\u0219eurilor electrice \u00een vederea recicl\u0103rii acestora, precum \u0219i cre\u0219terea cantit\u0103\u021bilor de de\u0219euri colectate de la popula\u021bie cu scopul \u00eendeplinirii obiectivelor prev\u0103zute de OUG nr. 5\/2015.<\/p>\n\n\n\n<p>Campania este organizat\u0103 \u00een parteneriat cu ACOR Maramure\u0219.<\/p>\n\n\n\n<p><strong>Participan\u021bi \u0219i drept de participare<\/strong><strong><\/strong><\/p>\n\n\n\n<p>La campanie pot participa persoane fizice rezidente pe teritoriul Rom\u00e2niei, cu v\u00e2rsta minim\u0103 de 18 ani \u00eemplini\u021bi la data \u00eenscrierii \u00een Campanie \u0219i care sunt domicilia\u021bi pe raza localit\u0103\u021bii participante \u00een Campanie. Vezi detalii complete \u00een <a href=\"https:\/\/cnree.ro\/wp-content\/uploads\/2025\/09\/Regulament-complet-website-HAIDEEE-sa-reciclam-Septembrie-2025.pdf\">prezentul Regulament<\/a>.<\/p>\n\n\n\n<p><strong>Mecanismul de campanie<\/strong><strong><\/strong><\/p>\n\n\n\n<ul class=\"wp-block-list\">\n<li>Pentru \u00eenscrierea \u00een Campanie, participan\u021bii trebuie s\u0103 predea unul sau mai multe aparate electrocasnice, electrice sau electronice uzate (DEEE), vechi sau defecte, \u00eentregi (nedezmembrate) la punctul de colectare fix amplasat \u00een localitate \u0219i comunicat prin materialele de informare, \u00een perioada derul\u0103rii campaniei.<\/li>\n\n\n\n<li>Predarea de\u0219eurilor se efectueaz\u0103 la punctul fix de colectare organizat cu sprijinul prim\u0103riei sau a partenerilor.<\/li>\n\n\n\n<li>Orice persoan\u0103 care va preda minim 30kg de echipamente electrice \u0219i electronice va primi un premiu garantat la alegere, conform schemei de bonifica\u021bie.<\/li>\n\n\n\n<li>\u00cen calitate de de\u021bin\u0103tori de DEEE care pot con\u021bine informa\u021bii confiden\u021biale, secrete comerciale sau date cu caracter personal, participan\u021bii au obliga\u021bia de a se asigura \u00eenainte de a preda de\u0219eurile c\u0103 acestea au fost formatate \u0219i nu con\u021bin informa\u021bii stocate. Organizatorul nu este responsabil pentru informa\u021biile stocate pe aceste echipamente sau pentru maniera \u00een care subcontractorii le gestioneaz\u0103.<\/li>\n<\/ul>\n\n\n\n<p><strong>Schema de bonifica\u021bie<\/strong><strong><\/strong><\/p>\n\n\n\n<p> During the <strong>\u201eHaideee s\u0103 recicl\u0103m!\u201d<\/strong> bonifica\u021biile oferite constau \u00een premii, acordate doar pentru debarasarea de DEEE-urile de clasa A din categoria 1 (cu excep\u021bia grupele 1h \u0219i 1i), conform Anexelor 1A si 1B din HG 1037\/2010, dup\u0103 cum urmeaz\u0103:&nbsp;<\/p>\n\n\n\n<p>Pentru a primi premiu, participantii&nbsp;<strong>trebuie s\u0103 predea<\/strong>&nbsp;unul din urm\u0103toarele produse vechi:<\/p>\n\n\n\n<ul class=\"wp-block-list\">\n<li>ma\u0219in\u0103 de sp\u0103lat rufe automat\u0103,<\/li>\n\n\n\n<li>frigider,<\/li>\n\n\n\n<li>combin\u0103 frigorific\u0103,<\/li>\n\n\n\n<li>vitrin\u0103 frigorific\u0103,<\/li>\n\n\n\n<li>congelator cu \u00een\u0103l\u021bimea de minim 140 cm;&nbsp;<\/li>\n\n\n\n<li>l\u0103da frigorific\u0103, cu l\u0103\u021bime de minim 100 cm, sau<\/li>\n\n\n\n<li>orice alt aparat electrocasnic, electric sau electronic uzat\/ vechi sau defect, \u00eentreg (nedezmembrat) cu greutate de minim 30 kg\/ buc.<\/li>\n<\/ul>\n\n\n\n<p>Este eligibil\u0103 pentru bonifica\u021bie o greutate cumulat\u0103 a mai multor de\u0219euri cu greutate individual\u0103 mai mic\u0103 de 30kg\/buc, at\u00e2ta timp c\u00e2t valoarea cumulat\u0103 este de minim 30kg.<\/p>\n\n\n\n<p>Pentru fiecare produs din categoria de mai sus predat, participantul&nbsp;<strong>prime\u0219te la alegere \u0219i \u00een limita stocului disponibil unul din urm\u0103toarele premii<\/strong>:<\/p>\n\n\n\n<ul class=\"wp-block-list\">\n<li><\/li>\n\n\n\n<li>ma\u0219in\u0103 de g\u0103urit cu percu\u021bie,<\/li>\n\n\n\n<li>polizor unghiular.<\/li>\n<\/ul>\n\n\n\n<p><strong>Aten\u021bie<\/strong>: Nu se acord\u0103 contravaloarea \u00een bani a premiilor.<\/p>\n\n\n\n<p>Participarea la aceast\u0103 Campanie presupune cunoa\u015fterea \u015fi acceptarea integral\u0103 \u015fi necondi\u0163ionat\u0103 de c\u0103tre participant a prevederilor \u015fi aplic\u0103rii prezentului Regulament \u00een ceea ce prive\u015fte Campania.<\/p>\n\n\n\n<p>Regulamentul complet poate fi consultat <a href=\"https:\/\/cnree.ro\/wp-content\/uploads\/2025\/09\/Regulament-complet-website-HAIDEEE-sa-reciclam-Septembrie-2025.pdf\">AICI<\/a><a href=\"https:\/\/cnree.ro\/wp-content\/uploads\/2023\/08\/Regulament-complet-valabilitate-august2023.pdf\">.<\/a><\/p>\n\n\n\n<figure class=\"wp-block-image aligncenter size-large\"><img decoding=\"async\" width=\"1024\" height=\"414\" src=\"https:\/\/cnree.ro\/wp-content\/uploads\/2023\/02\/green-consulting-1024x414.jpg\" alt=\"\" class=\"wp-image-1322\" srcset=\"https:\/\/cnree.ro\/wp-content\/uploads\/2023\/02\/green-consulting-1024x414.jpg 1024w, https:\/\/cnree.ro\/wp-content\/uploads\/2023\/02\/green-consulting-300x121.jpg 300w, https:\/\/cnree.ro\/wp-content\/uploads\/2023\/02\/green-consulting-768x311.jpg 768w, https:\/\/cnree.ro\/wp-content\/uploads\/2023\/02\/green-consulting-18x7.jpg 18w, https:\/\/cnree.ro\/wp-content\/uploads\/2023\/02\/green-consulting.jpg 1160w\" sizes=\"(max-width: 1024px) 100vw, 1024px\" \/><\/figure>","protected":false},"excerpt":{"rendered":"<p>REGULAMENT CAMPANIA NA\u021aIONAL\u0102 HAIDEEE s\u0103 recicl\u0103m! Perioada \u0219i aria de derulare Campania Na\u021bional\u0103 de colectare a echipamentelor uzate \u201cHAIDEEE s\u0103 recicl\u0103m\u201d are loc \u00een perioada 10.09.2025 \u2013 10.10.2025 \u0219i se va derula \u00een localit\u0103\u021bile participante la nivel na\u021bional, \u00een conformitate cu prevederile prezentului Regulament. Regulamentul este \u00eentocmit \u0219i este publicat pe web site-ul www.cnree.ro, conform [&hellip;]<\/p>","protected":false},"author":2,"featured_media":0,"parent":0,"menu_order":0,"comment_status":"closed","ping_status":"closed","template":"","meta":{"_uag_custom_page_level_css":"","site-sidebar-layout":"default","site-content-layout":"","ast-site-content-layout":"default","site-content-style":"default","site-sidebar-style":"default","ast-global-header-display":"","ast-banner-title-visibility":"","ast-main-header-display":"","ast-hfb-above-header-display":"","ast-hfb-below-header-display":"","ast-hfb-mobile-header-display":"","site-post-title":"disabled","ast-breadcrumbs-content":"","ast-featured-img":"","footer-sml-layout":"","theme-transparent-header-meta":"","adv-header-id-meta":"","stick-header-meta":"","header-above-stick-meta":"","header-main-stick-meta":"","header-below-stick-meta":"","astra-migrate-meta-layouts":"set","ast-page-background-enabled":"default","ast-page-background-meta":{"desktop":{"background-color":"","background-image":"","background-repeat":"repeat","background-position":"center center","background-size":"auto","background-attachment":"scroll","background-type":"","background-media":"","overlay-type":"","overlay-color":"","overlay-gradient":""},"tablet":{"background-color":"","background-image":"","background-repeat":"repeat","background-position":"center center","background-size":"auto","background-attachment":"scroll","background-type":"","background-media":"","overlay-type":"","overlay-color":"","overlay-gradient":""},"mobile":{"background-color":"","background-image":"","background-repeat":"repeat","background-position":"center center","background-size":"auto","background-attachment":"scroll","background-type":"","background-media":"","overlay-type":"","overlay-color":"","overlay-gradient":""}},"ast-content-background-meta":{"desktop":{"background-color":"var(--ast-global-color-5)","background-image":"","background-repeat":"repeat","background-position":"center center","background-size":"auto","background-attachment":"scroll","background-type":"","background-media":"","overlay-type":"","overlay-color":"","overlay-gradient":""},"tablet":{"background-color":"var(--ast-global-color-5)","background-image":"","background-repeat":"repeat","background-position":"center center","background-size":"auto","background-attachment":"scroll","background-type":"","background-media":"","overlay-type":"","overlay-color":"","overlay-gradient":""},"mobile":{"background-color":"var(--ast-global-color-5)","background-image":"","background-repeat":"repeat","background-position":"center center","background-size":"auto","background-attachment":"scroll","background-type":"","background-media":"","overlay-type":"","overlay-color":"","overlay-gradient":""}},"footnotes":""},"class_list":["post-1888","page","type-page","status-publish","hentry"],"uagb_featured_image_src":{"full":false,"thumbnail":false,"medium":false,"medium_large":false,"large":false,"1536x1536":false,"2048x2048":false,"trp-custom-language-flag":false},"uagb_author_info":{"display_name":"cnree.ro","author_link":"https:\/\/cnree.ro\/en\/author\/cnree-ro\/"},"uagb_comment_info":0,"uagb_excerpt":"REGULAMENT CAMPANIA NA\u021aIONAL\u0102 HAIDEEE s\u0103 recicl\u0103m! Perioada \u0219i aria de derulare Campania Na\u021bional\u0103 de colectare a echipamentelor uzate \u201cHAIDEEE s\u0103 recicl\u0103m\u201d are loc \u00een perioada 10.09.2025 \u2013 10.10.2025 \u0219i se va derula \u00een localit\u0103\u021bile participante la nivel na\u021bional, \u00een conformitate cu prevederile prezentului Regulament. Regulamentul este \u00eentocmit \u0219i este publicat pe web site-ul www.cnree.ro, conform&hellip;","_links":{"self":[{"href":"https:\/\/cnree.ro\/en\/wp-json\/wp\/v2\/pages\/1888","targetHints":{"allow":["GET"]}}],"collection":[{"href":"https:\/\/cnree.ro\/en\/wp-json\/wp\/v2\/pages"}],"about":[{"href":"https:\/\/cnree.ro\/en\/wp-json\/wp\/v2\/types\/page"}],"author":[{"embeddable":true,"href":"https:\/\/cnree.ro\/en\/wp-json\/wp\/v2\/users\/2"}],"replies":[{"embeddable":true,"href":"https:\/\/cnree.ro\/en\/wp-json\/wp\/v2\/comments?post=1888"}],"version-history":[{"count":1,"href":"https:\/\/cnree.ro\/en\/wp-json\/wp\/v2\/pages\/1888\/revisions"}],"predecessor-version":[{"id":1892,"href":"https:\/\/cnree.ro\/en\/wp-json\/wp\/v2\/pages\/1888\/revisions\/1892"}],"wp:attachment":[{"href":"https:\/\/cnree.ro\/en\/wp-json\/wp\/v2\/media?parent=1888"}],"curies":[{"name":"wp","href":"https:\/\/api.w.org\/{rel}","templated":true}]}}