{"id":1894,"date":"2025-09-09T00:02:09","date_gmt":"2025-09-09T00:02:09","guid":{"rendered":"https:\/\/cnree.ro\/?page_id=1894"},"modified":"2025-09-09T00:02:09","modified_gmt":"2025-09-09T00:02:09","slug":"pe-locuri-fiti-gata-deee-09-25","status":"publish","type":"page","link":"https:\/\/cnree.ro\/en\/pe-locuri-fiti-gata-deee-09-25\/","title":{"rendered":"Pe locuri, fi\u021bi gata, DEEE! 09\/25"},"content":{"rendered":"<figure class=\"wp-block-image aligncenter size-large\"><img fetchpriority=\"high\" decoding=\"async\" width=\"1024\" height=\"692\" src=\"https:\/\/cnree.ro\/wp-content\/uploads\/2025\/09\/1000031051-1024x692.png\" alt=\"\" class=\"wp-image-1897\" srcset=\"https:\/\/cnree.ro\/wp-content\/uploads\/2025\/09\/1000031051-1024x692.png 1024w, https:\/\/cnree.ro\/wp-content\/uploads\/2025\/09\/1000031051-300x203.png 300w, https:\/\/cnree.ro\/wp-content\/uploads\/2025\/09\/1000031051-768x519.png 768w, https:\/\/cnree.ro\/wp-content\/uploads\/2025\/09\/1000031051-1536x1038.png 1536w, https:\/\/cnree.ro\/wp-content\/uploads\/2025\/09\/1000031051-2048x1384.png 2048w, https:\/\/cnree.ro\/wp-content\/uploads\/2025\/09\/1000031051-18x12.png 18w\" sizes=\"(max-width: 1024px) 100vw, 1024px\" \/><\/figure>\n\n\n\n<div style=\"height:100px\" aria-hidden=\"true\" class=\"wp-block-spacer\"><\/div>\n\n\n\n<p class=\"has-text-align-center has-medium-font-size\">REGULAMENT CAMPANIA NA\u021aIONAL\u0102 <strong>Pe locuri, fi\u021bi gata, DEEE!<\/strong><\/p>\n\n\n\n<p><strong>Perioada \u0219i aria de derulare<\/strong><strong><\/strong><\/p>\n\n\n\n<p>Campania \u0219colar\u0103 de colectare a echipamentelor electrice \u0219i electronice uzate \u201ePe locuri, fi\u021bi gata, DEEE!\u201d are loc \u00een perioada 10.09.2025 \u2013 10.10.2025 \u0219i se va derula \u00een unit\u0103\u021bile de \u00eenv\u0103\u021b\u0103m\u00e2nt participante din jude\u021bul Maramure\u0219, \u00een conformitate cu prezentul Regulament.<\/p>\n\n\n\n<p> Regulamentul este \u00eentocmit \u0219i este publicat pe web site-ul www.cnree.ro, conform legisla\u021biei aplicabile \u00een Rom\u00e2nia.<\/p>\n\n\n\n<p><strong>Scopul \u0219i obiectivele campaniei<\/strong><strong><\/strong><\/p>\n\n\n\n<p>Organizatorul campaniei na\u021bionale de informare \u0219i con\u0219tientizare a popula\u021biei cu privire la importan\u021ba colect\u0103rii DEEE (denumit\u0103 pe scurt \u201eCampania\u201d) este: Asocia\u021bia Centrul Na\u021bional de Reciclare Electrice \u0219i Electronice, cu sediul \u00een Bucure\u0219ti, str. \u0218irbei Vod\u0103, nr. 119, Sector 1, \u00eenmatriculat\u0103 \u00een Registrul Asocia\u021biilor \u0219i Funda\u021biilor sub nr. 48\/17.08.20, CUI RO 42953223, autorizat\u0103 s\u0103 colecteze DEEE conform autoriza\u021biei de mediu nr. <a href=\"https:\/\/mmediu.ro\/app\/webroot\/uploads\/files\/CNREE%202024%281%29.pdf\" target=\"_blank\" rel=\"noreferrer noopener\">13\/19.01.2024<\/a>; denumit \u00een continuare \u201eOrganizator\u201d.<\/p>\n\n\n\n<p>Campania are ca obiectiv principal cre\u0219terea nivelului de informare \u0219i con\u0219tientizare a copiilor \u0219i cadrelor didactice cu privire la importan\u021ba colect\u0103rii selective a de\u0219eurilor electrice, implicarea \u0219colilor \u0219i gr\u0103dini\u021belor \u00een ac\u021biuni de reciclare \u0219i stimularea creativit\u0103\u021bii prin concursuri tematice de desene \u0219i eseuri, contribuind astfel la formarea unei culturi a responsabilit\u0103\u021bii fa\u021b\u0103 de mediu \u00eenc\u0103 din primii ani de educa\u021bie.<\/p>\n\n\n\n<p>Campania este organizat\u0103 \u00een parteneriat cu ACOR Maramure\u0219.<\/p>\n\n\n\n<p><strong>Participan\u021bi \u0219i drept de participare<\/strong><strong><\/strong><\/p>\n\n\n\n<p>La campanie pot participa pre\u0219colarii din gr\u0103dini\u021bele participante \u0219i elevii din \u0219colile din jude\u021bul Maramure\u0219, iar cadrele didactice vor sprijini organizarea, centralizarea \u0219i transmiterea listelor cu copiii \u0219i elevii implica\u021bi, pentru a facilita acordarea premiilor.<\/p>\n\n\n\n<p>Vezi detalii complete \u00een <a href=\"https:\/\/cnree.ro\/wp-content\/uploads\/2025\/09\/Regulament-complet-website-Pe-locuri-fii-gata-DEEE-Septembrie-2025.pdf\">prezentul Regulament.<\/a><\/p>\n\n\n\n<p><strong>Mecanismul de campanie<\/strong><strong><\/strong><\/p>\n\n\n\n<ul class=\"wp-block-list\">\n<li>Pentru \u00eenscrierea \u00een Campanie, elevii trebuie fie s\u0103 predea \u00een \u0219coal\u0103 echipamente electrice sau electronice uzate (DEEE), vechi sau defecte, \u00eentregi (nedezmembrate), fie s\u0103 participe cu o prob\u0103 creativ\u0103, const\u00e2nd \u00eentr-un desen (pentru pre\u0219colari) sau o compunere\/eseu (pentru elevi), pe teme legate de reciclare (\u201eRolul meu \u00een reciclare\u201d, \u201eReciclarea \u00een satul meu\u201d, \u201eCum v\u0103d eu reciclarea \u00een viitor\u201d).Predarea de\u0219eurilor se efectueaz\u0103 centralizat, \u00een unit\u0103\u021bile de \u00eenv\u0103\u021b\u0103m\u00e2nt participante, urm\u00e2nd ca acestea s\u0103 fie colectate ulterior de operatori autoriza\u021bi.<\/li>\n\n\n\n<li>\u00cen calitate de de\u021bin\u0103tori de DEEE care pot con\u021bine informa\u021bii confiden\u021biale, secrete comerciale sau date cu caracter personal, participan\u021bii au obliga\u021bia de a se asigura \u00eenainte de a preda de\u0219eurile c\u0103 acestea au fost formatate \u0219i nu con\u021bin informa\u021bii stocate. Organizatorul nu este responsabil pentru informa\u021biile stocate pe aceste echipamente sau pentru maniera \u00een care subcontractorii le gestioneaz\u0103.<\/li>\n<\/ul>\n\n\n\n<p><strong>Schema de bonifica\u021bie<\/strong><strong><\/strong><\/p>\n\n\n\n<p>\u00cen cadrul campaniei \u201ePe locuri, fi\u021bi gata, DEEE!\u201d bonifica\u021biile oferite constau \u00een premii acordate pentru predarea de\u0219eurilor electrice \u0219i electronice uzate (DEEE) sau pentru participarea la activit\u0103\u021bile creative.Pentru a primi premiu, participan\u021bii trebuie s\u0103 se \u00eencadreze \u00een una dintre categoriile de mai jos:Elevii care predau minimum 5 kg DEEE primesc un smartwatch sau un rucsac.Pre\u0219colarii care realizeaz\u0103 un desen pe tema recicl\u0103rii primesc creioane colorate sau carioci.Elevii care redacteaz\u0103 o compunere sau un eseu pe tema recicl\u0103rii primesc \u0219apc\u0103, tricou sau minge, la alegere.<\/p>\n\n\n\n<p>Temele pentru desene \u0219i eseuri sunt: \u201eRolul meu \u00een reciclare\u201d, \u201eReciclarea \u00een satul meu\u201d sau \u201eCum v\u0103d eu reciclarea \u00een viitor\u201d. Premiile pentru activit\u0103\u021bile creative se acord\u0103 dup\u0103 \u00eencheierea campaniei, pe baza listelor centralizate transmise de cadrele didactice din fiecare unitate de \u00eenv\u0103\u021b\u0103m\u00e2nt. Premiile pentru colect\u0103rile de DEEE se vor acorda \u00een dou\u0103 tran\u0219e, la finalul lunii septembrie \u0219i la finalul campaniei, \u00een limita bugetului disponibil.<\/p>\n\n\n\n<p>Premiile nu pot fi transformate \u00een bani sau alte beneficii echivalente, se acord\u0103 \u00een limita stocurilor disponibile, iar valoarea total\u0103 a premiilor oferite este de 25.000 lei. La atingerea acestei sume, Organizatorul va anun\u021ba public pe site-ul propriu \u00eencetarea campaniei.<\/p>\n\n\n\n<p>Participarea la aceast\u0103 Campanie presupune cunoa\u015fterea \u015fi acceptarea integral\u0103 \u015fi necondi\u0163ionat\u0103 de c\u0103tre participant a prevederilor \u015fi aplic\u0103rii prezentului Regulament \u00een ceea ce prive\u015fte Campania.<\/p>\n\n\n\n<p>Regulamentul complet poate fi consultat <a href=\"https:\/\/cnree.ro\/wp-content\/uploads\/2025\/09\/Regulament-complet-website-Pe-locuri-fii-gata-DEEE-Septembrie-2025.pdf\">AICI.<\/a><\/p>\n\n\n\n<figure class=\"wp-block-image aligncenter size-large\"><img decoding=\"async\" width=\"1024\" height=\"414\" src=\"https:\/\/cnree.ro\/wp-content\/uploads\/2023\/02\/green-consulting-1024x414.jpg\" alt=\"\" class=\"wp-image-1322\" srcset=\"https:\/\/cnree.ro\/wp-content\/uploads\/2023\/02\/green-consulting-1024x414.jpg 1024w, https:\/\/cnree.ro\/wp-content\/uploads\/2023\/02\/green-consulting-300x121.jpg 300w, https:\/\/cnree.ro\/wp-content\/uploads\/2023\/02\/green-consulting-768x311.jpg 768w, https:\/\/cnree.ro\/wp-content\/uploads\/2023\/02\/green-consulting-18x7.jpg 18w, https:\/\/cnree.ro\/wp-content\/uploads\/2023\/02\/green-consulting.jpg 1160w\" sizes=\"(max-width: 1024px) 100vw, 1024px\" \/><\/figure>","protected":false},"excerpt":{"rendered":"<p>REGULAMENT CAMPANIA NA\u021aIONAL\u0102 Pe locuri, fi\u021bi gata, DEEE! Perioada \u0219i aria de derulare Campania \u0219colar\u0103 de colectare a echipamentelor electrice \u0219i electronice uzate \u201ePe locuri, fi\u021bi gata, DEEE!\u201d are loc \u00een perioada 10.09.2025 \u2013 10.10.2025 \u0219i se va derula \u00een unit\u0103\u021bile de \u00eenv\u0103\u021b\u0103m\u00e2nt participante din jude\u021bul Maramure\u0219, \u00een conformitate cu prezentul Regulament. Regulamentul este \u00eentocmit [&hellip;]<\/p>","protected":false},"author":2,"featured_media":0,"parent":0,"menu_order":0,"comment_status":"closed","ping_status":"closed","template":"","meta":{"_uag_custom_page_level_css":"","site-sidebar-layout":"default","site-content-layout":"","ast-site-content-layout":"default","site-content-style":"default","site-sidebar-style":"default","ast-global-header-display":"","ast-banner-title-visibility":"","ast-main-header-display":"","ast-hfb-above-header-display":"","ast-hfb-below-header-display":"","ast-hfb-mobile-header-display":"","site-post-title":"disabled","ast-breadcrumbs-content":"","ast-featured-img":"","footer-sml-layout":"","theme-transparent-header-meta":"","adv-header-id-meta":"","stick-header-meta":"","header-above-stick-meta":"","header-main-stick-meta":"","header-below-stick-meta":"","astra-migrate-meta-layouts":"set","ast-page-background-enabled":"default","ast-page-background-meta":{"desktop":{"background-color":"","background-image":"","background-repeat":"repeat","background-position":"center center","background-size":"auto","background-attachment":"scroll","background-type":"","background-media":"","overlay-type":"","overlay-color":"","overlay-gradient":""},"tablet":{"background-color":"","background-image":"","background-repeat":"repeat","background-position":"center center","background-size":"auto","background-attachment":"scroll","background-type":"","background-media":"","overlay-type":"","overlay-color":"","overlay-gradient":""},"mobile":{"background-color":"","background-image":"","background-repeat":"repeat","background-position":"center center","background-size":"auto","background-attachment":"scroll","background-type":"","background-media":"","overlay-type":"","overlay-color":"","overlay-gradient":""}},"ast-content-background-meta":{"desktop":{"background-color":"var(--ast-global-color-5)","background-image":"","background-repeat":"repeat","background-position":"center center","background-size":"auto","background-attachment":"scroll","background-type":"","background-media":"","overlay-type":"","overlay-color":"","overlay-gradient":""},"tablet":{"background-color":"var(--ast-global-color-5)","background-image":"","background-repeat":"repeat","background-position":"center center","background-size":"auto","background-attachment":"scroll","background-type":"","background-media":"","overlay-type":"","overlay-color":"","overlay-gradient":""},"mobile":{"background-color":"var(--ast-global-color-5)","background-image":"","background-repeat":"repeat","background-position":"center center","background-size":"auto","background-attachment":"scroll","background-type":"","background-media":"","overlay-type":"","overlay-color":"","overlay-gradient":""}},"footnotes":""},"class_list":["post-1894","page","type-page","status-publish","hentry"],"uagb_featured_image_src":{"full":false,"thumbnail":false,"medium":false,"medium_large":false,"large":false,"1536x1536":false,"2048x2048":false,"trp-custom-language-flag":false},"uagb_author_info":{"display_name":"cnree.ro","author_link":"https:\/\/cnree.ro\/en\/author\/cnree-ro\/"},"uagb_comment_info":0,"uagb_excerpt":"REGULAMENT CAMPANIA NA\u021aIONAL\u0102 Pe locuri, fi\u021bi gata, DEEE! Perioada \u0219i aria de derulare Campania \u0219colar\u0103 de colectare a echipamentelor electrice \u0219i electronice uzate \u201ePe locuri, fi\u021bi gata, DEEE!\u201d are loc \u00een perioada 10.09.2025 \u2013 10.10.2025 \u0219i se va derula \u00een unit\u0103\u021bile de \u00eenv\u0103\u021b\u0103m\u00e2nt participante din jude\u021bul Maramure\u0219, \u00een conformitate cu prezentul Regulament. Regulamentul este \u00eentocmit&hellip;","_links":{"self":[{"href":"https:\/\/cnree.ro\/en\/wp-json\/wp\/v2\/pages\/1894","targetHints":{"allow":["GET"]}}],"collection":[{"href":"https:\/\/cnree.ro\/en\/wp-json\/wp\/v2\/pages"}],"about":[{"href":"https:\/\/cnree.ro\/en\/wp-json\/wp\/v2\/types\/page"}],"author":[{"embeddable":true,"href":"https:\/\/cnree.ro\/en\/wp-json\/wp\/v2\/users\/2"}],"replies":[{"embeddable":true,"href":"https:\/\/cnree.ro\/en\/wp-json\/wp\/v2\/comments?post=1894"}],"version-history":[{"count":5,"href":"https:\/\/cnree.ro\/en\/wp-json\/wp\/v2\/pages\/1894\/revisions"}],"predecessor-version":[{"id":1900,"href":"https:\/\/cnree.ro\/en\/wp-json\/wp\/v2\/pages\/1894\/revisions\/1900"}],"wp:attachment":[{"href":"https:\/\/cnree.ro\/en\/wp-json\/wp\/v2\/media?parent=1894"}],"curies":[{"name":"wp","href":"https:\/\/api.w.org\/{rel}","templated":true}]}}