{"id":1969,"date":"2025-11-27T11:53:32","date_gmt":"2025-11-27T11:53:32","guid":{"rendered":"https:\/\/cnree.ro\/?page_id=1969"},"modified":"2025-11-27T11:53:32","modified_gmt":"2025-11-27T11:53:32","slug":"fa-loc-bucuriei","status":"publish","type":"page","link":"https:\/\/cnree.ro\/en\/fa-loc-bucuriei\/","title":{"rendered":"F\u0103 loc bucuriei"},"content":{"rendered":"<figure class=\"wp-block-gallery has-nested-images columns-default is-cropped wp-block-gallery-1 is-layout-flex wp-block-gallery-is-layout-flex\">\n<figure class=\"wp-block-image size-large\"><img fetchpriority=\"high\" decoding=\"async\" width=\"1024\" height=\"682\" data-id=\"1972\" src=\"https:\/\/cnree.ro\/wp-content\/uploads\/2025\/11\/pexels-537662997-16547516-1024x682.jpg\" alt=\"\" class=\"wp-image-1972\" srcset=\"https:\/\/cnree.ro\/wp-content\/uploads\/2025\/11\/pexels-537662997-16547516-1024x682.jpg 1024w, https:\/\/cnree.ro\/wp-content\/uploads\/2025\/11\/pexels-537662997-16547516-300x200.jpg 300w, https:\/\/cnree.ro\/wp-content\/uploads\/2025\/11\/pexels-537662997-16547516-768x512.jpg 768w, https:\/\/cnree.ro\/wp-content\/uploads\/2025\/11\/pexels-537662997-16547516-18x12.jpg 18w, https:\/\/cnree.ro\/wp-content\/uploads\/2025\/11\/pexels-537662997-16547516.jpg 1280w\" sizes=\"(max-width: 1024px) 100vw, 1024px\" \/><\/figure>\n\n\n\n<figure class=\"wp-block-image size-large\"><img decoding=\"async\" width=\"1024\" height=\"683\" data-id=\"1970\" src=\"https:\/\/cnree.ro\/wp-content\/uploads\/2025\/11\/pexels-polesietoys-6130352-1-1024x683.jpg\" alt=\"\" class=\"wp-image-1970\" srcset=\"https:\/\/cnree.ro\/wp-content\/uploads\/2025\/11\/pexels-polesietoys-6130352-1-1024x683.jpg 1024w, https:\/\/cnree.ro\/wp-content\/uploads\/2025\/11\/pexels-polesietoys-6130352-1-300x200.jpg 300w, https:\/\/cnree.ro\/wp-content\/uploads\/2025\/11\/pexels-polesietoys-6130352-1-768x512.jpg 768w, https:\/\/cnree.ro\/wp-content\/uploads\/2025\/11\/pexels-polesietoys-6130352-1-18x12.jpg 18w, https:\/\/cnree.ro\/wp-content\/uploads\/2025\/11\/pexels-polesietoys-6130352-1.jpg 1280w\" sizes=\"(max-width: 1024px) 100vw, 1024px\" \/><\/figure>\n\n\n\n<figure class=\"wp-block-image size-large\"><img decoding=\"async\" width=\"1024\" height=\"683\" data-id=\"1971\" src=\"https:\/\/cnree.ro\/wp-content\/uploads\/2025\/11\/pexels-polesietoys-19916318-1024x683.jpg\" alt=\"\" class=\"wp-image-1971\" srcset=\"https:\/\/cnree.ro\/wp-content\/uploads\/2025\/11\/pexels-polesietoys-19916318-1024x683.jpg 1024w, https:\/\/cnree.ro\/wp-content\/uploads\/2025\/11\/pexels-polesietoys-19916318-300x200.jpg 300w, https:\/\/cnree.ro\/wp-content\/uploads\/2025\/11\/pexels-polesietoys-19916318-768x512.jpg 768w, https:\/\/cnree.ro\/wp-content\/uploads\/2025\/11\/pexels-polesietoys-19916318-18x12.jpg 18w, https:\/\/cnree.ro\/wp-content\/uploads\/2025\/11\/pexels-polesietoys-19916318.jpg 1279w\" sizes=\"(max-width: 1024px) 100vw, 1024px\" \/><\/figure>\n<\/figure>\n\n\n\n<h2 class=\"wp-block-heading\"><strong>F\u0103 loc bucuriei! Recicleaz\u0103 responsabil electronicele vechi<\/strong><\/h2>\n\n\n\n<p>\u00cen luna decembrie, facem loc bucuriei eliber\u00e2nd spa\u021biul din casa noastr\u0103 \u2014 \u0219i din mediul \u00een care tr\u0103im.<br>Dac\u0103 ai electronice vechi, stricate sau pe care nu le mai folose\u0219ti, acum este momentul perfect s\u0103 le predai responsabil.<\/p>\n\n\n\n<h3 class=\"wp-block-heading\"><strong>Unde po\u021bi preda DEEE-urile?<\/strong><\/h3>\n\n\n\n<p>Po\u021bi duce de\u0219eurile electrice \u0219i electronice \u00een oricare dintre punctele de colectare marcate pe hart\u0103, disponibile pe site-ul nostru partener:<br>&#x1f449; <strong><a href=\"https:\/\/weareco.ro\/\">Vezi harta punctelor de colectare: weareco.ro<\/a><\/strong><\/p>\n\n\n\n<h3 class=\"wp-block-heading\"><strong>Ai cantit\u0103\u021bi mari? Le ridic\u0103m noi!<\/strong><\/h3>\n\n\n\n<p>Pentru volume mari de DEEE, CNREE le poate ridica direct de la adresa ta, gratuit \u0219i \u00een condi\u021bii de siguran\u021b\u0103.<br>Tot ce trebuie s\u0103 faci este <a href=\"https:\/\/weareco.ro\/\">s\u0103 ne contactezi<\/a> \u0219i stabilim \u00eempreun\u0103 detaliile prelu\u0103rii.<\/p>\n\n\n\n<h3 class=\"wp-block-heading\"><strong>De ce s\u0103 reciclezi DEEE-urile?<\/strong><\/h3>\n\n\n\n<ul class=\"wp-block-list\">\n<li>Eliberezi spa\u021biu \u00een cas\u0103<\/li>\n\n\n\n<li>Protejezi mediul<\/li>\n\n\n\n<li>Sus\u021bii reciclarea responsabil\u0103<\/li>\n\n\n\n<li>Contribui la un viitor mai curat<\/li>\n<\/ul>\n\n\n\n<p><strong>F\u0103 un gest simplu. F\u0103 loc bucuriei.<\/strong><br>Recicleaz\u0103 DEEE-urile cu CNREE.<\/p>","protected":false},"excerpt":{"rendered":"<p>F\u0103 loc bucuriei! Recicleaz\u0103 responsabil electronicele vechi \u00cen luna decembrie, facem loc bucuriei eliber\u00e2nd spa\u021biul din casa noastr\u0103 \u2014 \u0219i din mediul \u00een care tr\u0103im.Dac\u0103 ai electronice vechi, stricate sau pe care nu le mai folose\u0219ti, acum este momentul perfect s\u0103 le predai responsabil. Unde po\u021bi preda DEEE-urile? Po\u021bi duce de\u0219eurile electrice \u0219i electronice \u00een [&hellip;]<\/p>","protected":false},"author":2,"featured_media":0,"parent":0,"menu_order":0,"comment_status":"closed","ping_status":"closed","template":"","meta":{"_uag_custom_page_level_css":"","site-sidebar-layout":"default","site-content-layout":"","ast-site-content-layout":"default","site-content-style":"default","site-sidebar-style":"default","ast-global-header-display":"","ast-banner-title-visibility":"","ast-main-header-display":"","ast-hfb-above-header-display":"","ast-hfb-below-header-display":"","ast-hfb-mobile-header-display":"","site-post-title":"","ast-breadcrumbs-content":"","ast-featured-img":"","footer-sml-layout":"","theme-transparent-header-meta":"","adv-header-id-meta":"","stick-header-meta":"","header-above-stick-meta":"","header-main-stick-meta":"","header-below-stick-meta":"","astra-migrate-meta-layouts":"set","ast-page-background-enabled":"default","ast-page-background-meta":{"desktop":{"background-color":"","background-image":"","background-repeat":"repeat","background-position":"center center","background-size":"auto","background-attachment":"scroll","background-type":"","background-media":"","overlay-type":"","overlay-color":"","overlay-opacity":"","overlay-gradient":""},"tablet":{"background-color":"","background-image":"","background-repeat":"repeat","background-position":"center center","background-size":"auto","background-attachment":"scroll","background-type":"","background-media":"","overlay-type":"","overlay-color":"","overlay-opacity":"","overlay-gradient":""},"mobile":{"background-color":"","background-image":"","background-repeat":"repeat","background-position":"center center","background-size":"auto","background-attachment":"scroll","background-type":"","background-media":"","overlay-type":"","overlay-color":"","overlay-opacity":"","overlay-gradient":""}},"ast-content-background-meta":{"desktop":{"background-color":"var(--ast-global-color-5)","background-image":"","background-repeat":"repeat","background-position":"center center","background-size":"auto","background-attachment":"scroll","background-type":"","background-media":"","overlay-type":"","overlay-color":"","overlay-opacity":"","overlay-gradient":""},"tablet":{"background-color":"var(--ast-global-color-5)","background-image":"","background-repeat":"repeat","background-position":"center center","background-size":"auto","background-attachment":"scroll","background-type":"","background-media":"","overlay-type":"","overlay-color":"","overlay-opacity":"","overlay-gradient":""},"mobile":{"background-color":"var(--ast-global-color-5)","background-image":"","background-repeat":"repeat","background-position":"center center","background-size":"auto","background-attachment":"scroll","background-type":"","background-media":"","overlay-type":"","overlay-color":"","overlay-opacity":"","overlay-gradient":""}},"footnotes":""},"class_list":["post-1969","page","type-page","status-publish","hentry"],"uagb_featured_image_src":{"full":false,"thumbnail":false,"medium":false,"medium_large":false,"large":false,"1536x1536":false,"2048x2048":false,"trp-custom-language-flag":false},"uagb_author_info":{"display_name":"cnree.ro","author_link":"https:\/\/cnree.ro\/en\/author\/cnree-ro\/"},"uagb_comment_info":0,"uagb_excerpt":"F\u0103 loc bucuriei! Recicleaz\u0103 responsabil electronicele vechi \u00cen luna decembrie, facem loc bucuriei eliber\u00e2nd spa\u021biul din casa noastr\u0103 \u2014 \u0219i din mediul \u00een care tr\u0103im.Dac\u0103 ai electronice vechi, stricate sau pe care nu le mai folose\u0219ti, acum este momentul perfect s\u0103 le predai responsabil. Unde po\u021bi preda DEEE-urile? Po\u021bi duce de\u0219eurile electrice \u0219i electronice \u00een&hellip;","_links":{"self":[{"href":"https:\/\/cnree.ro\/en\/wp-json\/wp\/v2\/pages\/1969","targetHints":{"allow":["GET"]}}],"collection":[{"href":"https:\/\/cnree.ro\/en\/wp-json\/wp\/v2\/pages"}],"about":[{"href":"https:\/\/cnree.ro\/en\/wp-json\/wp\/v2\/types\/page"}],"author":[{"embeddable":true,"href":"https:\/\/cnree.ro\/en\/wp-json\/wp\/v2\/users\/2"}],"replies":[{"embeddable":true,"href":"https:\/\/cnree.ro\/en\/wp-json\/wp\/v2\/comments?post=1969"}],"version-history":[{"count":1,"href":"https:\/\/cnree.ro\/en\/wp-json\/wp\/v2\/pages\/1969\/revisions"}],"predecessor-version":[{"id":1973,"href":"https:\/\/cnree.ro\/en\/wp-json\/wp\/v2\/pages\/1969\/revisions\/1973"}],"wp:attachment":[{"href":"https:\/\/cnree.ro\/en\/wp-json\/wp\/v2\/media?parent=1969"}],"curies":[{"name":"wp","href":"https:\/\/api.w.org\/{rel}","templated":true}]}}