{"id":1994,"date":"2025-12-18T07:46:28","date_gmt":"2025-12-18T07:46:28","guid":{"rendered":"https:\/\/cnree.ro\/?page_id=1994"},"modified":"2025-12-18T21:16:20","modified_gmt":"2025-12-18T21:16:20","slug":"inregistrare-forumul-partenerilor-2026","status":"publish","type":"page","link":"https:\/\/cnree.ro\/en\/inregistrare-forumul-partenerilor-2026\/","title":{"rendered":"\u00cenregistrare Forumul Partenerilor 2026"},"content":{"rendered":"<figure class=\"wp-block-image aligncenter size-large\"><img fetchpriority=\"high\" decoding=\"async\" width=\"1024\" height=\"743\" src=\"https:\/\/cnree.ro\/wp-content\/uploads\/2025\/12\/invitatie-forum-1024x743.png\" alt=\"\" class=\"wp-image-1985\" srcset=\"https:\/\/cnree.ro\/wp-content\/uploads\/2025\/12\/invitatie-forum-1024x743.png 1024w, https:\/\/cnree.ro\/wp-content\/uploads\/2025\/12\/invitatie-forum-300x218.png 300w, https:\/\/cnree.ro\/wp-content\/uploads\/2025\/12\/invitatie-forum-768x557.png 768w, https:\/\/cnree.ro\/wp-content\/uploads\/2025\/12\/invitatie-forum-18x12.png 18w, https:\/\/cnree.ro\/wp-content\/uploads\/2025\/12\/invitatie-forum.png 1241w\" sizes=\"(max-width: 1024px) 100vw, 1024px\" \/><\/figure>\n\n\n\n<div class=\"wp-block-uagb-advanced-heading uagb-block-328c016f\"><h2 class=\"uagb-heading-text\">\u00cenregistrare Forumul Partenerilor 2026<\/h2><\/div>\n\n\n<div class='fluentform ff-default fluentform_wrapper_4 ffs_default_wrap'><form data-form_id=\"4\" id=\"fluentform_4\" class=\"frm-fluent-form fluent_form_4 ff-el-form-top ff_form_instance_4_1 ff-form-loading ffs_default\" data-form_instance=\"ff_form_instance_4_1\" method=\"POST\" action=\"\" ><fieldset  style=\"border: none!important;margin: 0!important;padding: 0!important;background-color: transparent!important;box-shadow: none!important;outline: none!important; min-inline-size: 100%;\">\n                    <legend class=\"ff_screen_reader_title\" style=\"display: block; margin: 0!important;padding: 0!important;height: 0!important;text-indent: -999999px;width: 0!important;overflow:hidden;\">Formular de \u00eenscriere Forumul Partenerilor<\/legend><input type='hidden' name='__fluent_form_embded_post_id' value='1994' \/><input type=\"hidden\" id=\"_fluentform_4_fluentformnonce\" name=\"_fluentform_4_fluentformnonce\" value=\"751bb50e00\" \/><input type=\"hidden\" name=\"_wp_http_referer\" value=\"\/en\/wp-json\/wp\/v2\/pages\/1994\" \/><div data-type=\"name-element\" data-name=\"name_4\" class=\"ff-field_container ff-name-field-wrapper\" ><div class='ff-t-container'><div class='ff-t-cell'><div class='ff-el-group  ff-el-form-top'><div class=\"ff-el-input--label ff-el-is-required asterisk-right\"><label for='ff_4_name_4_first_name_' id='label_ff_4_name_4_first_name_' >Name<\/label><\/div><div class='ff-el-input--content'><input type=\"text\" name=\"name_4[first_name]\" id=\"ff_4_name_4_first_name_\" class=\"ff-el-form-control\" placeholder=\"First Name\" aria-invalid=\"false\" aria-required=\"true\"><\/div><\/div><\/div><\/div><\/div><div class='ff-el-group'><div class=\"ff-el-input--label ff-el-is-required asterisk-right\"><label for='ff_4_email_5' id='label_ff_4_email_5' aria-label=\"Adres\u0103 de e-mail\">Adres\u0103 de e-mail<\/label><\/div><div class='ff-el-input--content'><input type=\"email\" name=\"email_5\" class=\"ff-el-form-control\" id=\"ff_4_email_5\" data-name=\"email_5\"  aria-invalid=\"false\" aria-required=\"true\"><\/div><\/div><div class='ff-el-group'><div class=\"ff-el-input--label ff-el-is-required asterisk-right\"><label for='ff_4_text_2' id='label_ff_4_text_2' aria-label=\"Companie \/ Organiza\u021bie\">Companie \/ Organiza\u021bie<\/label><\/div><div class='ff-el-input--content'><input type=\"text\" name=\"text_2\" class=\"ff-el-form-control\" id=\"ff_4_text_2\" data-name=\"text_2\"  aria-invalid=\"false\" aria-required=\"true\"><\/div><\/div><div class='ff-el-group'><div class=\"ff-el-input--label ff-el-is-required asterisk-right\"><label for='ff_4_text_3' id='label_ff_4_text_3' aria-label=\"Func\u021bie\">Func\u021bie<\/label><\/div><div class='ff-el-input--content'><input type=\"text\" name=\"text_3\" class=\"ff-el-form-control\" id=\"ff_4_text_3\" data-name=\"text_3\"  aria-invalid=\"false\" aria-required=\"true\"><\/div><\/div><div class='ff-el-group'><div class=\"ff-el-input--label ff-el-is-required asterisk-right\"><label for='ff_4_text_7' id='label_ff_4_text_7' aria-label=\"Telefon de contact\">Telefon de contact<\/label><\/div><div class='ff-el-input--content'><input type=\"text\" name=\"text_7\" class=\"ff-el-form-control\" id=\"ff_4_text_7\" data-name=\"text_7\"  aria-invalid=\"false\" aria-required=\"true\"><\/div><\/div><div class='ff-el-group'><div class=\"ff-el-input--label asterisk-right\"><label   aria-label=\"Doresc s\u0103 \u00eemi promovez serviciile \u00een cadrul M2M\">Doresc s\u0103 \u00eemi promovez serviciile \u00een cadrul M2M<\/label><\/div><div class='ff-el-input--content'><div class='ff-el-form-check ff-el-form-check-'><label class='ff-el-form-check-label' for='radio_8_44e7f9e9246e313af5a565cd6792e2b0'><input  name=\"radio_8\" class=\"ff-el-form-check-input ff-el-form-check-radio\" type=\"radio\" data-name=\"radio_8\" value=\"Da\"  id='radio_8_44e7f9e9246e313af5a565cd6792e2b0' aria-label='Da' aria-invalid='false' aria-required=\"false\"> <span>Da<\/span><\/label><\/div><div class='ff-el-form-check ff-el-form-check-'><label class='ff-el-form-check-label' for='radio_8_c07697a37203e4e979fefc241b26f203'><input  name=\"radio_8\" class=\"ff-el-form-check-input ff-el-form-check-radio\" type=\"radio\" data-name=\"radio_8\" value=\"Nu\"  id='radio_8_c07697a37203e4e979fefc241b26f203' aria-label='Nu' aria-invalid='false' aria-required=\"false\"> <span>Nu<\/span><\/label><\/div><\/div><\/div><div class='ff-el-group' ><div class='ff-el-input--content'><div data-fluent_id='4' name='g-recaptcha-response'><div\n\t\tdata-sitekey='6LcaYUosAAAAAM5wM7xu22hjjoBghL5P5Y_TZZdh'\n\t\tid='fluentform-recaptcha-4-1'\n\t\tclass='ff-el-recaptcha g-recaptcha'\n\t\tdata-callback='fluentFormrecaptchaSuccessCallback'><\/div><\/div><\/div><\/div><div class='ff-el-group ff-text-left ff_submit_btn_wrapper'><button type=\"submit\" class=\"ff-btn ff-btn-submit ff-btn-md ff_btn_style\"  aria-label=\"Confirm\u0103 participarea\">Confirm\u0103 participarea<\/button><\/div><\/fieldset><input type=\"hidden\" name=\"trp-form-language\" value=\"en\"\/><\/form><div id='fluentform_4_errors' class='ff-errors-in-stack ff_form_instance_4_1 ff-form-loading_errors ff_form_instance_4_1_errors'><\/div><\/div>            <script type=\"text\/javascript\">\n                window.fluent_form_ff_form_instance_4_1 = {\"id\":\"4\",\"settings\":{\"layout\":{\"labelPlacement\":\"top\",\"asteriskPlacement\":\"asterisk-right\",\"helpMessagePlacement\":\"with_label\",\"errorMessagePlacement\":\"inline\",\"cssClassName\":\"\"},\"restrictions\":{\"denyEmptySubmission\":{\"enabled\":false}}},\"form_instance\":\"ff_form_instance_4_1\",\"form_id_selector\":\"fluentform_4\",\"rules\":{\"name_4[first_name]\":{\"required\":{\"value\":true,\"message\":\"This field is required\",\"global\":false,\"global_message\":\"This field is required\"}},\"name_4[]\":{\"required\":{\"value\":false,\"message\":\"This field is required\",\"global\":false,\"global_message\":\"This field is required\"}},\"email_5\":{\"required\":{\"value\":true,\"message\":\"This field is required\",\"global\":false,\"global_message\":\"This field is required\"},\"email\":{\"value\":1,\"message\":\"This field must contain a valid email\",\"global\":false,\"global_message\":\"This field must contain a valid email\"}},\"text_2\":{\"required\":{\"value\":true,\"message\":\"This field is required\",\"global\":false,\"global_message\":\"This field is required\"}},\"text_3\":{\"required\":{\"value\":true,\"message\":\"This field is required\",\"global\":false,\"global_message\":\"This field is required\"}},\"text_7\":{\"required\":{\"value\":true,\"message\":\"This field is required\",\"global\":false,\"global_message\":\"This field is required\"}},\"radio_8\":{\"required\":{\"value\":false,\"message\":\"This field is required\",\"global\":false,\"global_message\":\"This field is required\"}},\"g-recaptcha-response\":[]},\"debounce_time\":300};\n                            <\/script>\n            \n\n\n\n<p><\/p>","protected":false},"excerpt":{"rendered":"<p>\u00cenregistrare Forumul Partenerilor 2026<\/p>","protected":false},"author":1,"featured_media":0,"parent":0,"menu_order":0,"comment_status":"closed","ping_status":"closed","template":"","meta":{"_uag_custom_page_level_css":"","site-sidebar-layout":"default","site-content-layout":"","ast-site-content-layout":"default","site-content-style":"default","site-sidebar-style":"default","ast-global-header-display":"","ast-banner-title-visibility":"","ast-main-header-display":"","ast-hfb-above-header-display":"","ast-hfb-below-header-display":"","ast-hfb-mobile-header-display":"","site-post-title":"disabled","ast-breadcrumbs-content":"","ast-featured-img":"","footer-sml-layout":"","theme-transparent-header-meta":"","adv-header-id-meta":"","stick-header-meta":"","header-above-stick-meta":"","header-main-stick-meta":"","header-below-stick-meta":"","astra-migrate-meta-layouts":"set","ast-page-background-enabled":"default","ast-page-background-meta":{"desktop":{"background-color":"","background-image":"","background-repeat":"repeat","background-position":"center center","background-size":"auto","background-attachment":"scroll","background-type":"","background-media":"","overlay-type":"","overlay-color":"","overlay-opacity":"","overlay-gradient":""},"tablet":{"background-color":"","background-image":"","background-repeat":"repeat","background-position":"center center","background-size":"auto","background-attachment":"scroll","background-type":"","background-media":"","overlay-type":"","overlay-color":"","overlay-opacity":"","overlay-gradient":""},"mobile":{"background-color":"","background-image":"","background-repeat":"repeat","background-position":"center center","background-size":"auto","background-attachment":"scroll","background-type":"","background-media":"","overlay-type":"","overlay-color":"","overlay-opacity":"","overlay-gradient":""}},"ast-content-background-meta":{"desktop":{"background-color":"var(--ast-global-color-5)","background-image":"","background-repeat":"repeat","background-position":"center center","background-size":"auto","background-attachment":"scroll","background-type":"","background-media":"","overlay-type":"","overlay-color":"","overlay-opacity":"","overlay-gradient":""},"tablet":{"background-color":"var(--ast-global-color-5)","background-image":"","background-repeat":"repeat","background-position":"center center","background-size":"auto","background-attachment":"scroll","background-type":"","background-media":"","overlay-type":"","overlay-color":"","overlay-opacity":"","overlay-gradient":""},"mobile":{"background-color":"var(--ast-global-color-5)","background-image":"","background-repeat":"repeat","background-position":"center center","background-size":"auto","background-attachment":"scroll","background-type":"","background-media":"","overlay-type":"","overlay-color":"","overlay-opacity":"","overlay-gradient":""}},"footnotes":""},"class_list":["post-1994","page","type-page","status-publish","hentry"],"uagb_featured_image_src":{"full":false,"thumbnail":false,"medium":false,"medium_large":false,"large":false,"1536x1536":false,"2048x2048":false,"trp-custom-language-flag":false},"uagb_author_info":{"display_name":"admin","author_link":"https:\/\/cnree.ro\/en\/author\/admin\/"},"uagb_comment_info":0,"uagb_excerpt":"\u00cenregistrare Forumul Partenerilor 2026","_links":{"self":[{"href":"https:\/\/cnree.ro\/en\/wp-json\/wp\/v2\/pages\/1994","targetHints":{"allow":["GET"]}}],"collection":[{"href":"https:\/\/cnree.ro\/en\/wp-json\/wp\/v2\/pages"}],"about":[{"href":"https:\/\/cnree.ro\/en\/wp-json\/wp\/v2\/types\/page"}],"author":[{"embeddable":true,"href":"https:\/\/cnree.ro\/en\/wp-json\/wp\/v2\/users\/1"}],"replies":[{"embeddable":true,"href":"https:\/\/cnree.ro\/en\/wp-json\/wp\/v2\/comments?post=1994"}],"version-history":[{"count":5,"href":"https:\/\/cnree.ro\/en\/wp-json\/wp\/v2\/pages\/1994\/revisions"}],"predecessor-version":[{"id":2012,"href":"https:\/\/cnree.ro\/en\/wp-json\/wp\/v2\/pages\/1994\/revisions\/2012"}],"wp:attachment":[{"href":"https:\/\/cnree.ro\/en\/wp-json\/wp\/v2\/media?parent=1994"}],"curies":[{"name":"wp","href":"https:\/\/api.w.org\/{rel}","templated":true}]}}