{"id":23,"date":"2021-03-19T12:10:43","date_gmt":"2021-03-19T12:10:43","guid":{"rendered":"https:\/\/staging-env003.joebbit.com\/?page_id=23"},"modified":"2025-07-24T10:26:59","modified_gmt":"2025-07-24T10:26:59","slug":"cine-suntem","status":"publish","type":"page","link":"https:\/\/cnree.ro\/en\/cine-suntem\/","title":{"rendered":"Who we are"},"content":{"rendered":"<div class=\"wp-block-cover is-light\"><img fetchpriority=\"high\" decoding=\"async\" width=\"1000\" height=\"662\" class=\"wp-block-cover__image-background wp-image-102\" alt=\"\" src=\"https:\/\/cnree.ro\/wp-content\/uploads\/2021\/03\/shutterstock_697564762.jpg\" data-object-fit=\"cover\" srcset=\"https:\/\/cnree.ro\/wp-content\/uploads\/2021\/03\/shutterstock_697564762.jpg 1000w, https:\/\/cnree.ro\/wp-content\/uploads\/2021\/03\/shutterstock_697564762-300x199.jpg 300w, https:\/\/cnree.ro\/wp-content\/uploads\/2021\/03\/shutterstock_697564762-768x508.jpg 768w, https:\/\/cnree.ro\/wp-content\/uploads\/2021\/03\/shutterstock_697564762-16x12.jpg 16w\" sizes=\"(max-width: 1000px) 100vw, 1000px\" \/><span aria-hidden=\"true\" class=\"wp-block-cover__background has-background-dim-20 has-background-dim\"><\/span><div class=\"wp-block-cover__inner-container is-layout-flow wp-block-cover-is-layout-flow\">\n<h1 class=\"wp-block-heading has-text-align-center\" style=\"font-size:45px\"><strong>Together for a better future<\/strong><\/h1>\n<\/div><\/div>\n\n\n\n<div style=\"height:25px\" aria-hidden=\"true\" class=\"wp-block-spacer\"><\/div>\n\n\n\n<h2 class=\"wp-block-heading has-text-align-center\">Who we are<\/h2>\n\n\n\n<div style=\"height:25px\" aria-hidden=\"true\" class=\"wp-block-spacer\"><\/div>\n\n\n\n<p>We are one of the main associations promoting a change in the field of electrical and electronic waste recycling and repurposing. Founded in 2020, the CNREE Association is committed to support and encourage changes for a better society by promoting consumption habits that seek to protect the environment and to make use of resources wisely.<\/p>\n\n\n\n<p>We make constant efforts to protect the environment, constantly encouraging responsible and sustainable recycling practices and policies, in accordance with the European standards. We believe that only by implementing long-term effect measures and sustained communication with the general public can help us to widely adopt changing consumption habits and to create a better society.<\/p>\n\n\n\n<p>We are committed to being the main promoters of business relationships based on trust and transparency so that all our partners and customers can relate to our mission, vision, and values.<\/p>\n\n\n\n<p><a href=\"https:\/\/cnree.ro\/wp-content\/uploads\/2025\/07\/Asociatia-Centrul-National-De-Reciclare-Electrice-Si-Electronice-9001.pdf\">Certificat ISO 9001 \u2013 Managementul Calit\u0103\u021bii<\/a><\/p>\n\n\n\n<p><a href=\"https:\/\/cnree.ro\/wp-content\/uploads\/2025\/07\/Asociatia-Centrul-National-De-Reciclare-Electrice-Si-Electronice-27001.pdf\">Certificat ISO 27001 \u2013 Securitatea Informa\u021biei<\/a><\/p>\n\n\n\n<p><a href=\"https:\/\/cnree.ro\/wp-content\/uploads\/2025\/07\/Asociatia-Centrul-National-De-Reciclare-Electrice-Si-Electronice-14001.pdf\">Certificat ISO 14001 \u2013 Managementul Mediului<\/a><\/p>\n\n\n\n<div style=\"height:25px\" aria-hidden=\"true\" class=\"wp-block-spacer\"><\/div>\n\n\n\n<h2 class=\"wp-block-heading has-text-align-center\">What we do<\/h2>\n\n\n\n<div style=\"height:25px\" aria-hidden=\"true\" class=\"wp-block-spacer\"><\/div>\n\n\n\n<div class=\"wp-block-columns is-layout-flex wp-container-core-columns-is-layout-28f84493 wp-block-columns-is-layout-flex\">\n<div class=\"wp-block-column is-layout-flow wp-block-column-is-layout-flow\">\n<figure class=\"wp-block-image size-large\"><img decoding=\"async\" src=\"https:\/\/cnree.ro\/wp-content\/uploads\/2021\/03\/iStock-1137022221.jpg\" alt=\"\" class=\"wp-image-540\"\/><\/figure>\n\n\n\n<h2 class=\"has-text-align-center wp-block-heading\">We collect<\/h2>\n\n\n\n<p>We have a constantly growing network of centers specially designed for the collection of electronic and electrical waste, so that they are collected in the best conditions and prepared for the next step.<\/p>\n<\/div>\n\n\n\n<div class=\"wp-block-column is-layout-flow wp-block-column-is-layout-flow\">\n<figure class=\"wp-block-image size-large\"><img decoding=\"async\" src=\"https:\/\/cnree.ro\/wp-content\/uploads\/2021\/03\/iStock-1167668123-e1616415268131.jpg\" alt=\"\" class=\"wp-image-541\"\/><\/figure>\n\n\n\n<h2 class=\"has-text-align-center wp-block-heading\">We recycle<\/h2>\n\n\n\n<p>Through our partners, we sort the materials and transport them to the processing units, so that they can then be processed for reuse - all by optimizing resources and consumption.<\/p>\n<\/div>\n\n\n\n<div class=\"wp-block-column is-layout-flow wp-block-column-is-layout-flow\">\n<figure class=\"wp-block-image size-large\"><img decoding=\"async\" src=\"https:\/\/cnree.ro\/wp-content\/uploads\/2021\/03\/iStock-1147308549.jpg_-alt_iStock-1147308549-e1616415489477.jpg\" alt=\"\" class=\"wp-image-542\"\/><\/figure>\n\n\n\n<h2 class=\"has-text-align-center wp-block-heading\">We reuse<\/h2>\n\n\n\n<p>We bring back to life the processed devices and materials, in the best and safest conditions, so that they can re-enter the circuit of use and can reach the hands of the consumer again.<\/p>\n<\/div>\n<\/div>\n\n\n\n<div style=\"height:25px\" aria-hidden=\"true\" class=\"wp-block-spacer\"><\/div>\n\n\n\n<p>&nbsp;<\/p>","protected":false},"excerpt":{"rendered":"<p>Cine suntem Suntem una din principalele asocia\u021bii care militeaz\u0103 pentru schimbare \u00een domeniul recicl\u0103rii \u0219i reutiliz\u0103rii de\u0219eurilor electrice \u0219i electronice. \u00cenfiin\u021bat\u0103 \u00een 2020, Asocia\u021bia CNREE are ca principal scop sus\u021binerea \u0219i promovarea schimb\u0103rii spre bine a societ\u0103\u021bii \u00een care tr\u0103im, prin promovarea unor obiceiuri de consum ce urm\u0103resc protejarea mediului \u00eenconjur\u0103tor \u0219i utilizarea mai inteligent\u0103 [&hellip;]<\/p>","protected":false},"author":1,"featured_media":0,"parent":0,"menu_order":0,"comment_status":"closed","ping_status":"closed","template":"","meta":{"_uag_custom_page_level_css":"","site-sidebar-layout":"no-sidebar","site-content-layout":"plain-container","ast-site-content-layout":"normal-width-container","site-content-style":"unboxed","site-sidebar-style":"unboxed","ast-global-header-display":"","ast-banner-title-visibility":"","ast-main-header-display":"","ast-hfb-above-header-display":"","ast-hfb-below-header-display":"","ast-hfb-mobile-header-display":"","site-post-title":"disabled","ast-breadcrumbs-content":"","ast-featured-img":"","footer-sml-layout":"","theme-transparent-header-meta":"default","adv-header-id-meta":"","stick-header-meta":"","header-above-stick-meta":"","header-main-stick-meta":"","header-below-stick-meta":"","astra-migrate-meta-layouts":"set","ast-page-background-enabled":"default","ast-page-background-meta":{"desktop":{"background-color":"","background-image":"","background-repeat":"repeat","background-position":"center center","background-size":"auto","background-attachment":"scroll","background-type":"","background-media":"","overlay-type":"","overlay-color":"","overlay-gradient":""},"tablet":{"background-color":"","background-image":"","background-repeat":"repeat","background-position":"center center","background-size":"auto","background-attachment":"scroll","background-type":"","background-media":"","overlay-type":"","overlay-color":"","overlay-gradient":""},"mobile":{"background-color":"","background-image":"","background-repeat":"repeat","background-position":"center center","background-size":"auto","background-attachment":"scroll","background-type":"","background-media":"","overlay-type":"","overlay-color":"","overlay-gradient":""}},"ast-content-background-meta":{"desktop":{"background-color":"var(--ast-global-color-5)","background-image":"","background-repeat":"repeat","background-position":"center center","background-size":"auto","background-attachment":"scroll","background-type":"","background-media":"","overlay-type":"","overlay-color":"","overlay-gradient":""},"tablet":{"background-color":"var(--ast-global-color-5)","background-image":"","background-repeat":"repeat","background-position":"center center","background-size":"auto","background-attachment":"scroll","background-type":"","background-media":"","overlay-type":"","overlay-color":"","overlay-gradient":""},"mobile":{"background-color":"var(--ast-global-color-5)","background-image":"","background-repeat":"repeat","background-position":"center center","background-size":"auto","background-attachment":"scroll","background-type":"","background-media":"","overlay-type":"","overlay-color":"","overlay-gradient":""}},"footnotes":""},"class_list":["post-23","page","type-page","status-publish","hentry"],"uagb_featured_image_src":{"full":false,"thumbnail":false,"medium":false,"medium_large":false,"large":false,"1536x1536":false,"2048x2048":false,"trp-custom-language-flag":false},"uagb_author_info":{"display_name":"admin","author_link":"https:\/\/cnree.ro\/en\/author\/admin\/"},"uagb_comment_info":0,"uagb_excerpt":"Cine suntem Suntem una din principalele asocia\u021bii care militeaz\u0103 pentru schimbare \u00een domeniul recicl\u0103rii \u0219i reutiliz\u0103rii de\u0219eurilor electrice \u0219i electronice. \u00cenfiin\u021bat\u0103 \u00een 2020, Asocia\u021bia CNREE are ca principal scop sus\u021binerea \u0219i promovarea schimb\u0103rii spre bine a societ\u0103\u021bii \u00een care tr\u0103im, prin promovarea unor obiceiuri de consum ce urm\u0103resc protejarea mediului \u00eenconjur\u0103tor \u0219i utilizarea mai inteligent\u0103&hellip;","_links":{"self":[{"href":"https:\/\/cnree.ro\/en\/wp-json\/wp\/v2\/pages\/23","targetHints":{"allow":["GET"]}}],"collection":[{"href":"https:\/\/cnree.ro\/en\/wp-json\/wp\/v2\/pages"}],"about":[{"href":"https:\/\/cnree.ro\/en\/wp-json\/wp\/v2\/types\/page"}],"author":[{"embeddable":true,"href":"https:\/\/cnree.ro\/en\/wp-json\/wp\/v2\/users\/1"}],"replies":[{"embeddable":true,"href":"https:\/\/cnree.ro\/en\/wp-json\/wp\/v2\/comments?post=23"}],"version-history":[{"count":39,"href":"https:\/\/cnree.ro\/en\/wp-json\/wp\/v2\/pages\/23\/revisions"}],"predecessor-version":[{"id":1842,"href":"https:\/\/cnree.ro\/en\/wp-json\/wp\/v2\/pages\/23\/revisions\/1842"}],"wp:attachment":[{"href":"https:\/\/cnree.ro\/en\/wp-json\/wp\/v2\/media?parent=23"}],"curies":[{"name":"wp","href":"https:\/\/api.w.org\/{rel}","templated":true}]}}