{"id":25,"date":"2021-03-19T12:11:11","date_gmt":"2021-03-19T12:11:11","guid":{"rendered":"https:\/\/staging-env003.joebbit.com\/?page_id=25"},"modified":"2021-11-22T09:51:51","modified_gmt":"2021-11-22T09:51:51","slug":"ce-sunt-deee","status":"publish","type":"page","link":"https:\/\/cnree.ro\/en\/ce-sunt-deee\/","title":{"rendered":"What is Weee"},"content":{"rendered":"<div class=\"wp-block-cover has-background-dim-20 has-background-dim\"><img fetchpriority=\"high\" decoding=\"async\" width=\"1000\" height=\"546\" class=\"wp-block-cover__image-background wp-image-378\" alt=\"\" src=\"https:\/\/cnree.ro\/wp-content\/uploads\/2021\/03\/shutterstock_518160529.jpg\" data-object-fit=\"cover\" srcset=\"https:\/\/cnree.ro\/wp-content\/uploads\/2021\/03\/shutterstock_518160529.jpg 1000w, https:\/\/cnree.ro\/wp-content\/uploads\/2021\/03\/shutterstock_518160529-300x164.jpg 300w, https:\/\/cnree.ro\/wp-content\/uploads\/2021\/03\/shutterstock_518160529-768x419.jpg 768w, https:\/\/cnree.ro\/wp-content\/uploads\/2021\/03\/shutterstock_518160529-16x9.jpg 16w\" sizes=\"(max-width: 1000px) 100vw, 1000px\" \/><div class=\"wp-block-cover__inner-container is-layout-flow wp-block-cover-is-layout-flow\">\n<h1 class=\"has-text-align-center wp-block-heading\" style=\"font-size:45px\"><p><strong>What is Weee<\/strong><\/p><\/h1>\n<\/div><\/div>\n\n\n\n<div style=\"height:25px\" aria-hidden=\"true\" class=\"wp-block-spacer\"><\/div>\n\n\n\n<h2 class=\"wp-block-heading\">In short, Electrical and Electronic Waste<\/h2>\n\n\n\n<div style=\"height:25px\" aria-hidden=\"true\" class=\"wp-block-spacer\"><\/div>\n\n\n\n<p>Any device that works on the basis of electricity can be recycled at the end of its lifespan, thus entering a repurposing process which is able to reintroduce it into the use cycle. Whether it is about light bulbs, microwave ovens or electric drills, these devices are one of the major sources of pollution worldwide, both in terms of consumption habits and the lack of a collection and recycling infrastructure.<\/p>\n\n\n\n<p>We can change that by developing a network of partners willing to invest in the necessary technology for processing these materials. Contact us today and help us change the future we will be living in!<\/p>\n\n\n\n<div style=\"height:25px\" aria-hidden=\"true\" class=\"wp-block-spacer\"><\/div>\n\n\n\n<div class=\"wp-block-columns is-layout-flex wp-container-core-columns-is-layout-28f84493 wp-block-columns-is-layout-flex\">\n<div class=\"wp-block-column is-layout-flow wp-block-column-is-layout-flow\">\n<figure class=\"wp-block-image size-large\"><img decoding=\"async\" width=\"600\" height=\"397\" src=\"https:\/\/cnree.ro\/wp-content\/uploads\/2021\/04\/cnree-reciclare-si-raportare-standarde-europene.jpg\" alt=\"\" class=\"wp-image-531\" srcset=\"https:\/\/cnree.ro\/wp-content\/uploads\/2021\/04\/cnree-reciclare-si-raportare-standarde-europene.jpg 600w, https:\/\/cnree.ro\/wp-content\/uploads\/2021\/04\/cnree-reciclare-si-raportare-standarde-europene-300x199.jpg 300w, https:\/\/cnree.ro\/wp-content\/uploads\/2021\/04\/cnree-reciclare-si-raportare-standarde-europene-16x12.jpg 16w\" sizes=\"(max-width: 600px) 100vw, 600px\" \/><\/figure>\n<\/div>\n\n\n\n<div class=\"wp-block-column is-layout-flow wp-block-column-is-layout-flow\">\n<figure class=\"wp-block-image size-large\"><img decoding=\"async\" width=\"600\" height=\"397\" src=\"https:\/\/cnree.ro\/wp-content\/uploads\/2021\/04\/cnree-reciclam-si-reutilizam.jpg\" alt=\"\" class=\"wp-image-546\" srcset=\"https:\/\/cnree.ro\/wp-content\/uploads\/2021\/04\/cnree-reciclam-si-reutilizam.jpg 600w, https:\/\/cnree.ro\/wp-content\/uploads\/2021\/04\/cnree-reciclam-si-reutilizam-300x199.jpg 300w, https:\/\/cnree.ro\/wp-content\/uploads\/2021\/04\/cnree-reciclam-si-reutilizam-16x12.jpg 16w\" sizes=\"(max-width: 600px) 100vw, 600px\" \/><\/figure>\n<\/div>\n\n\n\n<div class=\"wp-block-column is-layout-flow wp-block-column-is-layout-flow\">\n<figure class=\"wp-block-image size-large\"><img loading=\"lazy\" decoding=\"async\" width=\"600\" height=\"397\" src=\"https:\/\/cnree.ro\/wp-content\/uploads\/2021\/04\/cnree-colectam-si-reutilizam.jpg\" alt=\"\" class=\"wp-image-547\" srcset=\"https:\/\/cnree.ro\/wp-content\/uploads\/2021\/04\/cnree-colectam-si-reutilizam.jpg 600w, https:\/\/cnree.ro\/wp-content\/uploads\/2021\/04\/cnree-colectam-si-reutilizam-300x199.jpg 300w, https:\/\/cnree.ro\/wp-content\/uploads\/2021\/04\/cnree-colectam-si-reutilizam-16x12.jpg 16w\" sizes=\"(max-width: 600px) 100vw, 600px\" \/><\/figure>\n<\/div>\n<\/div>","protected":false},"excerpt":{"rendered":"<p>Pe scurt, De\u0219euri Electrice \u0219i Electronice Orice fel de dispozitiv ce functioneaz\u0103 pe baz\u0103 de energie electric\u0103 poate fi reciclat la sf\u00e2r\u0219itul vie\u021bii sale, intr\u00e2nd astfel \u00eentr-un proces de prelucrare ce poate \u00een final s\u0103 \u00eel reintroduc\u0103 \u00een circuitul de folosin\u021b\u0103. Fie c\u0103 vorbim despre becuri electrice, cuptoare cu microunde sau ma\u0219ini de g\u0103urit electrice, [&hellip;]<\/p>","protected":false},"author":1,"featured_media":0,"parent":0,"menu_order":1,"comment_status":"closed","ping_status":"closed","template":"","meta":{"_uag_custom_page_level_css":"","site-sidebar-layout":"no-sidebar","site-content-layout":"plain-container","ast-site-content-layout":"default","site-content-style":"default","site-sidebar-style":"default","ast-global-header-display":"","ast-banner-title-visibility":"","ast-main-header-display":"","ast-hfb-above-header-display":"","ast-hfb-below-header-display":"","ast-hfb-mobile-header-display":"","site-post-title":"disabled","ast-breadcrumbs-content":"","ast-featured-img":"","footer-sml-layout":"","theme-transparent-header-meta":"default","adv-header-id-meta":"","stick-header-meta":"","header-above-stick-meta":"","header-main-stick-meta":"","header-below-stick-meta":"","astra-migrate-meta-layouts":"default","ast-page-background-enabled":"default","ast-page-background-meta":{"desktop":{"background-color":"","background-image":"","background-repeat":"repeat","background-position":"center center","background-size":"auto","background-attachment":"scroll","background-type":"","background-media":"","overlay-type":"","overlay-color":"","overlay-opacity":"","overlay-gradient":""},"tablet":{"background-color":"","background-image":"","background-repeat":"repeat","background-position":"center center","background-size":"auto","background-attachment":"scroll","background-type":"","background-media":"","overlay-type":"","overlay-color":"","overlay-opacity":"","overlay-gradient":""},"mobile":{"background-color":"","background-image":"","background-repeat":"repeat","background-position":"center center","background-size":"auto","background-attachment":"scroll","background-type":"","background-media":"","overlay-type":"","overlay-color":"","overlay-opacity":"","overlay-gradient":""}},"ast-content-background-meta":{"desktop":{"background-color":"var(--ast-global-color-5)","background-image":"","background-repeat":"repeat","background-position":"center center","background-size":"auto","background-attachment":"scroll","background-type":"","background-media":"","overlay-type":"","overlay-color":"","overlay-opacity":"","overlay-gradient":""},"tablet":{"background-color":"var(--ast-global-color-5)","background-image":"","background-repeat":"repeat","background-position":"center center","background-size":"auto","background-attachment":"scroll","background-type":"","background-media":"","overlay-type":"","overlay-color":"","overlay-opacity":"","overlay-gradient":""},"mobile":{"background-color":"var(--ast-global-color-5)","background-image":"","background-repeat":"repeat","background-position":"center center","background-size":"auto","background-attachment":"scroll","background-type":"","background-media":"","overlay-type":"","overlay-color":"","overlay-opacity":"","overlay-gradient":""}},"footnotes":""},"class_list":["post-25","page","type-page","status-publish","hentry"],"uagb_featured_image_src":{"full":false,"thumbnail":false,"medium":false,"medium_large":false,"large":false,"1536x1536":false,"2048x2048":false,"trp-custom-language-flag":false},"uagb_author_info":{"display_name":"admin","author_link":"https:\/\/cnree.ro\/en\/author\/admin\/"},"uagb_comment_info":0,"uagb_excerpt":"Pe scurt, De\u0219euri Electrice \u0219i Electronice Orice fel de dispozitiv ce functioneaz\u0103 pe baz\u0103 de energie electric\u0103 poate fi reciclat la sf\u00e2r\u0219itul vie\u021bii sale, intr\u00e2nd astfel \u00eentr-un proces de prelucrare ce poate \u00een final s\u0103 \u00eel reintroduc\u0103 \u00een circuitul de folosin\u021b\u0103. Fie c\u0103 vorbim despre becuri electrice, cuptoare cu microunde sau ma\u0219ini de g\u0103urit electrice,&hellip;","_links":{"self":[{"href":"https:\/\/cnree.ro\/en\/wp-json\/wp\/v2\/pages\/25","targetHints":{"allow":["GET"]}}],"collection":[{"href":"https:\/\/cnree.ro\/en\/wp-json\/wp\/v2\/pages"}],"about":[{"href":"https:\/\/cnree.ro\/en\/wp-json\/wp\/v2\/types\/page"}],"author":[{"embeddable":true,"href":"https:\/\/cnree.ro\/en\/wp-json\/wp\/v2\/users\/1"}],"replies":[{"embeddable":true,"href":"https:\/\/cnree.ro\/en\/wp-json\/wp\/v2\/comments?post=25"}],"version-history":[{"count":15,"href":"https:\/\/cnree.ro\/en\/wp-json\/wp\/v2\/pages\/25\/revisions"}],"predecessor-version":[{"id":994,"href":"https:\/\/cnree.ro\/en\/wp-json\/wp\/v2\/pages\/25\/revisions\/994"}],"wp:attachment":[{"href":"https:\/\/cnree.ro\/en\/wp-json\/wp\/v2\/media?parent=25"}],"curies":[{"name":"wp","href":"https:\/\/api.w.org\/{rel}","templated":true}]}}