{"id":29,"date":"2021-03-19T12:11:33","date_gmt":"2021-03-19T12:11:33","guid":{"rendered":"https:\/\/staging-env003.joebbit.com\/?page_id=29"},"modified":"2021-11-22T09:56:06","modified_gmt":"2021-11-22T09:56:06","slug":"echipa","status":"publish","type":"page","link":"https:\/\/cnree.ro\/en\/echipa\/","title":{"rendered":"Our Team"},"content":{"rendered":"<div style=\"height:25px\" aria-hidden=\"true\" class=\"wp-block-spacer\"><\/div>\n\n\n\n<div class=\"wp-block-cover has-background-dim-20 has-background-dim\"><img fetchpriority=\"high\" decoding=\"async\" width=\"1000\" height=\"667\" class=\"wp-block-cover__image-background wp-image-85\" alt=\"\" src=\"https:\/\/cnree.ro\/wp-content\/uploads\/2021\/03\/shutterstock_1715989015.jpg\" data-object-fit=\"cover\" srcset=\"https:\/\/cnree.ro\/wp-content\/uploads\/2021\/03\/shutterstock_1715989015.jpg 1000w, https:\/\/cnree.ro\/wp-content\/uploads\/2021\/03\/shutterstock_1715989015-300x200.jpg 300w, https:\/\/cnree.ro\/wp-content\/uploads\/2021\/03\/shutterstock_1715989015-768x512.jpg 768w, https:\/\/cnree.ro\/wp-content\/uploads\/2021\/03\/shutterstock_1715989015-16x12.jpg 16w\" sizes=\"(max-width: 1000px) 100vw, 1000px\" \/><div class=\"wp-block-cover__inner-container is-layout-flow wp-block-cover-is-layout-flow\">\n<h1 class=\"has-text-align-center wp-block-heading\" style=\"font-size:45px\"><p>Together we succeed<\/p><\/h1>\n<\/div><\/div>\n\n\n\n<div style=\"height:25px\" aria-hidden=\"true\" class=\"wp-block-spacer\"><\/div>\n\n\n\n<p>Using our experienced operations team and a wide network of licensed collection and treatment operators, CNREE Association can provide bespoke high standards solutions for the collection and treatment of your WEEE. We aim to carry out this with minimal costs, helping you at the same time to reduce the environmental and CO2 emissions impact of your business.<\/p>\n\n\n\n<p><br>By becoming a partner of CNREE Association, you will have the opportunity to achieve the recycling rates for your EEE and to also endorse your corporate social responsibility. We promise you competitive rates and transparency, we offer you a flexible online system for hassle-free administration, and we provide you with direct phone access without having to go through a call center.<\/p>\n\n\n\n<div style=\"height:25px\" aria-hidden=\"true\" class=\"wp-block-spacer\"><\/div>\n\n\n\n<div class=\"wp-block-columns is-layout-flex wp-container-core-columns-is-layout-28f84493 wp-block-columns-is-layout-flex\">\n<div class=\"wp-block-column is-layout-flow wp-block-column-is-layout-flow\"><\/div>\n\n\n\n<div class=\"wp-block-column is-layout-flow wp-block-column-is-layout-flow\"><\/div>\n<\/div>","protected":false},"excerpt":{"rendered":"<p>Folosind echipa noastr\u0103 cu o vast\u0103 experien\u021b\u0103 \u00een domeniu \u0219i re\u021beaua noastra de colectare \u0219i tratare autorizat\u0103, Asocia\u021bia CNREE poate furniza solu\u021bii personalizate de colectare \u0219i tratare ale DEEE-urilor la standarde \u00eenalte. Ne propunem s\u0103 realiz\u0103m acest lucru cu costuri minime, ajut\u00e2nd la reducerea impactului de mediu \u0219i a emisiilor de CO2 ale afacerii Dvs. [&hellip;]<\/p>","protected":false},"author":1,"featured_media":0,"parent":0,"menu_order":4,"comment_status":"closed","ping_status":"closed","template":"","meta":{"_uag_custom_page_level_css":"","site-sidebar-layout":"no-sidebar","site-content-layout":"plain-container","ast-site-content-layout":"default","site-content-style":"default","site-sidebar-style":"default","ast-global-header-display":"","ast-banner-title-visibility":"","ast-main-header-display":"","ast-hfb-above-header-display":"","ast-hfb-below-header-display":"","ast-hfb-mobile-header-display":"","site-post-title":"disabled","ast-breadcrumbs-content":"","ast-featured-img":"","footer-sml-layout":"","theme-transparent-header-meta":"default","adv-header-id-meta":"","stick-header-meta":"","header-above-stick-meta":"","header-main-stick-meta":"","header-below-stick-meta":"","astra-migrate-meta-layouts":"default","ast-page-background-enabled":"default","ast-page-background-meta":{"desktop":{"background-color":"","background-image":"","background-repeat":"repeat","background-position":"center center","background-size":"auto","background-attachment":"scroll","background-type":"","background-media":"","overlay-type":"","overlay-color":"","overlay-opacity":"","overlay-gradient":""},"tablet":{"background-color":"","background-image":"","background-repeat":"repeat","background-position":"center center","background-size":"auto","background-attachment":"scroll","background-type":"","background-media":"","overlay-type":"","overlay-color":"","overlay-opacity":"","overlay-gradient":""},"mobile":{"background-color":"","background-image":"","background-repeat":"repeat","background-position":"center center","background-size":"auto","background-attachment":"scroll","background-type":"","background-media":"","overlay-type":"","overlay-color":"","overlay-opacity":"","overlay-gradient":""}},"ast-content-background-meta":{"desktop":{"background-color":"var(--ast-global-color-5)","background-image":"","background-repeat":"repeat","background-position":"center center","background-size":"auto","background-attachment":"scroll","background-type":"","background-media":"","overlay-type":"","overlay-color":"","overlay-opacity":"","overlay-gradient":""},"tablet":{"background-color":"var(--ast-global-color-5)","background-image":"","background-repeat":"repeat","background-position":"center center","background-size":"auto","background-attachment":"scroll","background-type":"","background-media":"","overlay-type":"","overlay-color":"","overlay-opacity":"","overlay-gradient":""},"mobile":{"background-color":"var(--ast-global-color-5)","background-image":"","background-repeat":"repeat","background-position":"center center","background-size":"auto","background-attachment":"scroll","background-type":"","background-media":"","overlay-type":"","overlay-color":"","overlay-opacity":"","overlay-gradient":""}},"footnotes":""},"class_list":["post-29","page","type-page","status-publish","hentry"],"uagb_featured_image_src":{"full":false,"thumbnail":false,"medium":false,"medium_large":false,"large":false,"1536x1536":false,"2048x2048":false,"trp-custom-language-flag":false},"uagb_author_info":{"display_name":"admin","author_link":"https:\/\/cnree.ro\/en\/author\/admin\/"},"uagb_comment_info":0,"uagb_excerpt":"Folosind echipa noastr\u0103 cu o vast\u0103 experien\u021b\u0103 \u00een domeniu \u0219i re\u021beaua noastra de colectare \u0219i tratare autorizat\u0103, Asocia\u021bia CNREE poate furniza solu\u021bii personalizate de colectare \u0219i tratare ale DEEE-urilor la standarde \u00eenalte. Ne propunem s\u0103 realiz\u0103m acest lucru cu costuri minime, ajut\u00e2nd la reducerea impactului de mediu \u0219i a emisiilor de CO2 ale afacerii Dvs.&hellip;","_links":{"self":[{"href":"https:\/\/cnree.ro\/en\/wp-json\/wp\/v2\/pages\/29","targetHints":{"allow":["GET"]}}],"collection":[{"href":"https:\/\/cnree.ro\/en\/wp-json\/wp\/v2\/pages"}],"about":[{"href":"https:\/\/cnree.ro\/en\/wp-json\/wp\/v2\/types\/page"}],"author":[{"embeddable":true,"href":"https:\/\/cnree.ro\/en\/wp-json\/wp\/v2\/users\/1"}],"replies":[{"embeddable":true,"href":"https:\/\/cnree.ro\/en\/wp-json\/wp\/v2\/comments?post=29"}],"version-history":[{"count":16,"href":"https:\/\/cnree.ro\/en\/wp-json\/wp\/v2\/pages\/29\/revisions"}],"predecessor-version":[{"id":998,"href":"https:\/\/cnree.ro\/en\/wp-json\/wp\/v2\/pages\/29\/revisions\/998"}],"wp:attachment":[{"href":"https:\/\/cnree.ro\/en\/wp-json\/wp\/v2\/media?parent=29"}],"curies":[{"name":"wp","href":"https:\/\/api.w.org\/{rel}","templated":true}]}}