{"id":36,"date":"2021-03-19T12:15:00","date_gmt":"2021-03-19T12:15:00","guid":{"rendered":"https:\/\/staging-env003.joebbit.com\/?page_id=36"},"modified":"2025-09-11T06:48:01","modified_gmt":"2025-09-11T06:48:01","slug":"obligatiile-producatorilor","status":"publish","type":"page","link":"https:\/\/cnree.ro\/en\/obligatiile-producatorilor\/","title":{"rendered":"Producers obligations"},"content":{"rendered":"<div class=\"wp-block-cover is-light\"><img fetchpriority=\"high\" decoding=\"async\" width=\"1000\" height=\"355\" class=\"wp-block-cover__image-background wp-image-375\" alt=\"\" src=\"https:\/\/cnree.ro\/wp-content\/uploads\/2021\/03\/shutterstock_382193284.jpg\" data-object-fit=\"cover\" srcset=\"https:\/\/cnree.ro\/wp-content\/uploads\/2021\/03\/shutterstock_382193284.jpg 1000w, https:\/\/cnree.ro\/wp-content\/uploads\/2021\/03\/shutterstock_382193284-300x107.jpg 300w, https:\/\/cnree.ro\/wp-content\/uploads\/2021\/03\/shutterstock_382193284-768x273.jpg 768w, https:\/\/cnree.ro\/wp-content\/uploads\/2021\/03\/shutterstock_382193284-16x6.jpg 16w\" sizes=\"(max-width: 1000px) 100vw, 1000px\" \/><span aria-hidden=\"true\" class=\"wp-block-cover__background has-background-dim-20 has-background-dim\"><\/span><div class=\"wp-block-cover__inner-container is-layout-flow wp-block-cover-is-layout-flow\">\n<h1 class=\"wp-block-heading has-text-align-center\" style=\"font-size:45px\"><strong>Producers obligations<\/strong><\/h1>\n<\/div><\/div>\n\n\n\n<div style=\"height:25px\" aria-hidden=\"true\" class=\"wp-block-spacer\"><\/div>\n\n\n\n<p>As a collective organization of producers, CNREE Association offers its members the guarantee of fulfilling their legal obligations regarding the responsible management of waste electrical and electronic equipment (WEEE) respecting the European quality standards, and ensuring process traceability, recycling and repurposing of collected waste in an efficient and transparent manner, and at competitive rates.&nbsp;<\/p>\n\n\n\n<p>According to GEO 5\/2015 stipulations, the producers\u2019 obligations are as follows:<\/p>\n\n\n\n<ul class=\"wp-block-list\">\n<li>Registering the company in the National Agency for Environmental Protection Register as a Manufacturer of EEE, obtaining a registration number;<\/li>\n\n\n\n<li>Providing the registration number to the distribution networks which EEE are traded through;<\/li>\n\n\n\n<li>Monthly reporting and declaring the EEE quantities placed on the market to the environmental authorities and to the authorized collective organization they have a contract with;<\/li>\n\n\n\n<li>Preparing the monthly statement regarding the EEE placed on the market to the Environment Fund Administration (EFA) both through the application available on the EFA website: http:\/\/www.afm.ro\/declaratii.php and on paper (in original) at the EFA headquarters; <a href=\"http:\/\/www.afm.ro\/declaratii.php\">http:\/\/www.afm.ro\/declaratii.php<\/a><\/li>\n\n\n\n<li>Achieving the minimum collection rates individually or by affiliation to a collective organization according to Art. 17 and annex 6 of GEO 5\/2015;<\/li>\n\n\n\n<li>Informing consumers by any means on:\n<ul class=\"wp-block-list\">\n<li>The costs of collection, treatment and disposal protecting the environment, by highlighting these costs separately when selling the EEE;<\/li>\n\n\n\n<li>The possibility to dispense a WEEE free of charge in a \u201cone-to-one\u201d equipment collection system, when buying a new product, under the same conditions as the delivery of the new product if the equipment is equivalent and has fulfilled the same functions as the newly supplied equipment;<\/li>\n\n\n\n<li>The obligation to collect WEEE separately and not to dispose of WEEE together with unsorted household waste;<\/li>\n\n\n\n<li>The application of a crossed-out wheeled bin symbol; <\/li>\n<\/ul>\n<\/li>\n<\/ul>\n\n\n\n<p><strong>DISTRIBUTORS\u2019 OBLIGATIONS<\/strong><\/p>\n\n\n\n<ul class=\"wp-block-list\">\n<li>Ob\u021binerea num\u0103rului de \u00eenregistrare ca produc\u0103tor eliberat de ANMAP \u00eenaintea comercializ\u0103rii oric\u0103ror echipamente EEE \u00een magazine;<\/li>\n\n\n\n<li>Informing the consumers by any means possible about the costs of collection, treatment and disposal taking into consideration the protection of the environment, by separately highlighting these costs when selling EEE according to the producers' instructions<\/li>\n\n\n\n<li>Simplifying the process of dispensing the used WEEE in a \"one-to-one\" system for consumers, when providing a new product free of charge, under the same conditions as the delivery of the new product if the equipment is equivalent and has fulfilled the same functions as the newly supplied equipment;<\/li>\n\n\n\n<li>Dispensing the collected WEEE at least free of charge to the collective organizations of producers and\/ or to the authorized collection points they have a contract with.<\/li>\n<\/ul>\n\n\n\n<p><\/p>\n\n\n\n<p><a href=\"https:\/\/cnree.ro\/wp-content\/uploads\/2021\/05\/ObligatiileproducatorilorGHIDdeINCADARE.pdf\">FAQ: HOW TO FRAME SEE EWRN SEPARATELY<\/a><\/p>\n\n\n\n<div style=\"height:25px\" aria-hidden=\"true\" class=\"wp-block-spacer\"><\/div>","protected":false},"excerpt":{"rendered":"<p>Asocia\u021bia CNREE ca organiza\u021bie colectiv\u0103 a produc\u0103torilor ofer\u0103 membrilor s\u0103i garan\u021bia \u00eendeplinirii obliga\u021biilor legale privind gestionarea responsabil\u0103 a de\u0219eurilor de echipamente electrice \u0219i electronice (DEEE), respect\u00e2nd standardele europene de calitate, asigur\u00e2nd trasabilitatea proceselor, reciclarea \u0219i valorificarea de\u0219eurilor colectate, \u00een condi\u021bii de eficien\u021b\u0103, transparen\u021b\u0103, operativitate \u0219i la costuri competitive.&nbsp; Conform prevederilor OUG 5\/2015 obliga\u021biile produc\u0103torilor sunt [&hellip;]<\/p>","protected":false},"author":1,"featured_media":0,"parent":0,"menu_order":2,"comment_status":"closed","ping_status":"closed","template":"","meta":{"_uag_custom_page_level_css":"","site-sidebar-layout":"no-sidebar","site-content-layout":"plain-container","ast-site-content-layout":"normal-width-container","site-content-style":"unboxed","site-sidebar-style":"unboxed","ast-global-header-display":"","ast-banner-title-visibility":"","ast-main-header-display":"","ast-hfb-above-header-display":"","ast-hfb-below-header-display":"","ast-hfb-mobile-header-display":"","site-post-title":"disabled","ast-breadcrumbs-content":"","ast-featured-img":"","footer-sml-layout":"","theme-transparent-header-meta":"default","adv-header-id-meta":"","stick-header-meta":"","header-above-stick-meta":"","header-main-stick-meta":"","header-below-stick-meta":"","astra-migrate-meta-layouts":"set","ast-page-background-enabled":"default","ast-page-background-meta":{"desktop":{"background-color":"","background-image":"","background-repeat":"repeat","background-position":"center center","background-size":"auto","background-attachment":"scroll","background-type":"","background-media":"","overlay-type":"","overlay-color":"","overlay-opacity":"","overlay-gradient":""},"tablet":{"background-color":"","background-image":"","background-repeat":"repeat","background-position":"center center","background-size":"auto","background-attachment":"scroll","background-type":"","background-media":"","overlay-type":"","overlay-color":"","overlay-opacity":"","overlay-gradient":""},"mobile":{"background-color":"","background-image":"","background-repeat":"repeat","background-position":"center center","background-size":"auto","background-attachment":"scroll","background-type":"","background-media":"","overlay-type":"","overlay-color":"","overlay-opacity":"","overlay-gradient":""}},"ast-content-background-meta":{"desktop":{"background-color":"var(--ast-global-color-5)","background-image":"","background-repeat":"repeat","background-position":"center center","background-size":"auto","background-attachment":"scroll","background-type":"","background-media":"","overlay-type":"","overlay-color":"","overlay-opacity":"","overlay-gradient":""},"tablet":{"background-color":"var(--ast-global-color-5)","background-image":"","background-repeat":"repeat","background-position":"center center","background-size":"auto","background-attachment":"scroll","background-type":"","background-media":"","overlay-type":"","overlay-color":"","overlay-opacity":"","overlay-gradient":""},"mobile":{"background-color":"var(--ast-global-color-5)","background-image":"","background-repeat":"repeat","background-position":"center center","background-size":"auto","background-attachment":"scroll","background-type":"","background-media":"","overlay-type":"","overlay-color":"","overlay-opacity":"","overlay-gradient":""}},"footnotes":""},"class_list":["post-36","page","type-page","status-publish","hentry"],"uagb_featured_image_src":{"full":false,"thumbnail":false,"medium":false,"medium_large":false,"large":false,"1536x1536":false,"2048x2048":false,"trp-custom-language-flag":false},"uagb_author_info":{"display_name":"admin","author_link":"https:\/\/cnree.ro\/en\/author\/admin\/"},"uagb_comment_info":0,"uagb_excerpt":"Asocia\u021bia CNREE ca organiza\u021bie colectiv\u0103 a produc\u0103torilor ofer\u0103 membrilor s\u0103i garan\u021bia \u00eendeplinirii obliga\u021biilor legale privind gestionarea responsabil\u0103 a de\u0219eurilor de echipamente electrice \u0219i electronice (DEEE), respect\u00e2nd standardele europene de calitate, asigur\u00e2nd trasabilitatea proceselor, reciclarea \u0219i valorificarea de\u0219eurilor colectate, \u00een condi\u021bii de eficien\u021b\u0103, transparen\u021b\u0103, operativitate \u0219i la costuri competitive.&nbsp; Conform prevederilor OUG 5\/2015 obliga\u021biile produc\u0103torilor sunt&hellip;","_links":{"self":[{"href":"https:\/\/cnree.ro\/en\/wp-json\/wp\/v2\/pages\/36","targetHints":{"allow":["GET"]}}],"collection":[{"href":"https:\/\/cnree.ro\/en\/wp-json\/wp\/v2\/pages"}],"about":[{"href":"https:\/\/cnree.ro\/en\/wp-json\/wp\/v2\/types\/page"}],"author":[{"embeddable":true,"href":"https:\/\/cnree.ro\/en\/wp-json\/wp\/v2\/users\/1"}],"replies":[{"embeddable":true,"href":"https:\/\/cnree.ro\/en\/wp-json\/wp\/v2\/comments?post=36"}],"version-history":[{"count":33,"href":"https:\/\/cnree.ro\/en\/wp-json\/wp\/v2\/pages\/36\/revisions"}],"predecessor-version":[{"id":1922,"href":"https:\/\/cnree.ro\/en\/wp-json\/wp\/v2\/pages\/36\/revisions\/1922"}],"wp:attachment":[{"href":"https:\/\/cnree.ro\/en\/wp-json\/wp\/v2\/media?parent=36"}],"curies":[{"name":"wp","href":"https:\/\/api.w.org\/{rel}","templated":true}]}}