{"id":38,"date":"2021-03-19T12:15:40","date_gmt":"2021-03-19T12:15:40","guid":{"rendered":"https:\/\/staging-env003.joebbit.com\/?page_id=38"},"modified":"2025-09-11T06:51:25","modified_gmt":"2025-09-11T06:51:25","slug":"inregistrarea-producatorilor-eee","status":"publish","type":"page","link":"https:\/\/cnree.ro\/en\/inregistrarea-producatorilor-eee\/","title":{"rendered":"Registration of EEE producers"},"content":{"rendered":"<div class=\"wp-block-cover is-light\"><img fetchpriority=\"high\" decoding=\"async\" width=\"2560\" height=\"1531\" class=\"wp-block-cover__image-background wp-image-554\" alt=\"\" src=\"https:\/\/cnree.ro\/wp-content\/uploads\/2021\/04\/bigstock-141889139-e1497352634712-scaled.jpg\" data-object-fit=\"cover\" srcset=\"https:\/\/cnree.ro\/wp-content\/uploads\/2021\/04\/bigstock-141889139-e1497352634712-scaled.jpg 2560w, https:\/\/cnree.ro\/wp-content\/uploads\/2021\/04\/bigstock-141889139-e1497352634712-300x179.jpg 300w, https:\/\/cnree.ro\/wp-content\/uploads\/2021\/04\/bigstock-141889139-e1497352634712-1024x612.jpg 1024w, https:\/\/cnree.ro\/wp-content\/uploads\/2021\/04\/bigstock-141889139-e1497352634712-768x459.jpg 768w, https:\/\/cnree.ro\/wp-content\/uploads\/2021\/04\/bigstock-141889139-e1497352634712-1536x918.jpg 1536w, https:\/\/cnree.ro\/wp-content\/uploads\/2021\/04\/bigstock-141889139-e1497352634712-2048x1225.jpg 2048w, https:\/\/cnree.ro\/wp-content\/uploads\/2021\/04\/bigstock-141889139-e1497352634712-16x10.jpg 16w\" sizes=\"(max-width: 2560px) 100vw, 2560px\" \/><span aria-hidden=\"true\" class=\"wp-block-cover__background has-background-dim-20 has-background-dim\"><\/span><div class=\"wp-block-cover__inner-container is-layout-flow wp-block-cover-is-layout-flow\">\n<h1 class=\"wp-block-heading has-text-align-center\" style=\"font-size:45px\"><p>Online manufacturer registration<\/p><\/h1>\n<\/div><\/div>\n\n\n\n<div style=\"height:25px\" aria-hidden=\"true\" class=\"wp-block-spacer\"><\/div>\n\n\n\n<p>In accordance with the provisions of the Ministerial Order no. 269\/2019 on the approval of the Procedures for establishing the registrations, reports, frequency of reporting to the National Register of Producers, as well as the manner of evidence and reporting of the information required in art. 9 para. (4) and to art. 27 para. (6) of the Government Emergency Ordinance no. 5\/2015 on waste electrical and electronic equipment, all importers and manufacturers of electrical and electronic equipment as defined in GEO 5\/2015 are required that, within 180 days from the date of entry into force of this order:<\/p>\n\n\n\n<p>a) s\u0103 transmit\u0103 Agen\u0163iei Na\u0163ionale pentru Mediu \u0219i Arii Protejate (ANMAP) informa\u0163iile generale estimate pentru anul anterior \u00een formatul prev\u0103zut \u00een anexa nr. 2 la procedura men\u0163ionat\u0103 la art. 1.<\/p>\n\n\n\n<p>b)\u00a0s\u0103 se \u00eenregistreze online \u00een Registrul Na\u0163ional al Produc\u0103torilor gestionat de Agen\u0163ia Na\u0163ional\u0103 pentru Mediu \u0219i Arii Protejate.<\/p>\n\n\n\n<p>(2)\u00a0Produc\u0103torii afla\u0163i \u00een procedur\u0103 de \u00eenregistrare la data intr\u0103rii \u00een vigoare a prezentului ordin sunt obliga\u0163i ca, \u00een termen de\u00a030 de zile de la data intr\u0103rii \u00een vigoare a prezentului ordin,\u00a0s\u0103 transmit\u0103 ANMAP\u00a0documentele men\u0163ionate la art. 1 alin. (4) lit. a) \u015fi b) din anexa la prezentul ordin,\u00a0respectiv Anexa 1 \u0219i Anexa 2 \u015fi\u00a0s\u0103 se \u00eenregistreze online \u00een Registrul Na\u0163ional al Produc\u0103torilor gestionat de Agen\u0163ia Na\u0163ional\u0103 pentru Mediu \u0219i Arii Protejate.<\/p>\n\n\n\n<p>(3) The online registration is done by accessing the link&nbsp;&nbsp;<a href=\"https:\/\/raportare.anpm.ro\/\">https:\/\/raportare.anpm.ro<\/a>.&nbsp;<\/p>\n\n\n\n<p>Detailed information on online registration can be found in the user manual which can be accessed on the first page of the site <a href=\"http:\/\/www.anpm.ro\/\">http:\/\/www.anpm.ro\/<\/a><\/p>\n\n\n\n<ul class=\"wp-block-list\">\n<li>Select the Recording option from the displayed menu<\/li>\n\n\n\n<li>Complete the Application following the steps indicated<\/li>\n\n\n\n<li>Check the step - Access account - access for the application from: Waste domain, EEE subdomain, Annex 01 (manufacturers).<\/li>\n<\/ul>\n\n\n\n<p>Following the registration in the nomenclature of economic operators in the Integrated Environmental System, the producers will obtain a user and an access password with which to access the SIM-EEE application, starting with 2020.&nbsp;<\/p>\n\n\n\n<p>Do not hesitate <a href=\"https:\/\/cnree.ro\/en\/contact\/\">to contact us<\/a> if the process is difficult, making it easier for you to fulfill this legal obligation.<\/p>","protected":false},"excerpt":{"rendered":"<p>\u00cen conformitate cu prevederile&nbsp;Ordinului&nbsp;de Ministru nr. 269\/2019 privind aprobarea Procedurii pentru stabilirea \u00eenregistr\u0103rii, raport\u0103rii, frecven\u0163ei de raportare c\u0103tre Registrul Na\u0163ional al Produc\u0103torilor, precum \u015fi a modului de eviden\u0163\u0103 \u015fi de raportare a informa\u0163iilor prev\u0103zute la art. 9 alin. (4) \u015fi la art. 27 alin. (6) din Ordonan\u0163a de urgen\u0163\u0103 a Guvernului nr. 5\/2015 privind de\u015feurile [&hellip;]<\/p>","protected":false},"author":1,"featured_media":0,"parent":0,"menu_order":3,"comment_status":"closed","ping_status":"closed","template":"","meta":{"_uag_custom_page_level_css":"","site-sidebar-layout":"no-sidebar","site-content-layout":"plain-container","ast-site-content-layout":"normal-width-container","site-content-style":"unboxed","site-sidebar-style":"unboxed","ast-global-header-display":"","ast-banner-title-visibility":"","ast-main-header-display":"","ast-hfb-above-header-display":"","ast-hfb-below-header-display":"","ast-hfb-mobile-header-display":"","site-post-title":"disabled","ast-breadcrumbs-content":"","ast-featured-img":"","footer-sml-layout":"","theme-transparent-header-meta":"default","adv-header-id-meta":"","stick-header-meta":"","header-above-stick-meta":"","header-main-stick-meta":"","header-below-stick-meta":"","astra-migrate-meta-layouts":"set","ast-page-background-enabled":"default","ast-page-background-meta":{"desktop":{"background-color":"","background-image":"","background-repeat":"repeat","background-position":"center center","background-size":"auto","background-attachment":"scroll","background-type":"","background-media":"","overlay-type":"","overlay-color":"","overlay-opacity":"","overlay-gradient":""},"tablet":{"background-color":"","background-image":"","background-repeat":"repeat","background-position":"center center","background-size":"auto","background-attachment":"scroll","background-type":"","background-media":"","overlay-type":"","overlay-color":"","overlay-opacity":"","overlay-gradient":""},"mobile":{"background-color":"","background-image":"","background-repeat":"repeat","background-position":"center center","background-size":"auto","background-attachment":"scroll","background-type":"","background-media":"","overlay-type":"","overlay-color":"","overlay-opacity":"","overlay-gradient":""}},"ast-content-background-meta":{"desktop":{"background-color":"var(--ast-global-color-5)","background-image":"","background-repeat":"repeat","background-position":"center center","background-size":"auto","background-attachment":"scroll","background-type":"","background-media":"","overlay-type":"","overlay-color":"","overlay-opacity":"","overlay-gradient":""},"tablet":{"background-color":"var(--ast-global-color-5)","background-image":"","background-repeat":"repeat","background-position":"center center","background-size":"auto","background-attachment":"scroll","background-type":"","background-media":"","overlay-type":"","overlay-color":"","overlay-opacity":"","overlay-gradient":""},"mobile":{"background-color":"var(--ast-global-color-5)","background-image":"","background-repeat":"repeat","background-position":"center center","background-size":"auto","background-attachment":"scroll","background-type":"","background-media":"","overlay-type":"","overlay-color":"","overlay-opacity":"","overlay-gradient":""}},"footnotes":""},"class_list":["post-38","page","type-page","status-publish","hentry"],"uagb_featured_image_src":{"full":false,"thumbnail":false,"medium":false,"medium_large":false,"large":false,"1536x1536":false,"2048x2048":false,"trp-custom-language-flag":false},"uagb_author_info":{"display_name":"admin","author_link":"https:\/\/cnree.ro\/en\/author\/admin\/"},"uagb_comment_info":0,"uagb_excerpt":"\u00cen conformitate cu prevederile&nbsp;Ordinului&nbsp;de Ministru nr. 269\/2019 privind aprobarea Procedurii pentru stabilirea \u00eenregistr\u0103rii, raport\u0103rii, frecven\u0163ei de raportare c\u0103tre Registrul Na\u0163ional al Produc\u0103torilor, precum \u015fi a modului de eviden\u0163\u0103 \u015fi de raportare a informa\u0163iilor prev\u0103zute la art. 9 alin. (4) \u015fi la art. 27 alin. (6) din Ordonan\u0163a de urgen\u0163\u0103 a Guvernului nr. 5\/2015 privind de\u015feurile&hellip;","_links":{"self":[{"href":"https:\/\/cnree.ro\/en\/wp-json\/wp\/v2\/pages\/38","targetHints":{"allow":["GET"]}}],"collection":[{"href":"https:\/\/cnree.ro\/en\/wp-json\/wp\/v2\/pages"}],"about":[{"href":"https:\/\/cnree.ro\/en\/wp-json\/wp\/v2\/types\/page"}],"author":[{"embeddable":true,"href":"https:\/\/cnree.ro\/en\/wp-json\/wp\/v2\/users\/1"}],"replies":[{"embeddable":true,"href":"https:\/\/cnree.ro\/en\/wp-json\/wp\/v2\/comments?post=38"}],"version-history":[{"count":17,"href":"https:\/\/cnree.ro\/en\/wp-json\/wp\/v2\/pages\/38\/revisions"}],"predecessor-version":[{"id":1924,"href":"https:\/\/cnree.ro\/en\/wp-json\/wp\/v2\/pages\/38\/revisions\/1924"}],"wp:attachment":[{"href":"https:\/\/cnree.ro\/en\/wp-json\/wp\/v2\/media?parent=38"}],"curies":[{"name":"wp","href":"https:\/\/api.w.org\/{rel}","templated":true}]}}