{"id":40,"date":"2021-03-19T12:16:01","date_gmt":"2021-03-19T12:16:01","guid":{"rendered":"https:\/\/staging-env003.joebbit.com\/?page_id=40"},"modified":"2025-07-24T10:28:13","modified_gmt":"2025-07-24T10:28:13","slug":"servicii","status":"publish","type":"page","link":"https:\/\/cnree.ro\/en\/servicii\/","title":{"rendered":"Services"},"content":{"rendered":"<div style=\"height:25px\" aria-hidden=\"true\" class=\"wp-block-spacer\"><\/div>\n\n\n\n<h2 class=\"wp-block-heading has-text-align-center\">Transfer of responsibility<br><\/h2>\n\n\n\n<div style=\"height:25px\" aria-hidden=\"true\" class=\"wp-block-spacer\"><\/div>\n\n\n\n<div class=\"wp-block-columns is-layout-flex wp-container-core-columns-is-layout-28f84493 wp-block-columns-is-layout-flex\">\n<div class=\"wp-block-column is-layout-flow wp-block-column-is-layout-flow\">\n<figure class=\"wp-block-image size-large\"><img decoding=\"async\" src=\"https:\/\/cnree.ro\/wp-content\/uploads\/2021\/03\/shutterstock_125570333.jpg\" alt=\"\"\/><\/figure>\n<\/div>\n\n\n\n<div class=\"wp-block-column is-layout-flow wp-block-column-is-layout-flow\">\n<p>Transfer of legal responsibilities<\/p>\n<\/div>\n\n\n\n<div class=\"wp-block-column is-layout-flow wp-block-column-is-layout-flow\">\n<figure class=\"wp-block-image size-large\"><img decoding=\"async\" src=\"https:\/\/cnree.ro\/wp-content\/uploads\/2021\/03\/shutterstock_602719514.jpg\" alt=\"\"\/><\/figure>\n<\/div>\n\n\n\n<div class=\"wp-block-column is-layout-flow wp-block-column-is-layout-flow\">\n<p>Collection and recycling of electrical waste<\/p>\n<\/div>\n\n\n\n<div class=\"wp-block-column is-layout-flow wp-block-column-is-layout-flow\">\n<figure class=\"wp-block-image size-large\"><img decoding=\"async\" src=\"https:\/\/cnree.ro\/wp-content\/uploads\/2021\/03\/iStock-621138848.jpg\" alt=\"\"\/><\/figure>\n<\/div>\n\n\n\n<div class=\"wp-block-column is-layout-flow wp-block-column-is-layout-flow\">\n<p>Authorized representative and legal compliance<\/p>\n<\/div>\n<\/div>\n\n\n\n<div style=\"height:25px\" aria-hidden=\"true\" class=\"wp-block-spacer\"><\/div>\n\n\n\n<div style=\"height:25px\" aria-hidden=\"true\" class=\"wp-block-spacer\"><\/div>\n\n\n\n<h2 class=\"wp-block-heading has-text-align-center\">WE COLLECT DAILY, FREE OF CHARGE!<\/h2>\n\n\n\n<p class=\"has-text-align-center\">Straight from your adress!<\/p>\n\n\n\n<p class=\"has-text-align-center\">Write us at <a href=\"mailto:colectare@cnree.ro\">colectare@cnree.ro<\/a><\/p>\n\n\n\n<p class=\"has-text-align-center\"> Or call us: 0751.267.850<\/p>\n\n\n\n<p><\/p>\n\n\n\n<div style=\"height:100px\" aria-hidden=\"true\" class=\"wp-block-spacer\"><\/div>\n\n\n\n<p>We act with maximum responsibility and in close collaboration with the competent authorities, respecting all the hygiene and prevention norms established by them against Covid 19.<\/p>\n\n\n\n<div style=\"height:100px\" aria-hidden=\"true\" class=\"wp-block-spacer\"><\/div>","protected":false},"excerpt":{"rendered":"<p>Transfer de responsabilitate Transferul responsabilit\u0103\u021bilor legale Colectare \u0219i reciclare de\u0219euri electrice Reprezentant autorizat \u0219i compliance legal COLECT\u0102M ZILNIC, GRATUIT! Direct de la adresa ta! Scrie-ne la colectare@cnree.ro Sau sun\u0103-ne: 0751.267.850 Ac\u021bion\u0103m cu maxim\u0103 responsabilitate \u0219i \u00een str\u00e2ns\u0103 colaborare cu autorit\u0103\u021bile competente, respect\u00e2nd toate normele de igien\u0103 \u0219i preven\u021bie instituite de acestea impotriva Covid 19.<\/p>","protected":false},"author":1,"featured_media":0,"parent":0,"menu_order":4,"comment_status":"closed","ping_status":"closed","template":"","meta":{"_uag_custom_page_level_css":"","site-sidebar-layout":"no-sidebar","site-content-layout":"plain-container","ast-site-content-layout":"normal-width-container","site-content-style":"unboxed","site-sidebar-style":"unboxed","ast-global-header-display":"","ast-banner-title-visibility":"","ast-main-header-display":"","ast-hfb-above-header-display":"","ast-hfb-below-header-display":"","ast-hfb-mobile-header-display":"","site-post-title":"disabled","ast-breadcrumbs-content":"","ast-featured-img":"","footer-sml-layout":"","theme-transparent-header-meta":"default","adv-header-id-meta":"","stick-header-meta":"","header-above-stick-meta":"","header-main-stick-meta":"","header-below-stick-meta":"","astra-migrate-meta-layouts":"set","ast-page-background-enabled":"default","ast-page-background-meta":{"desktop":{"background-color":"","background-image":"","background-repeat":"repeat","background-position":"center center","background-size":"auto","background-attachment":"scroll","background-type":"","background-media":"","overlay-type":"","overlay-color":"","overlay-gradient":""},"tablet":{"background-color":"","background-image":"","background-repeat":"repeat","background-position":"center center","background-size":"auto","background-attachment":"scroll","background-type":"","background-media":"","overlay-type":"","overlay-color":"","overlay-gradient":""},"mobile":{"background-color":"","background-image":"","background-repeat":"repeat","background-position":"center center","background-size":"auto","background-attachment":"scroll","background-type":"","background-media":"","overlay-type":"","overlay-color":"","overlay-gradient":""}},"ast-content-background-meta":{"desktop":{"background-color":"var(--ast-global-color-5)","background-image":"","background-repeat":"repeat","background-position":"center center","background-size":"auto","background-attachment":"scroll","background-type":"","background-media":"","overlay-type":"","overlay-color":"","overlay-gradient":""},"tablet":{"background-color":"var(--ast-global-color-5)","background-image":"","background-repeat":"repeat","background-position":"center center","background-size":"auto","background-attachment":"scroll","background-type":"","background-media":"","overlay-type":"","overlay-color":"","overlay-gradient":""},"mobile":{"background-color":"var(--ast-global-color-5)","background-image":"","background-repeat":"repeat","background-position":"center center","background-size":"auto","background-attachment":"scroll","background-type":"","background-media":"","overlay-type":"","overlay-color":"","overlay-gradient":""}},"footnotes":""},"class_list":["post-40","page","type-page","status-publish","hentry"],"uagb_featured_image_src":{"full":false,"thumbnail":false,"medium":false,"medium_large":false,"large":false,"1536x1536":false,"2048x2048":false,"trp-custom-language-flag":false},"uagb_author_info":{"display_name":"admin","author_link":"https:\/\/cnree.ro\/en\/author\/admin\/"},"uagb_comment_info":0,"uagb_excerpt":"Transfer de responsabilitate Transferul responsabilit\u0103\u021bilor legale Colectare \u0219i reciclare de\u0219euri electrice Reprezentant autorizat \u0219i compliance legal COLECT\u0102M ZILNIC, GRATUIT! Direct de la adresa ta! Scrie-ne la colectare@cnree.ro Sau sun\u0103-ne: 0751.267.850 Ac\u021bion\u0103m cu maxim\u0103 responsabilitate \u0219i \u00een str\u00e2ns\u0103 colaborare cu autorit\u0103\u021bile competente, respect\u00e2nd toate normele de igien\u0103 \u0219i preven\u021bie instituite de acestea impotriva Covid 19.","_links":{"self":[{"href":"https:\/\/cnree.ro\/en\/wp-json\/wp\/v2\/pages\/40","targetHints":{"allow":["GET"]}}],"collection":[{"href":"https:\/\/cnree.ro\/en\/wp-json\/wp\/v2\/pages"}],"about":[{"href":"https:\/\/cnree.ro\/en\/wp-json\/wp\/v2\/types\/page"}],"author":[{"embeddable":true,"href":"https:\/\/cnree.ro\/en\/wp-json\/wp\/v2\/users\/1"}],"replies":[{"embeddable":true,"href":"https:\/\/cnree.ro\/en\/wp-json\/wp\/v2\/comments?post=40"}],"version-history":[{"count":35,"href":"https:\/\/cnree.ro\/en\/wp-json\/wp\/v2\/pages\/40\/revisions"}],"predecessor-version":[{"id":1843,"href":"https:\/\/cnree.ro\/en\/wp-json\/wp\/v2\/pages\/40\/revisions\/1843"}],"wp:attachment":[{"href":"https:\/\/cnree.ro\/en\/wp-json\/wp\/v2\/media?parent=40"}],"curies":[{"name":"wp","href":"https:\/\/api.w.org\/{rel}","templated":true}]}}