{"id":48,"date":"2021-03-19T12:18:17","date_gmt":"2021-03-19T12:18:17","guid":{"rendered":"https:\/\/staging-env003.joebbit.com\/?page_id=48"},"modified":"2025-12-18T21:21:09","modified_gmt":"2025-12-18T21:21:09","slug":"parteneri","status":"publish","type":"page","link":"https:\/\/cnree.ro\/en\/parteneri\/","title":{"rendered":"Partners"},"content":{"rendered":"<div style=\"height:36px\" aria-hidden=\"true\" class=\"wp-block-spacer\"><\/div>\n\n\n\n<div class=\"wp-block-columns is-layout-flex wp-container-core-columns-is-layout-28f84493 wp-block-columns-is-layout-flex\">\n<div class=\"wp-block-column is-layout-flow wp-block-column-is-layout-flow\">\n<div style=\"height:100px\" aria-hidden=\"true\" class=\"wp-block-spacer\"><\/div>\n\n\n\n<h2 class=\"wp-block-heading\">Our partners are<br><br>the essence of our business<\/h2>\n<\/div>\n\n\n\n<div class=\"wp-block-column is-layout-flow wp-block-column-is-layout-flow\">\n<figure class=\"wp-block-image size-large\"><img decoding=\"async\" src=\"https:\/\/cnree.ro\/wp-content\/uploads\/2021\/03\/shutterstock_1694311657.jpg\" alt=\"\"\/><\/figure>\n<\/div>\n<\/div>\n\n\n\n<div style=\"height:27px\" aria-hidden=\"true\" class=\"wp-block-spacer\"><\/div>\n\n\n\n<p>Asocia\u0163ia CNREE pune la dispozi\u0163ie utilizatorilor de EEE unica re\u0163ea cu acoperire na\u0163ional\u0103, cu centre \u015fi puncte de colectare permanente care opereaz\u0103 la standarde europene&nbsp;\u0219i&nbsp;asigur\u0103 de asemenea servicii de colectare gratuit\u0103 a DEEE. Harta punctelor de colectare \u0219i informa\u021bii suplimentare privind activitarea se reg\u0103sesc la sec\u021biunea destinat\u0103 Puncte de colectare na\u021bional.<\/p>\n\n\n\n<p>The collection and recycling of WEEE is a mandatory responsibility and at the same time assumed by producers, importers and companies that sell electrical and electronic products, and is actively supported by partnerships with the most important operators in Romania.<\/p>\n\n\n\n<p>We are proud of our partners, European renowned companies, certified and audited periodically according <a href=\"https:\/\/www.weeelabex.org\/\"><strong>to the WEEE Labex standard.<\/strong><\/a>.<\/p>\n\n\n\n<p>The achievement of the recovery performance of electrical waste is guaranteed starting from a system for ensuring the traceability of WEEE from waste generators to the final recipients of the fractions resulting from their treatment. The process quality management system, the technical endowments with the most modern recycling installations are the essential attributes of the facilities in operation by Remat Holding and Green WEEE which have committed themselves at management level in applying the performance principles in the collection activity, transport and recycling of WEEE.<\/p>\n\n\n\n<p>By accessing the partner sites you can discover interesting details about the complex recycling processes that used products and waste electrical and electronic equipment undergo<\/p>\n\n\n\n<div style=\"height:21px\" aria-hidden=\"true\" class=\"wp-block-spacer\"><\/div>\n\n\n\n<h3 class=\"wp-block-heading has-text-align-center\"><strong>CNREE ASSOCIATION PARTNERS FOR RECYCLING<\/strong><\/h3>\n\n\n\n<h3 class=\"wp-block-heading has-text-align-center\"><strong>EUROPEAN WEEELABEX CERTIFICATES<\/strong><\/h3>\n\n\n\n<div style=\"height:25px\" aria-hidden=\"true\" class=\"wp-block-spacer\"><\/div>\n\n\n\n<figure class=\"wp-block-image aligncenter size-large\" id=\"yui_3_17_2_1_1616167708658_88\"><a href=\"https:\/\/rematholding.ro\/\"><img decoding=\"async\" src=\"https:\/\/cnree.ro\/wp-content\/uploads\/2021\/03\/A.jpg\" alt=\"A.jpg\"\/><\/a><\/figure>\n\n\n\n<div style=\"height:21px\" aria-hidden=\"true\" class=\"wp-block-spacer\"><\/div>\n\n\n\n<figure class=\"wp-block-image aligncenter size-large\" id=\"yui_3_17_2_1_1616167708658_111\"><a href=\"http:\/\/greenweee.ro\/\"><img decoding=\"async\" src=\"https:\/\/cnree.ro\/wp-content\/uploads\/2021\/03\/B.gif\" alt=\"B.gif\"\/><\/a><\/figure>\n\n\n\n<div style=\"height:26px\" aria-hidden=\"true\" class=\"wp-block-spacer\"><\/div>\n\n\n\n<p>We aim to expand and permanently improve the services offered. If you are interested in concluding a partnership on the provision of services for the collection \/ transport \/ recycling of waste electrical and electronic equipment (WEEE) you can contact us by e-mail <a href=\"mailto:office@cnree.ro\">office@cnree.ro<\/a>, or by filling out the form below.<\/p>\n\n\n\n<p>\u00cempreun\u0103 cu membrii no\u0219tri facem diferen\u021ba \u00een gestionarea responsabil\u0103 a DEEE.<\/p>\n\n\n\n<div style=\"height:100px\" aria-hidden=\"true\" class=\"wp-block-spacer\"><\/div>\n\n\n\n<h2 class=\"wp-block-heading has-text-align-center\">Devino Membru<\/h2>\n\n\n<div class='fluentform ff-default fluentform_wrapper_11 ffs_default_wrap'><form data-form_id=\"11\" id=\"fluentform_11\" class=\"frm-fluent-form fluent_form_11 ff-el-form-top ff_form_instance_11_1 ff-form-loading ffs_default\" data-form_instance=\"ff_form_instance_11_1\" method=\"POST\" action=\"\" ><fieldset  style=\"border: none!important;margin: 0!important;padding: 0!important;background-color: transparent!important;box-shadow: none!important;outline: none!important; min-inline-size: 100%;\">\n                    <legend class=\"ff_screen_reader_title\" style=\"display: block; margin: 0!important;padding: 0!important;height: 0!important;text-indent: -999999px;width: 0!important;overflow:hidden;\">Devino Partener<\/legend><input type='hidden' name='__fluent_form_embded_post_id' value='48' \/><input type=\"hidden\" id=\"_fluentform_11_fluentformnonce\" name=\"_fluentform_11_fluentformnonce\" value=\"c9d8b3aae7\" \/><input type=\"hidden\" name=\"_wp_http_referer\" value=\"\/en\/wp-json\/wp\/v2\/pages\/48\" \/><div class='ff-el-group'><div class=\"ff-el-input--label ff-el-is-required asterisk-right\"><label for='ff_11_text_2' id='label_ff_11_text_2' aria-label=\"Company\">Company<\/label><\/div><div class='ff-el-input--content'><input type=\"text\" name=\"text_2\" class=\"ff-el-form-control\" id=\"ff_11_text_2\" data-name=\"text_2\"  aria-invalid=\"false\" aria-required=\"true\"><\/div><\/div><div class='ff-el-group'><div class=\"ff-el-input--label asterisk-right\"><label for='ff_11_text_1' id='label_ff_11_text_1' aria-label=\"Adress\">Adress<\/label><\/div><div class='ff-el-input--content'><input type=\"text\" name=\"text_1\" class=\"ff-el-form-control\" id=\"ff_11_text_1\" data-name=\"text_1\"  aria-invalid=\"false\" aria-required=\"false\"><\/div><\/div><div class='ff-el-group'><div class=\"ff-el-input--label asterisk-right\"><label for='ff_11_text_3' id='label_ff_11_text_3' aria-label=\"City\">City<\/label><\/div><div class='ff-el-input--content'><input type=\"text\" name=\"text_3\" class=\"ff-el-form-control\" id=\"ff_11_text_3\" data-name=\"text_3\"  aria-invalid=\"false\" aria-required=\"false\"><\/div><\/div><div class='ff-el-group'><div class=\"ff-el-input--label asterisk-right\"><label for='ff_11_text_4' id='label_ff_11_text_4' aria-label=\"Phone\">Phone<\/label><\/div><div class='ff-el-input--content'><input type=\"text\" name=\"text_4\" class=\"ff-el-form-control\" id=\"ff_11_text_4\" data-name=\"text_4\"  aria-invalid=\"false\" aria-required=\"false\"><\/div><\/div><div class='ff-el-group'><div class=\"ff-el-input--label ff-el-is-required asterisk-right\"><label for='ff_11_text_5' id='label_ff_11_text_5' aria-label=\"Email\">Email<\/label><\/div><div class='ff-el-input--content'><input type=\"text\" name=\"text_5\" class=\"ff-el-form-control\" id=\"ff_11_text_5\" data-name=\"text_5\"  aria-invalid=\"false\" aria-required=\"true\"><\/div><\/div><div class='ff-el-group'><div class=\"ff-el-input--label ff-el-is-required asterisk-right\"><label for='ff_11_textarea_6' id='label_ff_11_textarea_6' aria-label=\"Message\">Message<\/label><\/div><div class='ff-el-input--content'><textarea aria-required=\"true\" aria-labelledby=\"label_ff_11_textarea_6\" name=\"textarea_6\" class=\"ff-el-form-control\" id=\"ff_11_textarea_6\" cols=\"2\" data-name=\"textarea_6\" ><\/textarea><\/div><\/div><div class='ff-el-group' ><div class='ff-el-input--content'><div data-fluent_id='11' name='g-recaptcha-response'><div\n\t\tdata-sitekey='6LcaYUosAAAAAM5wM7xu22hjjoBghL5P5Y_TZZdh'\n\t\tid='fluentform-recaptcha-11-1'\n\t\tclass='ff-el-recaptcha g-recaptcha'\n\t\tdata-callback='fluentFormrecaptchaSuccessCallback'><\/div><\/div><\/div><\/div><div class='ff-el-group ff-text-left ff_submit_btn_wrapper'><button type=\"submit\" class=\"ff-btn ff-btn-submit ff-btn-md ff_btn_style\"  aria-label=\"Send\">Send<\/button><\/div><\/fieldset><input type=\"hidden\" name=\"trp-form-language\" value=\"en\"\/><\/form><div id='fluentform_11_errors' class='ff-errors-in-stack ff_form_instance_11_1 ff-form-loading_errors ff_form_instance_11_1_errors'><\/div><\/div>            <script type=\"text\/javascript\">\n                window.fluent_form_ff_form_instance_11_1 = {\"id\":\"11\",\"settings\":{\"layout\":{\"labelPlacement\":\"top\",\"asteriskPlacement\":\"asterisk-right\",\"helpMessagePlacement\":\"with_label\",\"errorMessagePlacement\":\"inline\",\"cssClassName\":\"\"},\"restrictions\":{\"denyEmptySubmission\":{\"enabled\":false}}},\"form_instance\":\"ff_form_instance_11_1\",\"form_id_selector\":\"fluentform_11\",\"rules\":{\"text_2\":{\"required\":{\"value\":true,\"message\":\"This field is required\",\"global\":false,\"global_message\":\"This field is required\"}},\"text_1\":{\"required\":{\"value\":false,\"message\":\"This field is required\",\"global\":false,\"global_message\":\"This field is required\"}},\"text_3\":{\"required\":{\"value\":false,\"message\":\"This field is required\",\"global\":false,\"global_message\":\"This field is required\"}},\"text_4\":{\"required\":{\"value\":false,\"message\":\"This field is required\",\"global\":false,\"global_message\":\"This field is required\"}},\"text_5\":{\"required\":{\"value\":true,\"message\":\"This field is required\",\"global\":false,\"global_message\":\"This field is required\"}},\"textarea_6\":{\"required\":{\"value\":true,\"message\":\"This field is required\",\"global\":false,\"global_message\":\"This field is required\"}},\"g-recaptcha-response\":[]},\"debounce_time\":300};\n                            <\/script>","protected":false},"excerpt":{"rendered":"<p>Partenerii no\u0219tri sunt esen\u021ba business-ului nostru Asocia\u0163ia CNREE pune la dispozi\u0163ie utilizatorilor de EEE unica re\u0163ea cu acoperire na\u0163ional\u0103, cu centre \u015fi puncte de colectare permanente care opereaz\u0103 la standarde europene&nbsp;\u0219i&nbsp;asigur\u0103 de asemenea servicii de colectare gratuit\u0103 a DEEE. Harta punctelor de colectare \u0219i informa\u021bii suplimentare privind activitarea se reg\u0103sesc la sec\u021biunea destinat\u0103 Puncte de [&hellip;]<\/p>","protected":false},"author":1,"featured_media":0,"parent":0,"menu_order":0,"comment_status":"closed","ping_status":"closed","template":"","meta":{"_uag_custom_page_level_css":"","site-sidebar-layout":"no-sidebar","site-content-layout":"plain-container","ast-site-content-layout":"normal-width-container","site-content-style":"unboxed","site-sidebar-style":"unboxed","ast-global-header-display":"","ast-banner-title-visibility":"","ast-main-header-display":"","ast-hfb-above-header-display":"","ast-hfb-below-header-display":"","ast-hfb-mobile-header-display":"","site-post-title":"disabled","ast-breadcrumbs-content":"","ast-featured-img":"","footer-sml-layout":"","theme-transparent-header-meta":"default","adv-header-id-meta":"","stick-header-meta":"","header-above-stick-meta":"","header-main-stick-meta":"","header-below-stick-meta":"","astra-migrate-meta-layouts":"set","ast-page-background-enabled":"default","ast-page-background-meta":{"desktop":{"background-color":"","background-image":"","background-repeat":"repeat","background-position":"center center","background-size":"auto","background-attachment":"scroll","background-type":"","background-media":"","overlay-type":"","overlay-color":"","overlay-opacity":"","overlay-gradient":""},"tablet":{"background-color":"","background-image":"","background-repeat":"repeat","background-position":"center center","background-size":"auto","background-attachment":"scroll","background-type":"","background-media":"","overlay-type":"","overlay-color":"","overlay-opacity":"","overlay-gradient":""},"mobile":{"background-color":"","background-image":"","background-repeat":"repeat","background-position":"center center","background-size":"auto","background-attachment":"scroll","background-type":"","background-media":"","overlay-type":"","overlay-color":"","overlay-opacity":"","overlay-gradient":""}},"ast-content-background-meta":{"desktop":{"background-color":"var(--ast-global-color-5)","background-image":"","background-repeat":"repeat","background-position":"center center","background-size":"auto","background-attachment":"scroll","background-type":"","background-media":"","overlay-type":"","overlay-color":"","overlay-opacity":"","overlay-gradient":""},"tablet":{"background-color":"var(--ast-global-color-5)","background-image":"","background-repeat":"repeat","background-position":"center center","background-size":"auto","background-attachment":"scroll","background-type":"","background-media":"","overlay-type":"","overlay-color":"","overlay-opacity":"","overlay-gradient":""},"mobile":{"background-color":"var(--ast-global-color-5)","background-image":"","background-repeat":"repeat","background-position":"center center","background-size":"auto","background-attachment":"scroll","background-type":"","background-media":"","overlay-type":"","overlay-color":"","overlay-opacity":"","overlay-gradient":""}},"footnotes":""},"class_list":["post-48","page","type-page","status-publish","hentry"],"uagb_featured_image_src":{"full":false,"thumbnail":false,"medium":false,"medium_large":false,"large":false,"1536x1536":false,"2048x2048":false,"trp-custom-language-flag":false},"uagb_author_info":{"display_name":"admin","author_link":"https:\/\/cnree.ro\/en\/author\/admin\/"},"uagb_comment_info":0,"uagb_excerpt":"Partenerii no\u0219tri sunt esen\u021ba business-ului nostru Asocia\u0163ia CNREE pune la dispozi\u0163ie utilizatorilor de EEE unica re\u0163ea cu acoperire na\u0163ional\u0103, cu centre \u015fi puncte de colectare permanente care opereaz\u0103 la standarde europene&nbsp;\u0219i&nbsp;asigur\u0103 de asemenea servicii de colectare gratuit\u0103 a DEEE. Harta punctelor de colectare \u0219i informa\u021bii suplimentare privind activitarea se reg\u0103sesc la sec\u021biunea destinat\u0103 Puncte de&hellip;","_links":{"self":[{"href":"https:\/\/cnree.ro\/en\/wp-json\/wp\/v2\/pages\/48","targetHints":{"allow":["GET"]}}],"collection":[{"href":"https:\/\/cnree.ro\/en\/wp-json\/wp\/v2\/pages"}],"about":[{"href":"https:\/\/cnree.ro\/en\/wp-json\/wp\/v2\/types\/page"}],"author":[{"embeddable":true,"href":"https:\/\/cnree.ro\/en\/wp-json\/wp\/v2\/users\/1"}],"replies":[{"embeddable":true,"href":"https:\/\/cnree.ro\/en\/wp-json\/wp\/v2\/comments?post=48"}],"version-history":[{"count":15,"href":"https:\/\/cnree.ro\/en\/wp-json\/wp\/v2\/pages\/48\/revisions"}],"predecessor-version":[{"id":2015,"href":"https:\/\/cnree.ro\/en\/wp-json\/wp\/v2\/pages\/48\/revisions\/2015"}],"wp:attachment":[{"href":"https:\/\/cnree.ro\/en\/wp-json\/wp\/v2\/media?parent=48"}],"curies":[{"name":"wp","href":"https:\/\/api.w.org\/{rel}","templated":true}]}}