{"id":52,"date":"2021-03-19T12:18:51","date_gmt":"2021-03-19T12:18:51","guid":{"rendered":"https:\/\/staging-env003.joebbit.com\/?page_id=52"},"modified":"2025-09-22T09:43:41","modified_gmt":"2025-09-22T09:43:41","slug":"noutati","status":"publish","type":"page","link":"https:\/\/cnree.ro\/en\/noutati\/","title":{"rendered":"News"},"content":{"rendered":"<div style=\"height:24px\" aria-hidden=\"true\" class=\"wp-block-spacer\"><\/div>\n\n\n\n<div class=\"wp-block-columns is-layout-flex wp-container-core-columns-is-layout-28f84493 wp-block-columns-is-layout-flex\">\n<div class=\"wp-block-column is-layout-flow wp-block-column-is-layout-flow\">\n<h2 class=\"wp-block-heading has-text-align-center\">News<\/h2>\n<\/div>\n<\/div>\n\n\n\n<figure class=\"wp-block-image size-full\"><img fetchpriority=\"high\" decoding=\"async\" width=\"2560\" height=\"1730\" src=\"https:\/\/cnree.ro\/wp-content\/uploads\/2025\/09\/Social-Media_HaiDEEE-1450x980-1-scaled.png\" alt=\"\" class=\"wp-image-1889\" srcset=\"https:\/\/cnree.ro\/wp-content\/uploads\/2025\/09\/Social-Media_HaiDEEE-1450x980-1-scaled.png 2560w, https:\/\/cnree.ro\/wp-content\/uploads\/2025\/09\/Social-Media_HaiDEEE-1450x980-1-300x203.png 300w, https:\/\/cnree.ro\/wp-content\/uploads\/2025\/09\/Social-Media_HaiDEEE-1450x980-1-1024x692.png 1024w, https:\/\/cnree.ro\/wp-content\/uploads\/2025\/09\/Social-Media_HaiDEEE-1450x980-1-768x519.png 768w, https:\/\/cnree.ro\/wp-content\/uploads\/2025\/09\/Social-Media_HaiDEEE-1450x980-1-1536x1038.png 1536w, https:\/\/cnree.ro\/wp-content\/uploads\/2025\/09\/Social-Media_HaiDEEE-1450x980-1-2048x1384.png 2048w, https:\/\/cnree.ro\/wp-content\/uploads\/2025\/09\/Social-Media_HaiDEEE-1450x980-1-18x12.png 18w\" sizes=\"(max-width: 2560px) 100vw, 2560px\" \/><\/figure>\n\n\n\n<div style=\"height:17px\" aria-hidden=\"true\" class=\"wp-block-spacer\"><\/div>\n\n\n\n<h2 class=\"wp-block-heading has-text-align-center\"><a href=\"https:\/\/cnree.ro\/en\/haideee-sa-reciclam-09-25\/\">,,HaiDEEE s\u0103 recicl\u0103m!\u2019\u2019<\/a><\/h2>\n\n\n\n<p><strong>\u00centre 10 septembrie \u0219i 10 octombrie 2025, Centrul Na\u021bional de Reciclare Electrice \u0219i Electronice (CNREE) readuce \u00een aten\u021bia maramure\u0219enilor campania \u201eHaideee s\u0103 recicl\u0103m!\u201d.<\/strong><br>Ini\u021biativa \u00ee\u0219i propune s\u0103 faciliteze colectarea \u0219i reciclarea corect\u0103 a echipamentelor electrice \u0219i electronice vechi, oferind comunit\u0103\u021bilor locale \u0219ansa de a participa activ la protejarea mediului.<\/p>\n\n\n\n<p>Afl\u0103 mai multe informa\u021bii despre <a href=\"https:\/\/cnree.ro\/en\/haideee-sa-reciclam-09-25\/\" data-type=\"page\" data-id=\"1762\">campanie aici<\/a><a href=\"https:\/\/cnree.ro\/en\/haideee-sa-reciclam-mm\/\" data-type=\"page\" data-id=\"1762\">.<\/a><\/p>\n\n\n\n<figure class=\"wp-block-image aligncenter size-full\"><img decoding=\"async\" width=\"2560\" height=\"1730\" src=\"https:\/\/cnree.ro\/wp-content\/uploads\/2025\/09\/1000031051-scaled.png\" alt=\"\" class=\"wp-image-1897\" srcset=\"https:\/\/cnree.ro\/wp-content\/uploads\/2025\/09\/1000031051-scaled.png 2560w, https:\/\/cnree.ro\/wp-content\/uploads\/2025\/09\/1000031051-300x203.png 300w, https:\/\/cnree.ro\/wp-content\/uploads\/2025\/09\/1000031051-1024x692.png 1024w, https:\/\/cnree.ro\/wp-content\/uploads\/2025\/09\/1000031051-768x519.png 768w, https:\/\/cnree.ro\/wp-content\/uploads\/2025\/09\/1000031051-1536x1038.png 1536w, https:\/\/cnree.ro\/wp-content\/uploads\/2025\/09\/1000031051-2048x1384.png 2048w, https:\/\/cnree.ro\/wp-content\/uploads\/2025\/09\/1000031051-18x12.png 18w\" sizes=\"(max-width: 2560px) 100vw, 2560px\" \/><\/figure>\n\n\n\n<h2 class=\"wp-block-heading has-text-align-center\"><a href=\"https:\/\/cnree.ro\/en\/pe-locuri-fiti-gata-deee-09-25\/\">,,Pe locuri, fi\u021bi gata, DEEE!\u2019<\/a><\/h2>\n\n\n\n<p>Asocia\u021bia Centrul Na\u021bional de Reciclare Electrice \u0219i Electronice, al\u0103turi de \u0219colile din Maramure\u0219, desf\u0103\u0219oar\u0103 campania \u201ePe locuri, fi\u021bi gata, DEEE!\u201d.<br>Ini\u021biativa are scopul de a informa \u0219i implica elevii \u0219i pre\u0219colarii \u00een colectarea \u0219i reciclarea responsabil\u0103 a de\u0219eurilor electrice \u0219i electronice, prin ac\u021biuni educative \u0219i concursuri tematice dedicate protec\u021biei mediului.<\/p>\n\n\n\n<p>Afl\u0103 mai multe informa\u021bii despre <a href=\"https:\/\/cnree.ro\/en\/pe-locuri-fiti-gata-deee-09-25\/\" data-type=\"page\" data-id=\"1762\">campanie aici<\/a><a href=\"https:\/\/cnree.ro\/en\/haideee-sa-reciclam-mm\/\" data-type=\"page\" data-id=\"1762\">.<\/a><\/p>\n\n\n\n<figure class=\"wp-block-image aligncenter size-full\"><img decoding=\"async\" width=\"934\" height=\"616\" src=\"https:\/\/cnree.ro\/wp-content\/uploads\/2025\/03\/Haidee-sa-fim-eco-campanie.jpg\" alt=\"\" class=\"wp-image-1768\" srcset=\"https:\/\/cnree.ro\/wp-content\/uploads\/2025\/03\/Haidee-sa-fim-eco-campanie.jpg 934w, https:\/\/cnree.ro\/wp-content\/uploads\/2025\/03\/Haidee-sa-fim-eco-campanie-300x198.jpg 300w, https:\/\/cnree.ro\/wp-content\/uploads\/2025\/03\/Haidee-sa-fim-eco-campanie-768x507.jpg 768w, https:\/\/cnree.ro\/wp-content\/uploads\/2025\/03\/Haidee-sa-fim-eco-campanie-18x12.jpg 18w\" sizes=\"(max-width: 934px) 100vw, 934px\" \/><\/figure>\n\n\n\n<h2 class=\"wp-block-heading has-text-align-center\"><a href=\"https:\/\/cnree.ro\/en\/rabla-pentru-electrocasnice\/\">,,HaiDEEE s\u0103 recicl\u0103m!\u2019\u2019<\/a><\/h2>\n\n\n\n<p>Centrul Na\u021bional de Reciclare Electrice \u0219i Electronice (CNREE) anun\u021b\u0103 lansarea campaniei &#8222;Haideee s\u0103 recicl\u0103m!&#8221; \u00een Maramure\u0219, un proiect destinat colect\u0103rii \u0219i recicl\u0103rii responsabile a de\u0219eurilor electrice \u0219i electronice. Ac\u021biunea urm\u0103re\u0219te cre\u0219terea gradului de con\u0219tientizare asupra impactului de\u0219eurilor asupra mediului \u0219i implicarea activ\u0103 a comunit\u0103\u021bilor locale \u00een protejarea acestuia.<\/p>\n\n\n\n<p>Afl\u0103 mai multe informa\u021bii despre <a href=\"https:\/\/cnree.ro\/en\/haideee-sa-reciclam-mm\/\" data-type=\"page\" data-id=\"1762\">campanie aici.<\/a><\/p>\n\n\n\n<figure class=\"wp-block-image aligncenter size-large is-resized\"><img loading=\"lazy\" decoding=\"async\" width=\"1024\" height=\"692\" src=\"https:\/\/cnree.ro\/wp-content\/uploads\/2023\/06\/banner-haide-sa-fim-eco-1024x692.jpg\" alt=\"\" class=\"wp-image-1447\" style=\"width:1024px;height:auto\" srcset=\"https:\/\/cnree.ro\/wp-content\/uploads\/2023\/06\/banner-haide-sa-fim-eco-1024x692.jpg 1024w, https:\/\/cnree.ro\/wp-content\/uploads\/2023\/06\/banner-haide-sa-fim-eco-300x203.jpg 300w, https:\/\/cnree.ro\/wp-content\/uploads\/2023\/06\/banner-haide-sa-fim-eco-768x519.jpg 768w, https:\/\/cnree.ro\/wp-content\/uploads\/2023\/06\/banner-haide-sa-fim-eco-18x12.jpg 18w, https:\/\/cnree.ro\/wp-content\/uploads\/2023\/06\/banner-haide-sa-fim-eco.jpg 1450w\" sizes=\"(max-width: 1024px) 100vw, 1024px\" \/><\/figure>\n\n\n\n<h2 class=\"wp-block-heading has-text-align-center\"><a href=\"https:\/\/cnree.ro\/en\/rabla-pentru-electrocasnice\/\">,,HaiDEEE s\u0103 fim Eco la Mega Mall!\u2019\u2019<\/a><\/h2>\n\n\n\n<p>The National Electric and Electronic Recycling Center Association, together with Mega Mall Bucharest and Rematholding - celebrate World Environment Day through an information, education and awareness action for the general public, aimed at providing information about the collection and recycling of used electrical and household appliances and became waste.<\/p>\n\n\n\n<p>Afl\u0103 mai multe informa\u021bii despre<a href=\"https:\/\/cnree.ro\/en\/initiativa-maiputinarisipa\/\"> <\/a><a href=\"https:\/\/cnree.ro\/en\/comunicate-de-presa\/\">the initiative here.<\/a><\/p>\n\n\n\n<figure class=\"wp-block-image aligncenter size-large\"><img loading=\"lazy\" decoding=\"async\" width=\"1024\" height=\"680\" src=\"https:\/\/cnree.ro\/wp-content\/uploads\/2022\/06\/pexels-pixabay-4158-1024x680.jpg\" alt=\"\" class=\"wp-image-1166\" srcset=\"https:\/\/cnree.ro\/wp-content\/uploads\/2022\/06\/pexels-pixabay-4158-1024x680.jpg 1024w, https:\/\/cnree.ro\/wp-content\/uploads\/2022\/06\/pexels-pixabay-4158-300x199.jpg 300w, https:\/\/cnree.ro\/wp-content\/uploads\/2022\/06\/pexels-pixabay-4158-768x510.jpg 768w, https:\/\/cnree.ro\/wp-content\/uploads\/2022\/06\/pexels-pixabay-4158-18x12.jpg 18w, https:\/\/cnree.ro\/wp-content\/uploads\/2022\/06\/pexels-pixabay-4158.jpg 1280w\" sizes=\"(max-width: 1024px) 100vw, 1024px\" \/><\/figure>\n\n\n\n<h2 class=\"wp-block-heading has-text-align-center\"><a href=\"https:\/\/cnree.ro\/en\/rabla-pentru-electrocasnice\/\">Rabla for home appliances - first day of registration<\/a><\/h2>\n\n\n\n<p>The first Rabla session for Home Appliances 2022 was opened on Friday, at 10.00, and individuals have 7 days to register in the program by creating a user account in the computer application.<\/p>\n\n\n\n<p>According to&nbsp;<a href=\"https:\/\/www.afm.ro\/main\/media\/comunicate_presa\/2022\/comunicat_rabla_electrocasnice_17062022.pdf\" target=\"_blank\" rel=\"noreferrer noopener\">Environmental Fund Administration<\/a>, the 2022 budget for changing appliances is 100 million lei, 25 million higher than last year, and will cover the two sessions of the program.<\/p>\n\n\n\n<p>Find out more on the cnree.ro blog - <a href=\"https:\/\/cnree.ro\/en\/rabla-pentru-electrocasnice\/\">Rabla for home appliances - first day of registration<\/a><\/p>\n\n\n\n<figure class=\"wp-block-image aligncenter size-large\"><a href=\"https:\/\/cnree.ro\/en\/initiativa-maiputinarisipa\/\"><img loading=\"lazy\" decoding=\"async\" width=\"1024\" height=\"576\" src=\"https:\/\/cnree.ro\/wp-content\/uploads\/2022\/04\/big-banner-1024x576.jpg\" alt=\"\" class=\"wp-image-1132\" srcset=\"https:\/\/cnree.ro\/wp-content\/uploads\/2022\/04\/big-banner-1024x576.jpg 1024w, https:\/\/cnree.ro\/wp-content\/uploads\/2022\/04\/big-banner-300x169.jpg 300w, https:\/\/cnree.ro\/wp-content\/uploads\/2022\/04\/big-banner-768x432.jpg 768w, https:\/\/cnree.ro\/wp-content\/uploads\/2022\/04\/big-banner-1536x864.jpg 1536w, https:\/\/cnree.ro\/wp-content\/uploads\/2022\/04\/big-banner-18x10.jpg 18w, https:\/\/cnree.ro\/wp-content\/uploads\/2022\/04\/big-banner.jpg 1920w\" sizes=\"(max-width: 1024px) 100vw, 1024px\" \/><\/a><\/figure>\n\n\n\n<h2 class=\"wp-block-heading has-text-align-center\">Initiative <a href=\"https:\/\/cnree.ro\/en\/initiativa-maiputinarisipa\/\">#MaiPu\u021bin\u0103Risip\u0103<\/a><\/h2>\n\n\n\n<p>We are concerned with the methods by which we can save the planet step by step, without radical changes. That's why we launched the #MaiPu\u021bin\u0103Risip\u0103 initiative, which aims to collaborate with key players in the food and hospitality industry and comes up with specific solutions for Reducing Food Waste in every kitchen. Because small changes bring big benefits. Find out more about<a href=\"https:\/\/cnree.ro\/en\/initiativa-maiputinarisipa\/\"> the initiative here.<\/a><\/p>\n\n\n\n<figure class=\"wp-block-image aligncenter size-large\"><a href=\"https:\/\/cnree.ro\/en\/earth-day-2022-cum-poti-participa-la-ziua-pamintului-in-acest-an\/\"><img loading=\"lazy\" decoding=\"async\" width=\"1024\" height=\"683\" src=\"https:\/\/cnree.ro\/wp-content\/uploads\/2022\/04\/earth-day-2022-1024x683.jpg\" alt=\"\" class=\"wp-image-1131\" srcset=\"https:\/\/cnree.ro\/wp-content\/uploads\/2022\/04\/earth-day-2022-1024x683.jpg 1024w, https:\/\/cnree.ro\/wp-content\/uploads\/2022\/04\/earth-day-2022-300x200.jpg 300w, https:\/\/cnree.ro\/wp-content\/uploads\/2022\/04\/earth-day-2022-768x512.jpg 768w, https:\/\/cnree.ro\/wp-content\/uploads\/2022\/04\/earth-day-2022-18x12.jpg 18w, https:\/\/cnree.ro\/wp-content\/uploads\/2022\/04\/earth-day-2022.jpg 1110w\" sizes=\"(max-width: 1024px) 100vw, 1024px\" \/><\/a><\/figure>\n\n\n\n<h2 class=\"wp-block-heading has-text-align-center\"><a href=\"https:\/\/cnree.ro\/en\/earth-day-2022-cum-poti-participa-la-ziua-pamintului-in-acest-an\/\">Earth Day April 22, 2022<\/a><\/h2>\n\n\n\n<p>The National Center for Electrical and Electronics Recycling Association has been involved this year in the fight against climate change by organizing an event on the platform offered by EarthDay2022. The purpose of the event was to disseminate information on options for preventing and reducing #FoodWaste, and to encourage others to get involved, either through personal actions or through donations to organizations that deal with various actions to clean the planet, recycling, tree planting, etc. <a href=\"https:\/\/cnree.ro\/en\/earth-day-2022-cum-poti-participa-la-ziua-pamintului-in-acest-an\/\">See Earth Day events.<\/a>.<\/p>\n\n\n\n<div style=\"height:100px\" aria-hidden=\"true\" class=\"wp-block-spacer\"><\/div>","protected":false},"excerpt":{"rendered":"<p>Nout\u0103\u021bi ,,HaiDEEE s\u0103 recicl\u0103m!\u2019\u2019 \u00centre 10 septembrie \u0219i 10 octombrie 2025, Centrul Na\u021bional de Reciclare Electrice \u0219i Electronice (CNREE) readuce \u00een aten\u021bia maramure\u0219enilor campania \u201eHaideee s\u0103 recicl\u0103m!\u201d.Ini\u021biativa \u00ee\u0219i propune s\u0103 faciliteze colectarea \u0219i reciclarea corect\u0103 a echipamentelor electrice \u0219i electronice vechi, oferind comunit\u0103\u021bilor locale \u0219ansa de a participa activ la protejarea mediului. Afl\u0103 mai multe [&hellip;]<\/p>","protected":false},"author":1,"featured_media":0,"parent":0,"menu_order":0,"comment_status":"closed","ping_status":"closed","template":"","meta":{"_uag_custom_page_level_css":"","site-sidebar-layout":"no-sidebar","site-content-layout":"plain-container","ast-site-content-layout":"normal-width-container","site-content-style":"unboxed","site-sidebar-style":"unboxed","ast-global-header-display":"","ast-banner-title-visibility":"","ast-main-header-display":"","ast-hfb-above-header-display":"","ast-hfb-below-header-display":"","ast-hfb-mobile-header-display":"","site-post-title":"disabled","ast-breadcrumbs-content":"","ast-featured-img":"","footer-sml-layout":"","theme-transparent-header-meta":"default","adv-header-id-meta":"","stick-header-meta":"","header-above-stick-meta":"","header-main-stick-meta":"","header-below-stick-meta":"","astra-migrate-meta-layouts":"set","ast-page-background-enabled":"default","ast-page-background-meta":{"desktop":{"background-color":"","background-image":"","background-repeat":"repeat","background-position":"center center","background-size":"auto","background-attachment":"scroll","background-type":"","background-media":"","overlay-type":"","overlay-color":"","overlay-gradient":""},"tablet":{"background-color":"","background-image":"","background-repeat":"repeat","background-position":"center center","background-size":"auto","background-attachment":"scroll","background-type":"","background-media":"","overlay-type":"","overlay-color":"","overlay-gradient":""},"mobile":{"background-color":"","background-image":"","background-repeat":"repeat","background-position":"center center","background-size":"auto","background-attachment":"scroll","background-type":"","background-media":"","overlay-type":"","overlay-color":"","overlay-gradient":""}},"ast-content-background-meta":{"desktop":{"background-color":"var(--ast-global-color-5)","background-image":"","background-repeat":"repeat","background-position":"center center","background-size":"auto","background-attachment":"scroll","background-type":"","background-media":"","overlay-type":"","overlay-color":"","overlay-gradient":""},"tablet":{"background-color":"var(--ast-global-color-5)","background-image":"","background-repeat":"repeat","background-position":"center center","background-size":"auto","background-attachment":"scroll","background-type":"","background-media":"","overlay-type":"","overlay-color":"","overlay-gradient":""},"mobile":{"background-color":"var(--ast-global-color-5)","background-image":"","background-repeat":"repeat","background-position":"center center","background-size":"auto","background-attachment":"scroll","background-type":"","background-media":"","overlay-type":"","overlay-color":"","overlay-gradient":""}},"footnotes":""},"class_list":["post-52","page","type-page","status-publish","hentry"],"uagb_featured_image_src":{"full":false,"thumbnail":false,"medium":false,"medium_large":false,"large":false,"1536x1536":false,"2048x2048":false,"trp-custom-language-flag":false},"uagb_author_info":{"display_name":"admin","author_link":"https:\/\/cnree.ro\/en\/author\/admin\/"},"uagb_comment_info":0,"uagb_excerpt":"Nout\u0103\u021bi ,,HaiDEEE s\u0103 recicl\u0103m!\u2019\u2019 \u00centre 10 septembrie \u0219i 10 octombrie 2025, Centrul Na\u021bional de Reciclare Electrice \u0219i Electronice (CNREE) readuce \u00een aten\u021bia maramure\u0219enilor campania \u201eHaideee s\u0103 recicl\u0103m!\u201d.Ini\u021biativa \u00ee\u0219i propune s\u0103 faciliteze colectarea \u0219i reciclarea corect\u0103 a echipamentelor electrice \u0219i electronice vechi, oferind comunit\u0103\u021bilor locale \u0219ansa de a participa activ la protejarea mediului. Afl\u0103 mai multe&hellip;","_links":{"self":[{"href":"https:\/\/cnree.ro\/en\/wp-json\/wp\/v2\/pages\/52","targetHints":{"allow":["GET"]}}],"collection":[{"href":"https:\/\/cnree.ro\/en\/wp-json\/wp\/v2\/pages"}],"about":[{"href":"https:\/\/cnree.ro\/en\/wp-json\/wp\/v2\/types\/page"}],"author":[{"embeddable":true,"href":"https:\/\/cnree.ro\/en\/wp-json\/wp\/v2\/users\/1"}],"replies":[{"embeddable":true,"href":"https:\/\/cnree.ro\/en\/wp-json\/wp\/v2\/comments?post=52"}],"version-history":[{"count":20,"href":"https:\/\/cnree.ro\/en\/wp-json\/wp\/v2\/pages\/52\/revisions"}],"predecessor-version":[{"id":1937,"href":"https:\/\/cnree.ro\/en\/wp-json\/wp\/v2\/pages\/52\/revisions\/1937"}],"wp:attachment":[{"href":"https:\/\/cnree.ro\/en\/wp-json\/wp\/v2\/media?parent=52"}],"curies":[{"name":"wp","href":"https:\/\/api.w.org\/{rel}","templated":true}]}}