{"id":610,"date":"2021-05-24T06:45:53","date_gmt":"2021-05-24T06:45:53","guid":{"rendered":"https:\/\/staging-env003.joebbit.com\/?page_id=610"},"modified":"2021-05-25T09:31:33","modified_gmt":"2021-05-25T09:31:33","slug":"politica-privind-utilizarea-cookie-urilor","status":"publish","type":"page","link":"https:\/\/cnree.ro\/en\/politica-privind-utilizarea-cookie-urilor\/","title":{"rendered":"The policy concerning the use of cookies"},"content":{"rendered":"<div data-elementor-type=\"wp-page\" data-elementor-id=\"610\" class=\"elementor elementor-610\">\n\t\t\t\t\t\t<section class=\"elementor-section elementor-top-section elementor-element elementor-element-3b021cd elementor-section-boxed elementor-section-height-default elementor-section-height-default\" data-id=\"3b021cd\" data-element_type=\"section\">\n\t\t\t\t\t\t<div class=\"elementor-container elementor-column-gap-default\">\n\t\t\t\t\t<div class=\"elementor-column elementor-col-100 elementor-top-column elementor-element elementor-element-b0609af\" data-id=\"b0609af\" data-element_type=\"column\">\n\t\t\t<div class=\"elementor-widget-wrap elementor-element-populated\">\n\t\t\t\t\t\t<div class=\"elementor-element elementor-element-576cffb elementor-widget elementor-widget-spacer\" data-id=\"576cffb\" data-element_type=\"widget\" data-widget_type=\"spacer.default\">\n\t\t\t\t<div class=\"elementor-widget-container\">\n\t\t\t\t\t\t\t<div class=\"elementor-spacer\">\n\t\t\t<div class=\"elementor-spacer-inner\"><\/div>\n\t\t<\/div>\n\t\t\t\t\t\t<\/div>\n\t\t\t\t<\/div>\n\t\t\t\t\t<\/div>\n\t\t<\/div>\n\t\t\t\t\t<\/div>\n\t\t<\/section>\n\t\t\t\t<section class=\"elementor-section elementor-top-section elementor-element elementor-element-34ec92a elementor-section-boxed elementor-section-height-default elementor-section-height-default\" data-id=\"34ec92a\" data-element_type=\"section\">\n\t\t\t\t\t\t<div class=\"elementor-container elementor-column-gap-default\">\n\t\t\t\t\t<div class=\"elementor-column elementor-col-100 elementor-top-column elementor-element elementor-element-1f832ba\" data-id=\"1f832ba\" data-element_type=\"column\">\n\t\t\t<div class=\"elementor-widget-wrap elementor-element-populated\">\n\t\t\t\t\t\t<div class=\"elementor-element elementor-element-a1cf571 elementor-widget elementor-widget-heading\" data-id=\"a1cf571\" data-element_type=\"widget\" data-widget_type=\"heading.default\">\n\t\t\t\t<div class=\"elementor-widget-container\">\n\t\t\t\t\t<h2 class=\"elementor-heading-title elementor-size-default\"><header style=\"font-family: Poppins, sans-serif;font-size: 15px;font-weight: 400;white-space: normal\"><h1 style=\"margin-bottom: 0.2em\">The policy concerning the use of cookies<\/h1><\/header><\/h2>\t\t\t\t<\/div>\n\t\t\t\t<\/div>\n\t\t\t\t\t<\/div>\n\t\t<\/div>\n\t\t\t\t\t<\/div>\n\t\t<\/section>\n\t\t\t\t<section class=\"elementor-section elementor-top-section elementor-element elementor-element-10eae124 elementor-section-boxed elementor-section-height-default elementor-section-height-default\" data-id=\"10eae124\" data-element_type=\"section\">\n\t\t\t\t\t\t<div class=\"elementor-container elementor-column-gap-default\">\n\t\t\t\t\t<div class=\"elementor-column elementor-col-100 elementor-top-column elementor-element elementor-element-5603f692\" data-id=\"5603f692\" data-element_type=\"column\">\n\t\t\t<div class=\"elementor-widget-wrap elementor-element-populated\">\n\t\t\t\t\t\t<div class=\"elementor-element elementor-element-9cd18c2 elementor-widget elementor-widget-text-editor\" data-id=\"9cd18c2\" data-element_type=\"widget\" data-widget_type=\"text-editor.default\">\n\t\t\t\t<div class=\"elementor-widget-container\">\n\t\t\t\t\t\t\t\t\t\n<p><strong>Cookies<br \/><\/strong>To ensure the proper functioning of this site, we sometimes place small data files on your computer, known as cookies.<br \/><strong>What is meant by cookies?<br \/><\/strong>A cookie is a small text file that a site saves on your computer or device your mobile phone when you visit it. Due to cookies, the site retains, over a period of time, actions and your preferences (login, language, font size, and other display preferences). Not like that anymore you must re-enter them each time you return to the site or navigate from one page to another.<br \/><strong>Google Analytics statistics and sites<br \/><\/strong>We also use these technologies to collect usage information and website usage statistics. For example, we collect information about page views and navigation to determine which articles and topics are of interest and whether users can easily find the content. Similarly, we collect information about articles to determine what content is of most interest to users. We also use usage information to generate various reports on the use of websites. These reports contain agregated information about users and does not individually identify users. If you are a registered user, we may also collect information about your specific interests, including what items you have viewed on the site to understand what content interests you the most.<br \/><strong>Cookie categories:<br \/>Strictly Required Cookies<br \/><\/strong>These cookies are necessary for the website to work and cannot be deactivated in our systems. They are usually set only in response to actions you take to request services, such as setting preferences for privacy, login or completion of forms. Without these cookies, some parts of our site or the requested service will be impossible to offer.<br \/><strong>Analytical cookies<br \/><\/strong>These cookies allow us to count visits and traffic sources in order to measure and improve the performance of our site. It helps us find out which pages are the most popular and the least popular and to see how visitors use the site.<br \/>All information collected by these cookies is aggregated, therefore, anonymously. If you do not accept these cookies we will not know when you visited our site and we will not be able to monitor its performance.<br \/><strong>Functionality cookies<br \/><\/strong>These cookies allow the website to provide improved functionality and personalization, including remembering user choices, preferred language or location. They may be set by us or by third party providers services we have added to our pages.<br \/>If you do not accept these cookies, some or all of these services may not work properly.<br \/><strong>Advertising Cookies<br \/><\/strong>These cookies may be set by us or our advertising partners. They could be used by those companies to make a profile of your interests and to show you relevant ads on other sites.\nIt does not directly store personal information, but is based solely on browser and device identification your internet access. If you do not accept these cookies, you will receive less advertising relevance.<br \/>From <a href=\"https:\/\/tools.google.com\/dlpage\/gaoptout\">here<\/a> you can enable the Google Analytics disabling option and change your browser settings your <a href=\"https:\/\/www.aboutcookies.org\/\">here<\/a>.<br \/><strong>How do you disable site tracking?<br \/><\/strong>You can prevent cookies from being saved \/ stored by changing the settings of the browser you are using. But, please note that such action may prevent you from using all functions on this site,\nas well as from other sites in their entirety. In addition, you can prevent, as information generated by a cookie related to your use of the site (including your IP address) to be submitted to google and processed by to google. To do this, click on the following link and download and install the browser shutdown option:<br \/><a href=\"https:\/\/tools.google.com\/dlpage\/gaoptout?hl=ro\">https:\/\/tools.google.com\/dlpage\/gaoptout?hl=ro<\/a><br \/>Our site uses Google Analytics, a web analytics service provided by Google INC. (based in\nUSA, 1600 Amphitheater Parkway, Mountain View, CA 940430). Google Analytics uses cookies (see above the general definition of cookie) which are stored on the device you use and which are intended analyzing your use of our site. This information generated by that cookie is transmitted to the Google server and stored. More details about Google Analytics can be found here:<br \/><a href=\"https:\/\/developers.google.com\/analytics\/devguides\/collection\/analyticsjs\/cookie-usage\">https:\/\/developers.google.com\/analytics\/devguides\/collection\/analyticsjs\/cookie-usage<\/a><\/p>\n\t\t\t\t\t\t\t\t<\/div>\n\t\t\t\t<\/div>\n\t\t\t\t\t<\/div>\n\t\t<\/div>\n\t\t\t\t\t<\/div>\n\t\t<\/section>\n\t\t\t\t<\/div>","protected":false},"excerpt":{"rendered":"<p>Politica privind utilizarea cookie-urilor Cookie-urilePentru a asigura buna func\u021bionare a acestui site, uneori plas\u0103m \u00een computerul dumneavoastr\u0103 mici fi\u0219iere cu date, cunoscute sub numele de cookie-uri.Ce se \u00een\u021belege prin cookie-uri?Cookie-ul este un fi\u015fier text de mici dimensiuni pe care un site \u00eel salveaz\u0103 \u00een calculatorul sau dispozitivul dumneavoastr\u0103 mobil atunci c\u00e2nd \u00eel vizita\u0163i. Datorit\u0103 cookie-urilor, [&hellip;]<\/p>","protected":false},"author":1,"featured_media":0,"parent":0,"menu_order":0,"comment_status":"closed","ping_status":"closed","template":"elementor_theme","meta":{"_uag_custom_page_level_css":"","site-sidebar-layout":"no-sidebar","site-content-layout":"plain-container","ast-site-content-layout":"default","site-content-style":"default","site-sidebar-style":"default","ast-global-header-display":"","ast-banner-title-visibility":"","ast-main-header-display":"","ast-hfb-above-header-display":"","ast-hfb-below-header-display":"","ast-hfb-mobile-header-display":"","site-post-title":"disabled","ast-breadcrumbs-content":"","ast-featured-img":"","footer-sml-layout":"","theme-transparent-header-meta":"default","adv-header-id-meta":"","stick-header-meta":"","header-above-stick-meta":"","header-main-stick-meta":"","header-below-stick-meta":"","astra-migrate-meta-layouts":"default","ast-page-background-enabled":"default","ast-page-background-meta":{"desktop":{"background-color":"","background-image":"","background-repeat":"repeat","background-position":"center center","background-size":"auto","background-attachment":"scroll","background-type":"","background-media":"","overlay-type":"","overlay-color":"","overlay-opacity":"","overlay-gradient":""},"tablet":{"background-color":"","background-image":"","background-repeat":"repeat","background-position":"center center","background-size":"auto","background-attachment":"scroll","background-type":"","background-media":"","overlay-type":"","overlay-color":"","overlay-opacity":"","overlay-gradient":""},"mobile":{"background-color":"","background-image":"","background-repeat":"repeat","background-position":"center center","background-size":"auto","background-attachment":"scroll","background-type":"","background-media":"","overlay-type":"","overlay-color":"","overlay-opacity":"","overlay-gradient":""}},"ast-content-background-meta":{"desktop":{"background-color":"var(--ast-global-color-5)","background-image":"","background-repeat":"repeat","background-position":"center center","background-size":"auto","background-attachment":"scroll","background-type":"","background-media":"","overlay-type":"","overlay-color":"","overlay-opacity":"","overlay-gradient":""},"tablet":{"background-color":"var(--ast-global-color-5)","background-image":"","background-repeat":"repeat","background-position":"center center","background-size":"auto","background-attachment":"scroll","background-type":"","background-media":"","overlay-type":"","overlay-color":"","overlay-opacity":"","overlay-gradient":""},"mobile":{"background-color":"var(--ast-global-color-5)","background-image":"","background-repeat":"repeat","background-position":"center center","background-size":"auto","background-attachment":"scroll","background-type":"","background-media":"","overlay-type":"","overlay-color":"","overlay-opacity":"","overlay-gradient":""}},"footnotes":""},"class_list":["post-610","page","type-page","status-publish","hentry"],"uagb_featured_image_src":{"full":false,"thumbnail":false,"medium":false,"medium_large":false,"large":false,"1536x1536":false,"2048x2048":false,"trp-custom-language-flag":false},"uagb_author_info":{"display_name":"admin","author_link":"https:\/\/cnree.ro\/en\/author\/admin\/"},"uagb_comment_info":0,"uagb_excerpt":"Politica privind utilizarea cookie-urilor Cookie-urilePentru a asigura buna func\u021bionare a acestui site, uneori plas\u0103m \u00een computerul dumneavoastr\u0103 mici fi\u0219iere cu date, cunoscute sub numele de cookie-uri.Ce se \u00een\u021belege prin cookie-uri?Cookie-ul este un fi\u015fier text de mici dimensiuni pe care un site \u00eel salveaz\u0103 \u00een calculatorul sau dispozitivul dumneavoastr\u0103 mobil atunci c\u00e2nd \u00eel vizita\u0163i. Datorit\u0103 cookie-urilor,&hellip;","_links":{"self":[{"href":"https:\/\/cnree.ro\/en\/wp-json\/wp\/v2\/pages\/610","targetHints":{"allow":["GET"]}}],"collection":[{"href":"https:\/\/cnree.ro\/en\/wp-json\/wp\/v2\/pages"}],"about":[{"href":"https:\/\/cnree.ro\/en\/wp-json\/wp\/v2\/types\/page"}],"author":[{"embeddable":true,"href":"https:\/\/cnree.ro\/en\/wp-json\/wp\/v2\/users\/1"}],"replies":[{"embeddable":true,"href":"https:\/\/cnree.ro\/en\/wp-json\/wp\/v2\/comments?post=610"}],"version-history":[{"count":14,"href":"https:\/\/cnree.ro\/en\/wp-json\/wp\/v2\/pages\/610\/revisions"}],"predecessor-version":[{"id":675,"href":"https:\/\/cnree.ro\/en\/wp-json\/wp\/v2\/pages\/610\/revisions\/675"}],"wp:attachment":[{"href":"https:\/\/cnree.ro\/en\/wp-json\/wp\/v2\/media?parent=610"}],"curies":[{"name":"wp","href":"https:\/\/api.w.org\/{rel}","templated":true}]}}